{"id":33354,"date":"2023-07-26T08:43:18","date_gmt":"2023-07-26T08:43:18","guid":{"rendered":"https:\/\/www.gedy.com\/product\/maldive-miroir-grossisant\/"},"modified":"2023-07-26T08:53:17","modified_gmt":"2023-07-26T08:53:17","slug":"maldive-miroir-grossisant","status":"publish","type":"product","link":"https:\/\/www.gedy.com\/fr\/prodotto\/maldive-miroir-grossisant\/","title":{"rendered":"Maldive miroir grossisant"},"content":{"rendered":"","protected":false},"excerpt":{"rendered":"<p>Miroir grossissant mural 3,5x avec verre de s\u00e9curit\u00e9 et cadre extra-r\u00e9sistant. soutien extensible<\/p>\n","protected":false},"featured_media":33062,"comment_status":"open","ping_status":"closed","template":"","meta":{"_acf_changed":false,"_monsterinsights_skip_tracking":false,"_monsterinsights_sitenote_active":false,"_monsterinsights_sitenote_note":"","_monsterinsights_sitenote_category":0},"product_brand":[],"product_cat":[4196,5945,4008],"product_tag":[],"class_list":{"0":"post-33354","1":"product","2":"type-product","3":"status-publish","4":"has-post-thumbnail","6":"product_cat-miroir-grossissants-serie-maldive","7":"product_cat-miroirs-et-eclairage","8":"product_cat-miroirs-grossissants-fr-3","9":"pa_brand-top-design-fr-2","10":"pa_filtri-fattore-di-ingrandimento","11":"pa_fissaggio-con-viti-fr","12":"pa_materiale-cromall-fr","13":"pa_materiale-laiton","14":"pa_materiale-tritan-fr","16":"first","17":"instock","18":"shipping-taxable","19":"product-type-simple"},"acf":{"codice_breve_prodotto":"A601","codice_esteso_prodotto":"0000A6011300000","universale":"","idoneo_al_gel_igienizzante":"","accorciabilita":"","reversibile":"","capacita":"","doccia":"","vasca":"","numero_getti":"","prodotto_riciclato":"","novita":"","materiale":"LAITON, CROMALL\u00ae, TRITAN\u00ae","brand":"Top design","chiusura_soft_close":"","con_cornice":"","fissaggio_2":"Avec VIS","fissaggio_3":"","misure_tecniche":"23,5X9,4\/33,5X23,5","finitura_1_nome":"CHROME","finitura_1_immagine":{"ID":9498,"id":9498,"title":"13","filename":"13.jpg","filesize":9201,"url":"https:\/\/www.gedy.com\/wp-content\/uploads\/2023\/03\/13.jpg","link":"https:\/\/www.gedy.com\/fr\/?attachment_id=9498","alt":"","author":"1","description":"","caption":"","name":"13-2","status":"inherit","uploaded_to":16199,"date":"2023-03-23 15:11:28","modified":"2023-09-28 14:37:39","menu_order":0,"mime_type":"image\/jpeg","type":"image","subtype":"jpeg","icon":"https:\/\/www.gedy.com\/wp-includes\/images\/media\/default.png","width":300,"height":300,"sizes":{"thumbnail":"https:\/\/www.gedy.com\/wp-content\/uploads\/2023\/03\/13-150x150.jpg","thumbnail-width":150,"thumbnail-height":150,"medium":"https:\/\/www.gedy.com\/wp-content\/uploads\/2023\/03\/13-300x300.jpg","medium-width":300,"medium-height":300,"medium_large":"https:\/\/www.gedy.com\/wp-content\/uploads\/2023\/03\/13.jpg","medium_large-width":300,"medium_large-height":300,"large":"https:\/\/www.gedy.com\/wp-content\/uploads\/2023\/03\/13.jpg","large-width":300,"large-height":300,"1536x1536":"https:\/\/www.gedy.com\/wp-content\/uploads\/2023\/03\/13.jpg","1536x1536-width":300,"1536x1536-height":300,"2048x2048":"https:\/\/www.gedy.com\/wp-content\/uploads\/2023\/03\/13.jpg","2048x2048-width":300,"2048x2048-height":300,"wptl-600x450":"https:\/\/www.gedy.com\/wp-content\/uploads\/2023\/03\/13.jpg","wptl-600x450-width":300,"wptl-600x450-height":300,"wptl-320x220":"https:\/\/www.gedy.com\/wp-content\/uploads\/2023\/03\/13-300x220.jpg","wptl-320x220-width":300,"wptl-320x220-height":220,"wptl-100x100":"https:\/\/www.gedy.com\/wp-content\/uploads\/2023\/03\/13-100x100.jpg","wptl-100x100-width":100,"wptl-100x100-height":100,"woocommerce_thumbnail":"https:\/\/www.gedy.com\/wp-content\/uploads\/2023\/03\/13-300x300.jpg","woocommerce_thumbnail-width":300,"woocommerce_thumbnail-height":300,"woocommerce_single":"https:\/\/www.gedy.com\/wp-content\/uploads\/2023\/03\/13.jpg","woocommerce_single-width":300,"woocommerce_single-height":300,"woocommerce_gallery_thumbnail":"https:\/\/www.gedy.com\/wp-content\/uploads\/2023\/03\/13-100x100.jpg","woocommerce_gallery_thumbnail-width":100,"woocommerce_gallery_thumbnail-height":100}},"finitura_1_codice":"13","fattore_di_ingrandimento":"fattore di ingrandimento"},"_links":{"self":[{"href":"https:\/\/www.gedy.com\/fr\/wp-json\/wp\/v2\/product\/33354","targetHints":{"allow":["GET"]}}],"collection":[{"href":"https:\/\/www.gedy.com\/fr\/wp-json\/wp\/v2\/product"}],"about":[{"href":"https:\/\/www.gedy.com\/fr\/wp-json\/wp\/v2\/types\/product"}],"replies":[{"embeddable":true,"href":"https:\/\/www.gedy.com\/fr\/wp-json\/wp\/v2\/comments?post=33354"}],"wp:featuredmedia":[{"embeddable":true,"href":"https:\/\/www.gedy.com\/fr\/wp-json\/wp\/v2\/media\/33062"}],"wp:attachment":[{"href":"https:\/\/www.gedy.com\/fr\/wp-json\/wp\/v2\/media?parent=33354"}],"wp:term":[{"taxonomy":"product_brand","embeddable":true,"href":"https:\/\/www.gedy.com\/fr\/wp-json\/wp\/v2\/product_brand?post=33354"},{"taxonomy":"product_cat","embeddable":true,"href":"https:\/\/www.gedy.com\/fr\/wp-json\/wp\/v2\/product_cat?post=33354"},{"taxonomy":"product_tag","embeddable":true,"href":"https:\/\/www.gedy.com\/fr\/wp-json\/wp\/v2\/product_tag?post=33354"}],"curies":[{"name":"wp","href":"https:\/\/api.w.org\/{rel}","templated":true}]}}