{"id":22674,"date":"2023-07-21T16:24:23","date_gmt":"2023-07-21T16:24:23","guid":{"rendered":"https:\/\/www.gedy.com\/product\/vermont-pro-porte-serviette-45-cm-chrome\/"},"modified":"2024-08-22T12:49:26","modified_gmt":"2024-08-22T12:49:26","slug":"vermont-pro-porte-serviette-45-cm-chrome","status":"publish","type":"product","link":"https:\/\/www.gedy.com\/fr\/prodotto\/vermont-pro-porte-serviette-45-cm-chrome\/","title":{"rendered":"Vermont pro porte serviette 45 cm chrome"},"content":{"rendered":"","protected":false},"excerpt":{"rendered":"<p>Porte-serviettes d&rsquo;une taille de 45 cm<\/p>\n","protected":false},"featured_media":37673,"comment_status":"open","ping_status":"closed","template":"","meta":{"_acf_changed":false,"_monsterinsights_skip_tracking":false,"_monsterinsights_sitenote_active":false,"_monsterinsights_sitenote_note":"","_monsterinsights_sitenote_category":0},"product_brand":[],"product_cat":[438,2032,1250],"product_tag":[],"class_list":{"0":"post-22674","1":"product","2":"type-product","3":"status-publish","4":"has-post-thumbnail","6":"product_cat-accessoires-a-fixer-fr","7":"product_cat-porte-serviettes-vermont-pro-fr","8":"product_cat-vermont-pro-fr","9":"pa_brand-retail-fr-2","10":"pa_fissaggio-con-viti-fr","11":"pa_fissaggio-fissaggio-con-colla-venduta-a-parte-carico-testato-10-kg-fr","12":"pa_materiale-acier-inoxydable","13":"pa_materiale-cromall-fr","15":"first","16":"instock","17":"shipping-taxable","18":"product-type-simple"},"acf":{"codice_breve_prodotto":"4221-45","codice_esteso_prodotto":"000042211345000","capacita":"","progetto":"","design":"","materiale":"ACIER INOXYDABLE, CROMALL\u00ae","brand":"Retail","fissaggio_2":"Avec VIS","fissaggio_3":"FIXATION AVEC COLLE (VENDU S\u00c9PAR\u00c9MENT), CHARGE TEST\u00c9E 10 KG","misure_tecniche":"45,5X9X6","misure_commerciali":"45 CM","finitura_1_nome":"CHROME","finitura_1_codice":"13","idprodotto":"4221-45","dimensione":"","finitura_2_codice":"","finitura_2_nome":"","finitura_3_nome":"","finitura_4_nome":"","finitura_1_immagine":{"ID":9498,"id":9498,"title":"13","filename":"13.jpg","filesize":9201,"url":"https:\/\/www.gedy.com\/wp-content\/uploads\/2023\/03\/13.jpg","link":"https:\/\/www.gedy.com\/fr\/?attachment_id=9498","alt":"","author":"1","description":"","caption":"","name":"13-2","status":"inherit","uploaded_to":16199,"date":"2023-03-23 15:11:28","modified":"2023-09-28 14:37:39","menu_order":0,"mime_type":"image\/jpeg","type":"image","subtype":"jpeg","icon":"https:\/\/www.gedy.com\/wp-includes\/images\/media\/default.png","width":300,"height":300,"sizes":{"thumbnail":"https:\/\/www.gedy.com\/wp-content\/uploads\/2023\/03\/13-150x150.jpg","thumbnail-width":150,"thumbnail-height":150,"medium":"https:\/\/www.gedy.com\/wp-content\/uploads\/2023\/03\/13-300x300.jpg","medium-width":300,"medium-height":300,"medium_large":"https:\/\/www.gedy.com\/wp-content\/uploads\/2023\/03\/13.jpg","medium_large-width":300,"medium_large-height":300,"large":"https:\/\/www.gedy.com\/wp-content\/uploads\/2023\/03\/13.jpg","large-width":300,"large-height":300,"1536x1536":"https:\/\/www.gedy.com\/wp-content\/uploads\/2023\/03\/13.jpg","1536x1536-width":300,"1536x1536-height":300,"2048x2048":"https:\/\/www.gedy.com\/wp-content\/uploads\/2023\/03\/13.jpg","2048x2048-width":300,"2048x2048-height":300,"wptl-600x450":"https:\/\/www.gedy.com\/wp-content\/uploads\/2023\/03\/13.jpg","wptl-600x450-width":300,"wptl-600x450-height":300,"wptl-320x220":"https:\/\/www.gedy.com\/wp-content\/uploads\/2023\/03\/13-300x220.jpg","wptl-320x220-width":300,"wptl-320x220-height":220,"wptl-100x100":"https:\/\/www.gedy.com\/wp-content\/uploads\/2023\/03\/13-100x100.jpg","wptl-100x100-width":100,"wptl-100x100-height":100,"woocommerce_thumbnail":"https:\/\/www.gedy.com\/wp-content\/uploads\/2023\/03\/13-300x300.jpg","woocommerce_thumbnail-width":300,"woocommerce_thumbnail-height":300,"woocommerce_single":"https:\/\/www.gedy.com\/wp-content\/uploads\/2023\/03\/13.jpg","woocommerce_single-width":300,"woocommerce_single-height":300,"woocommerce_gallery_thumbnail":"https:\/\/www.gedy.com\/wp-content\/uploads\/2023\/03\/13-100x100.jpg","woocommerce_gallery_thumbnail-width":100,"woocommerce_gallery_thumbnail-height":100}},"finitura_3_codice":"","finitura_4_codice":""},"_links":{"self":[{"href":"https:\/\/www.gedy.com\/fr\/wp-json\/wp\/v2\/product\/22674","targetHints":{"allow":["GET"]}}],"collection":[{"href":"https:\/\/www.gedy.com\/fr\/wp-json\/wp\/v2\/product"}],"about":[{"href":"https:\/\/www.gedy.com\/fr\/wp-json\/wp\/v2\/types\/product"}],"replies":[{"embeddable":true,"href":"https:\/\/www.gedy.com\/fr\/wp-json\/wp\/v2\/comments?post=22674"}],"wp:featuredmedia":[{"embeddable":true,"href":"https:\/\/www.gedy.com\/fr\/wp-json\/wp\/v2\/media\/37673"}],"wp:attachment":[{"href":"https:\/\/www.gedy.com\/fr\/wp-json\/wp\/v2\/media?parent=22674"}],"wp:term":[{"taxonomy":"product_brand","embeddable":true,"href":"https:\/\/www.gedy.com\/fr\/wp-json\/wp\/v2\/product_brand?post=22674"},{"taxonomy":"product_cat","embeddable":true,"href":"https:\/\/www.gedy.com\/fr\/wp-json\/wp\/v2\/product_cat?post=22674"},{"taxonomy":"product_tag","embeddable":true,"href":"https:\/\/www.gedy.com\/fr\/wp-json\/wp\/v2\/product_tag?post=22674"}],"curies":[{"name":"wp","href":"https:\/\/api.w.org\/{rel}","templated":true}]}}