{"id":122974,"date":"2026-04-29T15:14:26","date_gmt":"2026-04-29T15:14:26","guid":{"rendered":"https:\/\/www.gedy.com\/prodotto\/como-mitigeur-de-baignoire-mecanique-gun-metal\/"},"modified":"2026-04-29T16:27:38","modified_gmt":"2026-04-29T16:27:38","slug":"como-mitigeur-de-baignoire-mecanique-gun-metal","status":"publish","type":"product","link":"https:\/\/www.gedy.com\/fr\/prodotto\/como-mitigeur-de-baignoire-mecanique-gun-metal\/","title":{"rendered":"Como mitigeur de baignoire m\u00e9canique gun metal"},"content":{"rendered":"","protected":false},"excerpt":{"rendered":"<p>Mitigeur de baignoire m\u00e9canique, avec filtre \u00e0 sable, cartouche \u00f8 35 mm, coordonnable avec la ligne murale pirenei<\/p>\n","protected":false},"featured_media":122706,"comment_status":"open","ping_status":"closed","template":"","meta":{"_acf_changed":false,"_monsterinsights_skip_tracking":false,"_monsterinsights_sitenote_active":false,"_monsterinsights_sitenote_note":"","_monsterinsights_sitenote_category":0},"product_brand":[],"product_cat":[10620,2203,10773],"product_tag":[],"class_list":{"0":"post-122974","1":"product","2":"type-product","3":"status-publish","4":"has-post-thumbnail","6":"product_cat-como","7":"product_cat-hydrotherapie-fr","8":"product_cat-melangeurs","9":"pa_brand-gedy-fr-2","10":"pa_filtri-novita-fr","11":"pa_materiale-laiton","13":"first","14":"instock","15":"shipping-taxable","16":"product-type-simple"},"acf":{"codice_breve_prodotto":"MXCO08","codice_esteso_prodotto":"0000MXCO0881000","progetto":"","design":"","misure_tecniche":"21X16,9X9,9","idprodotto":"MXCO08","universale":"","idoneo_al_gel_igienizzante":"","accorciabilita":"","reversibile":"","doccia":"","vasca":"","numero_getti":"","prodotto_riciclato":"","novita":"novit\u00e0","made_in_italy":"","fissaggio_dallalto":"","video":false,"brand":"Gedy","chiusura_soft_close":"","con_cornice":"","fattore_di_ingrandimento":"","fissaggio":"","fissaggio_2":"","misure_commerciali":"","finitura_1_immagine":false,"materiale":"LAITON","finitura_1_codice":"81","finitura_1_nome":"GUN METAL","fissaggio_3":""},"_links":{"self":[{"href":"https:\/\/www.gedy.com\/fr\/wp-json\/wp\/v2\/product\/122974","targetHints":{"allow":["GET"]}}],"collection":[{"href":"https:\/\/www.gedy.com\/fr\/wp-json\/wp\/v2\/product"}],"about":[{"href":"https:\/\/www.gedy.com\/fr\/wp-json\/wp\/v2\/types\/product"}],"replies":[{"embeddable":true,"href":"https:\/\/www.gedy.com\/fr\/wp-json\/wp\/v2\/comments?post=122974"}],"wp:featuredmedia":[{"embeddable":true,"href":"https:\/\/www.gedy.com\/fr\/wp-json\/wp\/v2\/media\/122706"}],"wp:attachment":[{"href":"https:\/\/www.gedy.com\/fr\/wp-json\/wp\/v2\/media?parent=122974"}],"wp:term":[{"taxonomy":"product_brand","embeddable":true,"href":"https:\/\/www.gedy.com\/fr\/wp-json\/wp\/v2\/product_brand?post=122974"},{"taxonomy":"product_cat","embeddable":true,"href":"https:\/\/www.gedy.com\/fr\/wp-json\/wp\/v2\/product_cat?post=122974"},{"taxonomy":"product_tag","embeddable":true,"href":"https:\/\/www.gedy.com\/fr\/wp-json\/wp\/v2\/product_tag?post=122974"}],"curies":[{"name":"wp","href":"https:\/\/api.w.org\/{rel}","templated":true}]}}