{"id":120595,"date":"2026-03-19T10:03:48","date_gmt":"2026-03-19T10:03:48","guid":{"rendered":"https:\/\/www.gedy.com\/product\/ande-etagere-double-porte-serviettes-gun-metal\/"},"modified":"2026-03-19T11:04:24","modified_gmt":"2026-03-19T11:04:24","slug":"ande-etagere-double-porte-serviettes-gun-metal","status":"publish","type":"product","link":"https:\/\/www.gedy.com\/fr\/prodotto\/ande-etagere-double-porte-serviettes-gun-metal\/","title":{"rendered":"Ande \u00e9tag\u00e8re double porte serviettes gun metal"},"content":{"rendered":"","protected":false},"excerpt":{"rendered":"<p>Etag\u00e8re porte serviette double<\/p>\n","protected":false},"featured_media":120826,"comment_status":"open","ping_status":"closed","template":"","meta":{"_acf_changed":false,"_monsterinsights_skip_tracking":false,"_monsterinsights_sitenote_active":false,"_monsterinsights_sitenote_note":"","_monsterinsights_sitenote_category":0},"product_brand":[],"product_cat":[438,10475,10488],"product_tag":[],"class_list":{"0":"post-120595","1":"product","2":"type-product","3":"status-publish","4":"has-post-thumbnail","6":"product_cat-accessoires-a-fixer-fr","7":"product_cat-ande","8":"product_cat-etagere-double-porte-serviettes","9":"pa_brand-gedy-fr-2","10":"pa_filtri-novita-fr","11":"pa_fissaggio-con-viti-fr","12":"pa_materiale-acier-inoxydable-aisi-304","14":"first","15":"instock","16":"shipping-taxable","17":"product-type-simple"},"acf":{"novita":"novit\u00e0","brand":"Gedy","fissaggio_2":"Avec VIS","materiale":"ACIER INOXYDABLE AISI 304","finitura_1_codice":"81","finitura_1_nome":"GUN METAL","fissaggio_3":"","codice_breve_prodotto":"AN35","codice_esteso_prodotto":"0000AN358100000","misure_tecniche":"60x22,1x12,5","idprodotto":"AN35"},"_links":{"self":[{"href":"https:\/\/www.gedy.com\/fr\/wp-json\/wp\/v2\/product\/120595","targetHints":{"allow":["GET"]}}],"collection":[{"href":"https:\/\/www.gedy.com\/fr\/wp-json\/wp\/v2\/product"}],"about":[{"href":"https:\/\/www.gedy.com\/fr\/wp-json\/wp\/v2\/types\/product"}],"replies":[{"embeddable":true,"href":"https:\/\/www.gedy.com\/fr\/wp-json\/wp\/v2\/comments?post=120595"}],"wp:featuredmedia":[{"embeddable":true,"href":"https:\/\/www.gedy.com\/fr\/wp-json\/wp\/v2\/media\/120826"}],"wp:attachment":[{"href":"https:\/\/www.gedy.com\/fr\/wp-json\/wp\/v2\/media?parent=120595"}],"wp:term":[{"taxonomy":"product_brand","embeddable":true,"href":"https:\/\/www.gedy.com\/fr\/wp-json\/wp\/v2\/product_brand?post=120595"},{"taxonomy":"product_cat","embeddable":true,"href":"https:\/\/www.gedy.com\/fr\/wp-json\/wp\/v2\/product_cat?post=120595"},{"taxonomy":"product_tag","embeddable":true,"href":"https:\/\/www.gedy.com\/fr\/wp-json\/wp\/v2\/product_tag?post=120595"}],"curies":[{"name":"wp","href":"https:\/\/api.w.org\/{rel}","templated":true}]}}