{"id":117862,"date":"2025-10-25T09:46:12","date_gmt":"2025-10-25T09:46:12","guid":{"rendered":"https:\/\/www.gedy.com\/product\/seventy-porte-savon-sage-verte-mat-3\/"},"modified":"2025-10-25T10:57:22","modified_gmt":"2025-10-25T10:57:22","slug":"seventy-porte-savon-sage-verte-mat-3","status":"publish","type":"product","link":"https:\/\/www.gedy.com\/fr\/prodotto\/seventy-porte-savon-sage-verte-mat-3\/","title":{"rendered":"Seventy porte savon sage verte mat"},"content":{"rendered":"","protected":false},"excerpt":{"rendered":"<p>Porte-savon fabriqu\u00e9 avec des mat\u00e9riaux recycl\u00e9s de la cha\u00eene durable italienne. produit 100% recyclable<\/p>\n","protected":false},"featured_media":0,"comment_status":"open","ping_status":"closed","template":"","meta":{"_acf_changed":false,"_monsterinsights_skip_tracking":false,"_monsterinsights_sitenote_active":false,"_monsterinsights_sitenote_note":"","_monsterinsights_sitenote_category":0},"product_brand":[],"product_cat":[702,5887,5879],"product_tag":[],"class_list":{"0":"post-117862","1":"product","2":"type-product","3":"status-publish","5":"product_cat-accessoires-a-poser","6":"product_cat-porte-savons-fr-63","7":"product_cat-seventy-ekopla-fr-3","8":"pa_brand-gedy-fr-2","9":"pa_filtri-novita-fr","10":"pa_filtri-prodotto-riciclato-fr","11":"pa_materiale-resines-thermoplastiques-recyclees","13":"first","14":"instock","15":"shipping-taxable","16":"product-type-simple"},"acf":{"prodotto_riciclato":"prodotto riciclato","novita":"novit\u00e0","made_in_italy":"Made in italy","brand":"Gedy","finitura_1_immagine":{"ID":9498,"id":9498,"title":"13","filename":"13.jpg","filesize":9201,"url":"https:\/\/www.gedy.com\/wp-content\/uploads\/2023\/03\/13.jpg","link":"https:\/\/www.gedy.com\/fr\/?attachment_id=9498","alt":"","author":"1","description":"","caption":"","name":"13-2","status":"inherit","uploaded_to":16199,"date":"2023-03-23 15:11:28","modified":"2023-09-28 14:37:39","menu_order":0,"mime_type":"image\/jpeg","type":"image","subtype":"jpeg","icon":"https:\/\/www.gedy.com\/wp-includes\/images\/media\/default.png","width":300,"height":300,"sizes":{"thumbnail":"https:\/\/www.gedy.com\/wp-content\/uploads\/2023\/03\/13-150x150.jpg","thumbnail-width":150,"thumbnail-height":150,"medium":"https:\/\/www.gedy.com\/wp-content\/uploads\/2023\/03\/13-300x300.jpg","medium-width":300,"medium-height":300,"medium_large":"https:\/\/www.gedy.com\/wp-content\/uploads\/2023\/03\/13.jpg","medium_large-width":300,"medium_large-height":300,"large":"https:\/\/www.gedy.com\/wp-content\/uploads\/2023\/03\/13.jpg","large-width":300,"large-height":300,"1536x1536":"https:\/\/www.gedy.com\/wp-content\/uploads\/2023\/03\/13.jpg","1536x1536-width":300,"1536x1536-height":300,"2048x2048":"https:\/\/www.gedy.com\/wp-content\/uploads\/2023\/03\/13.jpg","2048x2048-width":300,"2048x2048-height":300,"wptl-600x450":"https:\/\/www.gedy.com\/wp-content\/uploads\/2023\/03\/13.jpg","wptl-600x450-width":300,"wptl-600x450-height":300,"wptl-320x220":"https:\/\/www.gedy.com\/wp-content\/uploads\/2023\/03\/13-300x220.jpg","wptl-320x220-width":300,"wptl-320x220-height":220,"wptl-100x100":"https:\/\/www.gedy.com\/wp-content\/uploads\/2023\/03\/13-100x100.jpg","wptl-100x100-width":100,"wptl-100x100-height":100,"woocommerce_thumbnail":"https:\/\/www.gedy.com\/wp-content\/uploads\/2023\/03\/13-300x300.jpg","woocommerce_thumbnail-width":300,"woocommerce_thumbnail-height":300,"woocommerce_single":"https:\/\/www.gedy.com\/wp-content\/uploads\/2023\/03\/13.jpg","woocommerce_single-width":300,"woocommerce_single-height":300,"woocommerce_gallery_thumbnail":"https:\/\/www.gedy.com\/wp-content\/uploads\/2023\/03\/13-100x100.jpg","woocommerce_gallery_thumbnail-width":100,"woocommerce_gallery_thumbnail-height":100}},"materiale":"R\u00c9SINES THERMOPLASTIQUES RECYCL\u00c9ES","finitura_1_codice":"13","finitura_1_nome":"NOIR MAT","fissaggio_3":"","codice_breve_prodotto":"6312","codice_esteso_prodotto":"000063121700300","misure_tecniche":"12,4X8X2,1","idprodotto":"6312"},"_links":{"self":[{"href":"https:\/\/www.gedy.com\/fr\/wp-json\/wp\/v2\/product\/117862","targetHints":{"allow":["GET"]}}],"collection":[{"href":"https:\/\/www.gedy.com\/fr\/wp-json\/wp\/v2\/product"}],"about":[{"href":"https:\/\/www.gedy.com\/fr\/wp-json\/wp\/v2\/types\/product"}],"replies":[{"embeddable":true,"href":"https:\/\/www.gedy.com\/fr\/wp-json\/wp\/v2\/comments?post=117862"}],"wp:attachment":[{"href":"https:\/\/www.gedy.com\/fr\/wp-json\/wp\/v2\/media?parent=117862"}],"wp:term":[{"taxonomy":"product_brand","embeddable":true,"href":"https:\/\/www.gedy.com\/fr\/wp-json\/wp\/v2\/product_brand?post=117862"},{"taxonomy":"product_cat","embeddable":true,"href":"https:\/\/www.gedy.com\/fr\/wp-json\/wp\/v2\/product_cat?post=117862"},{"taxonomy":"product_tag","embeddable":true,"href":"https:\/\/www.gedy.com\/fr\/wp-json\/wp\/v2\/product_tag?post=117862"}],"curies":[{"name":"wp","href":"https:\/\/api.w.org\/{rel}","templated":true}]}}