{"id":117858,"date":"2025-10-25T08:37:32","date_gmt":"2025-10-25T08:37:32","guid":{"rendered":"https:\/\/www.gedy.com\/product\/seventy-porte-brosse-a-dents-sage-verte-mat\/"},"modified":"2025-10-25T10:55:39","modified_gmt":"2025-10-25T10:55:39","slug":"seventy-porte-brosse-a-dents-sage-verte-mat","status":"publish","type":"product","link":"https:\/\/www.gedy.com\/fr\/prodotto\/seventy-porte-brosse-a-dents-sage-verte-mat\/","title":{"rendered":"Seventy porte-brosse a dents sage verte mat"},"content":{"rendered":"","protected":false},"excerpt":{"rendered":"<p>Support de brosse \u00e0 dents fabriqu\u00e9 avec des mat\u00e9riaux recycl\u00e9s de la cha\u00eene durable italienne. produit 100% recyclable<\/p>\n","protected":false},"featured_media":117408,"comment_status":"open","ping_status":"closed","template":"","meta":{"_acf_changed":false,"_monsterinsights_skip_tracking":false,"_monsterinsights_sitenote_active":false,"_monsterinsights_sitenote_note":"","_monsterinsights_sitenote_category":0},"product_brand":[],"product_cat":[702,5891,5879],"product_tag":[],"class_list":{"0":"post-117858","1":"product","2":"type-product","3":"status-publish","4":"has-post-thumbnail","6":"product_cat-accessoires-a-poser","7":"product_cat-porte-brosse-a-dents-fr-64","8":"product_cat-seventy-ekopla-fr-3","9":"pa_brand-gedy-fr-2","10":"pa_filtri-novita-fr","11":"pa_filtri-prodotto-riciclato-fr","12":"pa_materiale-resines-thermoplastiques-recyclees","14":"first","15":"instock","16":"shipping-taxable","17":"product-type-simple"},"acf":{"universale":"","idoneo_al_gel_igienizzante":"","accorciabilita":"","reversibile":"","doccia":"","vasca":"","numero_getti":"","prodotto_riciclato":"prodotto riciclato","novita":"novit\u00e0","made_in_italy":"Made in italy","fissaggio_dallalto":"","video":false,"brand":"Gedy","chiusura_soft_close":"","con_cornice":"","fattore_di_ingrandimento":"","fissaggio":"","fissaggio_2":"","misure_commerciali":"","finitura_1_immagine":false,"materiale":"R\u00c9SINES THERMOPLASTIQUES RECYCL\u00c9ES","finitura_1_codice":"12","finitura_1_nome":"NOIR MAT","fissaggio_3":"","codice_breve_prodotto":"6398","codice_esteso_prodotto":"000063981700300","misure_tecniche":"6,5X6,5X12,2","idprodotto":"6398"},"_links":{"self":[{"href":"https:\/\/www.gedy.com\/fr\/wp-json\/wp\/v2\/product\/117858","targetHints":{"allow":["GET"]}}],"collection":[{"href":"https:\/\/www.gedy.com\/fr\/wp-json\/wp\/v2\/product"}],"about":[{"href":"https:\/\/www.gedy.com\/fr\/wp-json\/wp\/v2\/types\/product"}],"replies":[{"embeddable":true,"href":"https:\/\/www.gedy.com\/fr\/wp-json\/wp\/v2\/comments?post=117858"}],"wp:featuredmedia":[{"embeddable":true,"href":"https:\/\/www.gedy.com\/fr\/wp-json\/wp\/v2\/media\/117408"}],"wp:attachment":[{"href":"https:\/\/www.gedy.com\/fr\/wp-json\/wp\/v2\/media?parent=117858"}],"wp:term":[{"taxonomy":"product_brand","embeddable":true,"href":"https:\/\/www.gedy.com\/fr\/wp-json\/wp\/v2\/product_brand?post=117858"},{"taxonomy":"product_cat","embeddable":true,"href":"https:\/\/www.gedy.com\/fr\/wp-json\/wp\/v2\/product_cat?post=117858"},{"taxonomy":"product_tag","embeddable":true,"href":"https:\/\/www.gedy.com\/fr\/wp-json\/wp\/v2\/product_tag?post=117858"}],"curies":[{"name":"wp","href":"https:\/\/api.w.org\/{rel}","templated":true}]}}