{"id":117770,"date":"2025-10-25T09:05:22","date_gmt":"2025-10-25T09:05:22","guid":{"rendered":"https:\/\/www.gedy.com\/product\/seventy-matt-porte-brosse-a-dents-rose-mat\/"},"modified":"2025-10-25T10:28:21","modified_gmt":"2025-10-25T10:28:21","slug":"seventy-matt-porte-brosse-a-dents-rose-mat","status":"publish","type":"product","link":"https:\/\/www.gedy.com\/fr\/prodotto\/seventy-matt-porte-brosse-a-dents-rose-mat\/","title":{"rendered":"Seventy matt porte-brosse a dents rose mat"},"content":{"rendered":"","protected":false},"excerpt":{"rendered":"<p>Support de brosse \u00e0 dents fabriqu\u00e9 avec des mat\u00e9riaux recycl\u00e9s de la cha\u00eene durable italienne. produit 100% recyclable<\/p>\n","protected":false},"featured_media":117520,"comment_status":"open","ping_status":"closed","template":"","meta":{"_acf_changed":false,"_monsterinsights_skip_tracking":false,"_monsterinsights_sitenote_active":false,"_monsterinsights_sitenote_note":"","_monsterinsights_sitenote_category":0},"product_brand":[],"product_cat":[702,10373,10347],"product_tag":[],"class_list":{"0":"post-117770","1":"product","2":"type-product","3":"status-publish","4":"has-post-thumbnail","6":"product_cat-accessoires-a-poser","7":"product_cat-porte-brosse-a-dents-fr-72","8":"product_cat-seventy-matt-fr","9":"pa_brand-gedy-fr-2","10":"pa_filtri-novita-fr","11":"pa_materiale-resine-thermoplastique","13":"first","14":"instock","15":"shipping-taxable","16":"product-type-simple"},"acf":{"universale":"","idoneo_al_gel_igienizzante":"","accorciabilita":"","reversibile":"","doccia":"","vasca":"","numero_getti":"","prodotto_riciclato":"","novita":"novit\u00e0","made_in_italy":"Made in italy","fissaggio_dallalto":"","video":false,"brand":"Gedy","chiusura_soft_close":"","con_cornice":"","fattore_di_ingrandimento":"","fissaggio":"","fissaggio_2":"","misure_commerciali":"","finitura_1_immagine":false,"materiale":"R\u00c9SINES THERMOPLASTIQUES ","finitura_1_codice":"08M","finitura_1_nome":"ROSE MAT","fissaggio_3":"","codice_breve_prodotto":"6398","codice_esteso_prodotto":"0000639810M0300","misure_tecniche":"6,5X6,5X12,2","idprodotto":"6398"},"_links":{"self":[{"href":"https:\/\/www.gedy.com\/fr\/wp-json\/wp\/v2\/product\/117770","targetHints":{"allow":["GET"]}}],"collection":[{"href":"https:\/\/www.gedy.com\/fr\/wp-json\/wp\/v2\/product"}],"about":[{"href":"https:\/\/www.gedy.com\/fr\/wp-json\/wp\/v2\/types\/product"}],"replies":[{"embeddable":true,"href":"https:\/\/www.gedy.com\/fr\/wp-json\/wp\/v2\/comments?post=117770"}],"wp:featuredmedia":[{"embeddable":true,"href":"https:\/\/www.gedy.com\/fr\/wp-json\/wp\/v2\/media\/117520"}],"wp:attachment":[{"href":"https:\/\/www.gedy.com\/fr\/wp-json\/wp\/v2\/media?parent=117770"}],"wp:term":[{"taxonomy":"product_brand","embeddable":true,"href":"https:\/\/www.gedy.com\/fr\/wp-json\/wp\/v2\/product_brand?post=117770"},{"taxonomy":"product_cat","embeddable":true,"href":"https:\/\/www.gedy.com\/fr\/wp-json\/wp\/v2\/product_cat?post=117770"},{"taxonomy":"product_tag","embeddable":true,"href":"https:\/\/www.gedy.com\/fr\/wp-json\/wp\/v2\/product_tag?post=117770"}],"curies":[{"name":"wp","href":"https:\/\/api.w.org\/{rel}","templated":true}]}}