{"id":115820,"date":"2025-10-23T08:31:31","date_gmt":"2025-10-23T08:31:31","guid":{"rendered":"https:\/\/www.gedy.com\/product\/cleo-porte-objets-de-douche-et-etagere-a-serviettes-gun-metal-3\/"},"modified":"2025-10-23T09:06:01","modified_gmt":"2025-10-23T09:06:01","slug":"cleo-porte-objets-de-douche-et-etagere-a-serviettes-gun-metal-3","status":"publish","type":"product","link":"https:\/\/www.gedy.com\/fr\/prodotto\/cleo-porte-objets-de-douche-et-etagere-a-serviettes-gun-metal-3\/","title":{"rendered":"Cleo porte-objets de douche et \u00e9tag\u00e8re \u00e0 serviettes gun metal"},"content":{"rendered":"","protected":false},"excerpt":{"rendered":"<p>Porte-objets de douche et \u00e9tag\u00e8re \u00e0 serviettes 50 cm<\/p>\n","protected":false},"featured_media":115697,"comment_status":"open","ping_status":"closed","template":"","meta":{"_acf_changed":false,"_monsterinsights_skip_tracking":false,"_monsterinsights_sitenote_active":false,"_monsterinsights_sitenote_note":"","_monsterinsights_sitenote_category":0},"product_brand":[],"product_cat":[1366,10223,3963],"product_tag":[],"class_list":{"0":"post-115820","1":"product","2":"type-product","3":"status-publish","4":"has-post-thumbnail","6":"product_cat-accessoires-de-douche","7":"product_cat-cleo-porte-objets-pour-douche","8":"product_cat-porte-objets-pour-douche-fr-9","9":"pa_brand-gedy-fr-2","10":"pa_filtri-novita-fr","11":"pa_fissaggio-con-viti-fr","12":"pa_materiale-acier-inoxydable","14":"first","15":"instock","16":"shipping-taxable","17":"product-type-simple"},"acf":{"universale":"","idoneo_al_gel_igienizzante":"","accorciabilita":"","reversibile":"","doccia":"","vasca":"","numero_getti":"","prodotto_riciclato":"","novita":"novit\u00e0","made_in_italy":"","fissaggio_dallalto":"","video":false,"brand":"Gedy","chiusura_soft_close":"","con_cornice":"","fattore_di_ingrandimento":"","fissaggio":"","fissaggio_2":"Avec VIS","misure_commerciali":"","finitura_1_immagine":false,"materiale":"ACIER INOXYDABLE","finitura_1_codice":"81","finitura_1_nome":"GUN METAL","fissaggio_3":"","codice_breve_prodotto":"2019-50","codice_esteso_prodotto":"000020198150000","misure_tecniche":"50X10X9,5","idprodotto":"2019-50"},"_links":{"self":[{"href":"https:\/\/www.gedy.com\/fr\/wp-json\/wp\/v2\/product\/115820","targetHints":{"allow":["GET"]}}],"collection":[{"href":"https:\/\/www.gedy.com\/fr\/wp-json\/wp\/v2\/product"}],"about":[{"href":"https:\/\/www.gedy.com\/fr\/wp-json\/wp\/v2\/types\/product"}],"replies":[{"embeddable":true,"href":"https:\/\/www.gedy.com\/fr\/wp-json\/wp\/v2\/comments?post=115820"}],"wp:featuredmedia":[{"embeddable":true,"href":"https:\/\/www.gedy.com\/fr\/wp-json\/wp\/v2\/media\/115697"}],"wp:attachment":[{"href":"https:\/\/www.gedy.com\/fr\/wp-json\/wp\/v2\/media?parent=115820"}],"wp:term":[{"taxonomy":"product_brand","embeddable":true,"href":"https:\/\/www.gedy.com\/fr\/wp-json\/wp\/v2\/product_brand?post=115820"},{"taxonomy":"product_cat","embeddable":true,"href":"https:\/\/www.gedy.com\/fr\/wp-json\/wp\/v2\/product_cat?post=115820"},{"taxonomy":"product_tag","embeddable":true,"href":"https:\/\/www.gedy.com\/fr\/wp-json\/wp\/v2\/product_tag?post=115820"}],"curies":[{"name":"wp","href":"https:\/\/api.w.org\/{rel}","templated":true}]}}