{"id":90383,"date":"2024-03-04T14:54:28","date_gmt":"2024-03-04T14:54:28","guid":{"rendered":"https:\/\/www.gedy.com\/product\/wendy-columna-de-pie-con-portarrollos-y-escobillero-blanco-gris\/"},"modified":"2024-03-04T15:06:30","modified_gmt":"2024-03-04T15:06:30","slug":"wendy-columna-de-pie-con-portarrollos-y-escobillero-blanco-gris","status":"publish","type":"product","link":"https:\/\/www.gedy.com\/es\/prodotto\/wendy-columna-de-pie-con-portarrollos-y-escobillero-blanco-gris\/","title":{"rendered":"Wendy columna de pie con portarrollos y escobillero blanco\/gris"},"content":{"rendered":"","protected":false},"excerpt":{"rendered":"<p>Columna de pie con portarrollos y escobillero. cepillo con pu\u00f1o de cerdas negras y copa interna extra\u00edble apto para f\u00e1cil limpieza<\/p>\n","protected":false},"featured_media":98697,"comment_status":"open","ping_status":"closed","template":"","meta":{"_acf_changed":false,"_monsterinsights_skip_tracking":false,"_monsterinsights_sitenote_active":false,"_monsterinsights_sitenote_note":"","_monsterinsights_sitenote_category":0},"product_brand":[],"product_cat":[710,3993,9603],"product_tag":[],"class_list":{"0":"post-90383","1":"product","2":"type-product","3":"status-publish","4":"has-post-thumbnail","6":"product_cat-mobiliario","7":"product_cat-toalleros-de-pie","8":"product_cat-wendy-es","9":"pa_brand-gedy-es-2","10":"pa_materiale-resinas-termoplasticas","12":"first","13":"instock","14":"shipping-taxable","15":"product-type-simple"},"acf":{"universale":"","idoneo_al_gel_igienizzante":"","accorciabilita":"","reversibile":"","doccia":"","vasca":"","numero_getti":"","prodotto_riciclato":"","novita":"","chiusura_soft_close":"","con_cornice":"","fattore_di_ingrandimento":"","codice_breve_prodotto":"7032","codice_esteso_prodotto":"000070327100300","design":"BABLED E CO","made_in_italy":"Made in italy","brand":"Gedy","misure_tecniche":"20,4X16X69,8","idprodotto":"7032","materiale":"RESINAS TERMOPL\u00c1STICAS","finitura_1_codice":"71","finitura_1_nome":"BLANCO\/GRIS","fissaggio_3":"","finitura_1_immagine":{"ID":98687,"id":98687,"title":"71","filename":"71.jpg","filesize":55009,"url":"https:\/\/www.gedy.com\/wp-content\/uploads\/2024\/03\/71.jpg","link":"https:\/\/www.gedy.com\/es\/?attachment_id=98687","alt":"","author":"3","description":"","caption":"","name":"71-2","status":"inherit","uploaded_to":90383,"date":"2024-04-09 08:29:52","modified":"2024-04-09 08:29:52","menu_order":0,"mime_type":"image\/jpeg","type":"image","subtype":"jpeg","icon":"https:\/\/www.gedy.com\/wp-includes\/images\/media\/default.png","width":1500,"height":1500,"sizes":{"thumbnail":"https:\/\/www.gedy.com\/wp-content\/uploads\/2024\/03\/71-150x150.jpg","thumbnail-width":150,"thumbnail-height":150,"medium":"https:\/\/www.gedy.com\/wp-content\/uploads\/2024\/03\/71-300x300.jpg","medium-width":300,"medium-height":300,"medium_large":"https:\/\/www.gedy.com\/wp-content\/uploads\/2024\/03\/71-768x768.jpg","medium_large-width":768,"medium_large-height":768,"large":"https:\/\/www.gedy.com\/wp-content\/uploads\/2024\/03\/71-1024x1024.jpg","large-width":800,"large-height":800,"1536x1536":"https:\/\/www.gedy.com\/wp-content\/uploads\/2024\/03\/71.jpg","1536x1536-width":1500,"1536x1536-height":1500,"2048x2048":"https:\/\/www.gedy.com\/wp-content\/uploads\/2024\/03\/71.jpg","2048x2048-width":1500,"2048x2048-height":1500,"wptl-600x450":"https:\/\/www.gedy.com\/wp-content\/uploads\/2024\/03\/71-600x450.jpg","wptl-600x450-width":600,"wptl-600x450-height":450,"wptl-320x220":"https:\/\/www.gedy.com\/wp-content\/uploads\/2024\/03\/71-320x220.jpg","wptl-320x220-width":320,"wptl-320x220-height":220,"wptl-100x100":"https:\/\/www.gedy.com\/wp-content\/uploads\/2024\/03\/71-100x100.jpg","wptl-100x100-width":100,"wptl-100x100-height":100,"woocommerce_thumbnail":"https:\/\/www.gedy.com\/wp-content\/uploads\/2024\/03\/71-300x300.jpg","woocommerce_thumbnail-width":300,"woocommerce_thumbnail-height":300,"woocommerce_single":"https:\/\/www.gedy.com\/wp-content\/uploads\/2024\/03\/71-600x600.jpg","woocommerce_single-width":600,"woocommerce_single-height":600,"woocommerce_gallery_thumbnail":"https:\/\/www.gedy.com\/wp-content\/uploads\/2024\/03\/71-100x100.jpg","woocommerce_gallery_thumbnail-width":100,"woocommerce_gallery_thumbnail-height":100}}},"_links":{"self":[{"href":"https:\/\/www.gedy.com\/es\/wp-json\/wp\/v2\/product\/90383","targetHints":{"allow":["GET"]}}],"collection":[{"href":"https:\/\/www.gedy.com\/es\/wp-json\/wp\/v2\/product"}],"about":[{"href":"https:\/\/www.gedy.com\/es\/wp-json\/wp\/v2\/types\/product"}],"replies":[{"embeddable":true,"href":"https:\/\/www.gedy.com\/es\/wp-json\/wp\/v2\/comments?post=90383"}],"wp:featuredmedia":[{"embeddable":true,"href":"https:\/\/www.gedy.com\/es\/wp-json\/wp\/v2\/media\/98697"}],"wp:attachment":[{"href":"https:\/\/www.gedy.com\/es\/wp-json\/wp\/v2\/media?parent=90383"}],"wp:term":[{"taxonomy":"product_brand","embeddable":true,"href":"https:\/\/www.gedy.com\/es\/wp-json\/wp\/v2\/product_brand?post=90383"},{"taxonomy":"product_cat","embeddable":true,"href":"https:\/\/www.gedy.com\/es\/wp-json\/wp\/v2\/product_cat?post=90383"},{"taxonomy":"product_tag","embeddable":true,"href":"https:\/\/www.gedy.com\/es\/wp-json\/wp\/v2\/product_tag?post=90383"}],"curies":[{"name":"wp","href":"https:\/\/api.w.org\/{rel}","templated":true}]}}