{"id":87987,"date":"2024-03-01T09:33:10","date_gmt":"2024-03-01T09:33:10","guid":{"rendered":"https:\/\/www.gedy.com\/product\/topazio-asiento-universal-blanco\/"},"modified":"2026-03-06T14:40:15","modified_gmt":"2026-03-06T14:40:15","slug":"topazio-asiento-universal-blanco","status":"publish","type":"product","link":"https:\/\/www.gedy.com\/es\/prodotto\/topazio-asiento-universal-blanco\/","title":{"rendered":"Topazio asiento universal blanco"},"content":{"rendered":"","protected":false},"excerpt":{"rendered":"<p>Asiento de inodoro universal en resinas termoestables con bisagras de acero inoxidable y nylon. plus producto: liberaci\u00f3n f\u00e1cil, higiene f\u00e1cil, fijaci\u00f3n r\u00e1pida, doble fijaci\u00f3n alta baja, fijaci\u00f3n de expansi\u00f3n desde arriba y con cierre soft close.<\/p>\n","protected":false},"featured_media":100819,"comment_status":"open","ping_status":"closed","template":"","meta":{"_acf_changed":false,"_monsterinsights_skip_tracking":false,"_monsterinsights_sitenote_active":false,"_monsterinsights_sitenote_note":"","_monsterinsights_sitenote_category":0},"product_brand":[],"product_cat":[707,6328,6288],"product_tag":[],"class_list":{"0":"post-87987","1":"product","2":"type-product","3":"status-publish","4":"has-post-thumbnail","6":"product_cat-accesorios-zona-wc","7":"product_cat-asientos-de-inodoro","8":"product_cat-topazio-es","9":"pa_brand-gedy-es-2","10":"pa_filtri-chiusura-soft-close-es","11":"pa_filtri-novita-es","12":"pa_filtri-universale-es","13":"pa_materiale-resinas-termoestables","15":"first","16":"instock","17":"shipping-taxable","18":"product-type-simple"},"acf":{"universale":"universale","novita":"novit\u00e0","chiusura_soft_close":"chiusura soft close","finitura_1_immagine":{"ID":9470,"id":9470,"title":"02","filename":"02.jpg","filesize":9198,"url":"https:\/\/www.gedy.com\/wp-content\/uploads\/2023\/03\/02.jpg","link":"https:\/\/www.gedy.com\/es\/?attachment_id=9470","alt":"","author":"1","description":"","caption":"","name":"02-2","status":"inherit","uploaded_to":25109,"date":"2023-03-23 15:11:26","modified":"2023-09-28 14:37:39","menu_order":0,"mime_type":"image\/jpeg","type":"image","subtype":"jpeg","icon":"https:\/\/www.gedy.com\/wp-includes\/images\/media\/default.png","width":300,"height":300,"sizes":{"thumbnail":"https:\/\/www.gedy.com\/wp-content\/uploads\/2023\/03\/02-150x150.jpg","thumbnail-width":150,"thumbnail-height":150,"medium":"https:\/\/www.gedy.com\/wp-content\/uploads\/2023\/03\/02-300x300.jpg","medium-width":300,"medium-height":300,"medium_large":"https:\/\/www.gedy.com\/wp-content\/uploads\/2023\/03\/02.jpg","medium_large-width":300,"medium_large-height":300,"large":"https:\/\/www.gedy.com\/wp-content\/uploads\/2023\/03\/02.jpg","large-width":300,"large-height":300,"1536x1536":"https:\/\/www.gedy.com\/wp-content\/uploads\/2023\/03\/02.jpg","1536x1536-width":300,"1536x1536-height":300,"2048x2048":"https:\/\/www.gedy.com\/wp-content\/uploads\/2023\/03\/02.jpg","2048x2048-width":300,"2048x2048-height":300,"wptl-600x450":"https:\/\/www.gedy.com\/wp-content\/uploads\/2023\/03\/02.jpg","wptl-600x450-width":300,"wptl-600x450-height":300,"wptl-320x220":"https:\/\/www.gedy.com\/wp-content\/uploads\/2023\/03\/02-300x220.jpg","wptl-320x220-width":300,"wptl-320x220-height":220,"wptl-100x100":"https:\/\/www.gedy.com\/wp-content\/uploads\/2023\/03\/02-100x100.jpg","wptl-100x100-width":100,"wptl-100x100-height":100,"woocommerce_thumbnail":"https:\/\/www.gedy.com\/wp-content\/uploads\/2023\/03\/02-300x300.jpg","woocommerce_thumbnail-width":300,"woocommerce_thumbnail-height":300,"woocommerce_single":"https:\/\/www.gedy.com\/wp-content\/uploads\/2023\/03\/02.jpg","woocommerce_single-width":300,"woocommerce_single-height":300,"woocommerce_gallery_thumbnail":"https:\/\/www.gedy.com\/wp-content\/uploads\/2023\/03\/02-100x100.jpg","woocommerce_gallery_thumbnail-width":100,"woocommerce_gallery_thumbnail-height":100}},"codice_breve_prodotto":"4004","codice_esteso_prodotto":"000040040200200","progetto":"","design":"","fissaggio_dallalto":"Fissaggio dall'alto","brand":"Gedy","misure_tecniche":"36,3X43,6X4,5","idprodotto":"4004","materiale":"RESINAS TERMOESTABLES","finitura_1_codice":"02","finitura_1_nome":"BLANCO ","fissaggio_3":"","dimensione":"","finitura_2_codice":"","finitura_3_codice":"","finitura_4_codice":"","finitura_2_nome":"","finitura_3_nome":"","finitura_4_nome":"","capacita":""},"_links":{"self":[{"href":"https:\/\/www.gedy.com\/es\/wp-json\/wp\/v2\/product\/87987","targetHints":{"allow":["GET"]}}],"collection":[{"href":"https:\/\/www.gedy.com\/es\/wp-json\/wp\/v2\/product"}],"about":[{"href":"https:\/\/www.gedy.com\/es\/wp-json\/wp\/v2\/types\/product"}],"replies":[{"embeddable":true,"href":"https:\/\/www.gedy.com\/es\/wp-json\/wp\/v2\/comments?post=87987"}],"wp:featuredmedia":[{"embeddable":true,"href":"https:\/\/www.gedy.com\/es\/wp-json\/wp\/v2\/media\/100819"}],"wp:attachment":[{"href":"https:\/\/www.gedy.com\/es\/wp-json\/wp\/v2\/media?parent=87987"}],"wp:term":[{"taxonomy":"product_brand","embeddable":true,"href":"https:\/\/www.gedy.com\/es\/wp-json\/wp\/v2\/product_brand?post=87987"},{"taxonomy":"product_cat","embeddable":true,"href":"https:\/\/www.gedy.com\/es\/wp-json\/wp\/v2\/product_cat?post=87987"},{"taxonomy":"product_tag","embeddable":true,"href":"https:\/\/www.gedy.com\/es\/wp-json\/wp\/v2\/product_tag?post=87987"}],"curies":[{"name":"wp","href":"https:\/\/api.w.org\/{rel}","templated":true}]}}