{"id":86286,"date":"2024-02-29T08:43:46","date_gmt":"2024-02-29T08:43:46","guid":{"rendered":"https:\/\/www.gedy.com\/product\/delos-lampara-de-led-negro-mate\/"},"modified":"2024-02-29T08:58:44","modified_gmt":"2024-02-29T08:58:44","slug":"delos-lampara-de-led-negro-mate","status":"publish","type":"product","link":"https:\/\/www.gedy.com\/es\/prodotto\/delos-lampara-de-led-negro-mate\/","title":{"rendered":"Delos l\u00e1mpara de led negro mate"},"content":{"rendered":"","protected":false},"excerpt":{"rendered":"<p>L\u00e1mpara de led con fijaci\u00f3n para espejos sin mrco (max. 4,5 mm). led ip44, ii classe, rohs, class exempt group en 62471, 4,7w &#8211; 5600\u00b0k &#8211; cri&gt;90 &#8211; 220v- 50-60hz &#8211; 600 lumen.<\/p>\n","protected":false},"featured_media":101891,"comment_status":"open","ping_status":"closed","template":"","meta":{"_acf_changed":false,"_monsterinsights_skip_tracking":false,"_monsterinsights_sitenote_active":false,"_monsterinsights_sitenote_note":"","_monsterinsights_sitenote_category":0},"product_brand":[],"product_cat":[9262,5947,9266],"product_tag":[],"class_list":{"0":"post-86286","1":"product","2":"type-product","3":"status-publish","4":"has-post-thumbnail","6":"product_cat-delos-es","7":"product_cat-espejos-e-iluminacion","8":"product_cat-lamparas-led","9":"pa_brand-top-design-es-2","10":"pa_filtri-novita-es","11":"pa_fissaggio-con-viti-es","12":"pa_materiale-resinas-termoplasticas","14":"first","15":"instock","16":"shipping-taxable","17":"product-type-simple"},"acf":{"universale":"","idoneo_al_gel_igienizzante":"","accorciabilita":"","reversibile":"","doccia":"","vasca":"","numero_getti":"","prodotto_riciclato":"","novita":"novit\u00e0","chiusura_soft_close":"","con_cornice":"","fattore_di_ingrandimento":"","finitura_1_immagine":{"ID":9505,"id":9505,"title":"14","filename":"14.jpg","filesize":9198,"url":"https:\/\/www.gedy.com\/wp-content\/uploads\/2023\/03\/14.jpg","link":"https:\/\/www.gedy.com\/es\/?attachment_id=9505","alt":"","author":"1","description":"","caption":"","name":"14-2","status":"inherit","uploaded_to":16386,"date":"2023-03-23 15:11:29","modified":"2023-09-28 14:37:40","menu_order":0,"mime_type":"image\/jpeg","type":"image","subtype":"jpeg","icon":"https:\/\/www.gedy.com\/wp-includes\/images\/media\/default.png","width":300,"height":300,"sizes":{"thumbnail":"https:\/\/www.gedy.com\/wp-content\/uploads\/2023\/03\/14-150x150.jpg","thumbnail-width":150,"thumbnail-height":150,"medium":"https:\/\/www.gedy.com\/wp-content\/uploads\/2023\/03\/14-300x300.jpg","medium-width":300,"medium-height":300,"medium_large":"https:\/\/www.gedy.com\/wp-content\/uploads\/2023\/03\/14.jpg","medium_large-width":300,"medium_large-height":300,"large":"https:\/\/www.gedy.com\/wp-content\/uploads\/2023\/03\/14.jpg","large-width":300,"large-height":300,"1536x1536":"https:\/\/www.gedy.com\/wp-content\/uploads\/2023\/03\/14.jpg","1536x1536-width":300,"1536x1536-height":300,"2048x2048":"https:\/\/www.gedy.com\/wp-content\/uploads\/2023\/03\/14.jpg","2048x2048-width":300,"2048x2048-height":300,"wptl-600x450":"https:\/\/www.gedy.com\/wp-content\/uploads\/2023\/03\/14.jpg","wptl-600x450-width":300,"wptl-600x450-height":300,"wptl-320x220":"https:\/\/www.gedy.com\/wp-content\/uploads\/2023\/03\/14-300x220.jpg","wptl-320x220-width":300,"wptl-320x220-height":220,"wptl-100x100":"https:\/\/www.gedy.com\/wp-content\/uploads\/2023\/03\/14-100x100.jpg","wptl-100x100-width":100,"wptl-100x100-height":100,"woocommerce_thumbnail":"https:\/\/www.gedy.com\/wp-content\/uploads\/2023\/03\/14-300x300.jpg","woocommerce_thumbnail-width":300,"woocommerce_thumbnail-height":300,"woocommerce_single":"https:\/\/www.gedy.com\/wp-content\/uploads\/2023\/03\/14.jpg","woocommerce_single-width":300,"woocommerce_single-height":300,"woocommerce_gallery_thumbnail":"https:\/\/www.gedy.com\/wp-content\/uploads\/2023\/03\/14-100x100.jpg","woocommerce_gallery_thumbnail-width":100,"woocommerce_gallery_thumbnail-height":100}},"codice_breve_prodotto":"D042","codice_esteso_prodotto":"0000D0421400000","brand":"Top design","fissaggio_2":"Con TORNILLOS","misure_tecniche":"8,8X8,8X9,7","idprodotto":"D042","materiale":"RESINAS TERMOPL\u00c1STICAS","finitura_1_codice":"14","finitura_1_nome":"NEGRO MATE","fissaggio_3":""},"_links":{"self":[{"href":"https:\/\/www.gedy.com\/es\/wp-json\/wp\/v2\/product\/86286","targetHints":{"allow":["GET"]}}],"collection":[{"href":"https:\/\/www.gedy.com\/es\/wp-json\/wp\/v2\/product"}],"about":[{"href":"https:\/\/www.gedy.com\/es\/wp-json\/wp\/v2\/types\/product"}],"replies":[{"embeddable":true,"href":"https:\/\/www.gedy.com\/es\/wp-json\/wp\/v2\/comments?post=86286"}],"wp:featuredmedia":[{"embeddable":true,"href":"https:\/\/www.gedy.com\/es\/wp-json\/wp\/v2\/media\/101891"}],"wp:attachment":[{"href":"https:\/\/www.gedy.com\/es\/wp-json\/wp\/v2\/media?parent=86286"}],"wp:term":[{"taxonomy":"product_brand","embeddable":true,"href":"https:\/\/www.gedy.com\/es\/wp-json\/wp\/v2\/product_brand?post=86286"},{"taxonomy":"product_cat","embeddable":true,"href":"https:\/\/www.gedy.com\/es\/wp-json\/wp\/v2\/product_cat?post=86286"},{"taxonomy":"product_tag","embeddable":true,"href":"https:\/\/www.gedy.com\/es\/wp-json\/wp\/v2\/product_tag?post=86286"}],"curies":[{"name":"wp","href":"https:\/\/api.w.org\/{rel}","templated":true}]}}