{"id":83455,"date":"2024-02-12T11:34:16","date_gmt":"2024-02-12T11:34:16","guid":{"rendered":"https:\/\/www.gedy.com\/product\/easy-01-columna-de-ducha-regulable-blanco-cromado\/"},"modified":"2024-02-12T11:59:37","modified_gmt":"2024-02-12T11:59:37","slug":"easy-01-columna-de-ducha-regulable-blanco-cromado","status":"publish","type":"product","link":"https:\/\/www.gedy.com\/es\/prodotto\/easy-01-columna-de-ducha-regulable-blanco-cromado\/","title":{"rendered":"Easy 01 columna de ducha regulable blanco\/cromado"},"content":{"rendered":"","protected":false},"excerpt":{"rendered":"<p>Columna de ducha regulable 100 cm, rociador 1 chorro \u00f8 23 cm, mango de ducha 3 chorros, flexo de acero inoxidable doble grapado 150 cm 1\/2&#215;1\/2 con sistema cono, flexo de acero inoxidable doble grapado 60 cm 1\/2&#215;1\/2, cartucho desviador de agua de 2 v\u00edas. plus producto: presencia de microagujeros que crea un efecto nebuloso, conexi\u00f3n universal, filtro antisha y tiene una reducci\u00f3n en el ahorro de agua del 50%. boquillas con sistema de limpieza f\u00e1cil. el flexible es resistente a la torsi\u00f3n, resistente a la flexi\u00f3n y es resistente a una temperatura de 90\u00b0<\/p>\n","protected":false},"featured_media":83213,"comment_status":"open","ping_status":"closed","template":"","meta":{"_acf_changed":false,"_monsterinsights_skip_tracking":false,"_monsterinsights_sitenote_active":false,"_monsterinsights_sitenote_note":"","_monsterinsights_sitenote_category":0},"product_brand":[],"product_cat":[8250,7287,2204],"product_tag":[],"class_list":{"0":"post-83455","1":"product","2":"type-product","3":"status-publish","4":"has-post-thumbnail","6":"product_cat-columna-de-ducha-easy-01","7":"product_cat-columnas-de-ducha","8":"product_cat-hidroterapia","9":"pa_brand-gedy-es-2","10":"pa_filtri-universale-es","11":"pa_materiale-abs-es","12":"pa_materiale-acero-inoxidable","13":"pa_numero-getti-3-es-2","15":"first","16":"instock","17":"shipping-taxable","18":"product-type-simple"},"acf":{"idoneo_al_gel_igienizzante":"","accorciabilita":"","reversibile":"","doccia":"","vasca":"","numero_getti":"3 getti","prodotto_riciclato":"","novita":"","chiusura_soft_close":"","con_cornice":"","fattore_di_ingrandimento":"","codice_breve_prodotto":"GYSC10001","codice_esteso_prodotto":"0000GYSC1000160","brand":"Gedy","misure_tecniche":"23X46X100","idprodotto":"GYSC10001","materiale":"ACERO INOXIDABLE, ABS","finitura_1_codice":"23","finitura_1_nome":"BLANCO\/CROMADO","fissaggio_3":"","universale":"","finitura_1_immagine":{"ID":71279,"id":71279,"title":"23","filename":"23.jpg","filesize":5798,"url":"https:\/\/www.gedy.com\/wp-content\/uploads\/2024\/01\/23.jpg","link":"https:\/\/www.gedy.com\/es\/?attachment_id=71279","alt":"","author":"1","description":"","caption":"","name":"23-2","status":"inherit","uploaded_to":72015,"date":"2024-01-30 16:38:25","modified":"2024-02-19 09:32:28","menu_order":0,"mime_type":"image\/jpeg","type":"image","subtype":"jpeg","icon":"https:\/\/www.gedy.com\/wp-includes\/images\/media\/default.png","width":300,"height":299,"sizes":{"thumbnail":"https:\/\/www.gedy.com\/wp-content\/uploads\/2024\/01\/23-150x150.jpg","thumbnail-width":150,"thumbnail-height":150,"medium":"https:\/\/www.gedy.com\/wp-content\/uploads\/2024\/01\/23.jpg","medium-width":300,"medium-height":299,"medium_large":"https:\/\/www.gedy.com\/wp-content\/uploads\/2024\/01\/23.jpg","medium_large-width":300,"medium_large-height":299,"large":"https:\/\/www.gedy.com\/wp-content\/uploads\/2024\/01\/23.jpg","large-width":300,"large-height":299,"1536x1536":"https:\/\/www.gedy.com\/wp-content\/uploads\/2024\/01\/23.jpg","1536x1536-width":300,"1536x1536-height":299,"2048x2048":"https:\/\/www.gedy.com\/wp-content\/uploads\/2024\/01\/23.jpg","2048x2048-width":300,"2048x2048-height":299,"wptl-600x450":"https:\/\/www.gedy.com\/wp-content\/uploads\/2024\/01\/23.jpg","wptl-600x450-width":300,"wptl-600x450-height":299,"wptl-320x220":"https:\/\/www.gedy.com\/wp-content\/uploads\/2024\/01\/23-300x220.jpg","wptl-320x220-width":300,"wptl-320x220-height":220,"wptl-100x100":"https:\/\/www.gedy.com\/wp-content\/uploads\/2024\/01\/23-100x100.jpg","wptl-100x100-width":100,"wptl-100x100-height":100,"woocommerce_thumbnail":"https:\/\/www.gedy.com\/wp-content\/uploads\/2024\/01\/23.jpg","woocommerce_thumbnail-width":300,"woocommerce_thumbnail-height":299,"woocommerce_single":"https:\/\/www.gedy.com\/wp-content\/uploads\/2024\/01\/23.jpg","woocommerce_single-width":300,"woocommerce_single-height":299,"woocommerce_gallery_thumbnail":"https:\/\/www.gedy.com\/wp-content\/uploads\/2024\/01\/23-100x100.jpg","woocommerce_gallery_thumbnail-width":100,"woocommerce_gallery_thumbnail-height":100}}},"_links":{"self":[{"href":"https:\/\/www.gedy.com\/es\/wp-json\/wp\/v2\/product\/83455","targetHints":{"allow":["GET"]}}],"collection":[{"href":"https:\/\/www.gedy.com\/es\/wp-json\/wp\/v2\/product"}],"about":[{"href":"https:\/\/www.gedy.com\/es\/wp-json\/wp\/v2\/types\/product"}],"replies":[{"embeddable":true,"href":"https:\/\/www.gedy.com\/es\/wp-json\/wp\/v2\/comments?post=83455"}],"wp:featuredmedia":[{"embeddable":true,"href":"https:\/\/www.gedy.com\/es\/wp-json\/wp\/v2\/media\/83213"}],"wp:attachment":[{"href":"https:\/\/www.gedy.com\/es\/wp-json\/wp\/v2\/media?parent=83455"}],"wp:term":[{"taxonomy":"product_brand","embeddable":true,"href":"https:\/\/www.gedy.com\/es\/wp-json\/wp\/v2\/product_brand?post=83455"},{"taxonomy":"product_cat","embeddable":true,"href":"https:\/\/www.gedy.com\/es\/wp-json\/wp\/v2\/product_cat?post=83455"},{"taxonomy":"product_tag","embeddable":true,"href":"https:\/\/www.gedy.com\/es\/wp-json\/wp\/v2\/product_tag?post=83455"}],"curies":[{"name":"wp","href":"https:\/\/api.w.org\/{rel}","templated":true}]}}