{"id":79719,"date":"2024-02-07T15:32:51","date_gmt":"2024-02-07T15:32:51","guid":{"rendered":"https:\/\/www.gedy.com\/product\/diablo-secador-de-manos-electrico-con-fotocelula-gris\/"},"modified":"2026-03-06T15:13:07","modified_gmt":"2026-03-06T15:13:07","slug":"diablo-secador-de-manos-electrico-con-fotocelula-gris","status":"publish","type":"product","link":"https:\/\/www.gedy.com\/es\/prodotto\/diablo-secador-de-manos-electrico-con-fotocelula-gris\/","title":{"rendered":"Diablo secador de manos el\u00e9ctrico con fotoc\u00e9lula gris"},"content":{"rendered":"","protected":false},"excerpt":{"rendered":"<p>Toallas de mano el\u00e9ctricas eco-jet con inserci\u00f3n vertical 1450w, producto de ahorro energ\u00e9tico, velocidad de aire 410 km\/h con secado en 10\/15 sec. classe ii &#8211; ip34 &#8211; 220-240 v &#8211; 50-60hz<\/p>\n","protected":false},"featured_media":96583,"comment_status":"open","ping_status":"closed","template":"","meta":{"_acf_changed":false,"_monsterinsights_skip_tracking":false,"_monsterinsights_sitenote_active":false,"_monsterinsights_sitenote_note":"","_monsterinsights_sitenote_category":0},"product_brand":[],"product_cat":[1312,8788,8733],"product_tag":[],"class_list":{"0":"post-79719","1":"product","2":"type-product","3":"status-publish","4":"has-post-thumbnail","6":"product_cat-contract-es","7":"product_cat-diablo-es","8":"product_cat-secadores-de-manos","9":"pa_brand-gedy-es-2","10":"pa_materiale-abs-es","12":"first","13":"instock","14":"shipping-taxable","15":"product-type-simple"},"acf":{"finitura_1_immagine":{"ID":9485,"id":9485,"title":"08","filename":"08.jpg","filesize":9280,"url":"https:\/\/www.gedy.com\/wp-content\/uploads\/2023\/03\/08.jpg","link":"https:\/\/www.gedy.com\/es\/?attachment_id=9485","alt":"","author":"1","description":"","caption":"","name":"08-2","status":"inherit","uploaded_to":32601,"date":"2023-03-23 15:11:27","modified":"2023-09-28 14:37:39","menu_order":0,"mime_type":"image\/jpeg","type":"image","subtype":"jpeg","icon":"https:\/\/www.gedy.com\/wp-includes\/images\/media\/default.png","width":300,"height":300,"sizes":{"thumbnail":"https:\/\/www.gedy.com\/wp-content\/uploads\/2023\/03\/08-150x150.jpg","thumbnail-width":150,"thumbnail-height":150,"medium":"https:\/\/www.gedy.com\/wp-content\/uploads\/2023\/03\/08-300x300.jpg","medium-width":300,"medium-height":300,"medium_large":"https:\/\/www.gedy.com\/wp-content\/uploads\/2023\/03\/08.jpg","medium_large-width":300,"medium_large-height":300,"large":"https:\/\/www.gedy.com\/wp-content\/uploads\/2023\/03\/08.jpg","large-width":300,"large-height":300,"1536x1536":"https:\/\/www.gedy.com\/wp-content\/uploads\/2023\/03\/08.jpg","1536x1536-width":300,"1536x1536-height":300,"2048x2048":"https:\/\/www.gedy.com\/wp-content\/uploads\/2023\/03\/08.jpg","2048x2048-width":300,"2048x2048-height":300,"wptl-600x450":"https:\/\/www.gedy.com\/wp-content\/uploads\/2023\/03\/08.jpg","wptl-600x450-width":300,"wptl-600x450-height":300,"wptl-320x220":"https:\/\/www.gedy.com\/wp-content\/uploads\/2023\/03\/08-300x220.jpg","wptl-320x220-width":300,"wptl-320x220-height":220,"wptl-100x100":"https:\/\/www.gedy.com\/wp-content\/uploads\/2023\/03\/08-100x100.jpg","wptl-100x100-width":100,"wptl-100x100-height":100,"woocommerce_thumbnail":"https:\/\/www.gedy.com\/wp-content\/uploads\/2023\/03\/08-300x300.jpg","woocommerce_thumbnail-width":300,"woocommerce_thumbnail-height":300,"woocommerce_single":"https:\/\/www.gedy.com\/wp-content\/uploads\/2023\/03\/08.jpg","woocommerce_single-width":300,"woocommerce_single-height":300,"woocommerce_gallery_thumbnail":"https:\/\/www.gedy.com\/wp-content\/uploads\/2023\/03\/08-100x100.jpg","woocommerce_gallery_thumbnail-width":100,"woocommerce_gallery_thumbnail-height":100}},"codice_breve_prodotto":"2453","codice_esteso_prodotto":"000024530800000","progetto":"","design":"","made_in_italy":"Made in italy","brand":"Gedy","misure_tecniche":"29,6X17,7X56,6","idprodotto":"2453","materiale":"ABS","finitura_1_codice":"08","finitura_1_nome":"GRIS","fissaggio_3":"","dimensione":"","finitura_2_codice":"","finitura_3_codice":"","finitura_4_codice":"","finitura_2_nome":"","finitura_3_nome":"","finitura_4_nome":"","capacita":""},"_links":{"self":[{"href":"https:\/\/www.gedy.com\/es\/wp-json\/wp\/v2\/product\/79719","targetHints":{"allow":["GET"]}}],"collection":[{"href":"https:\/\/www.gedy.com\/es\/wp-json\/wp\/v2\/product"}],"about":[{"href":"https:\/\/www.gedy.com\/es\/wp-json\/wp\/v2\/types\/product"}],"replies":[{"embeddable":true,"href":"https:\/\/www.gedy.com\/es\/wp-json\/wp\/v2\/comments?post=79719"}],"wp:featuredmedia":[{"embeddable":true,"href":"https:\/\/www.gedy.com\/es\/wp-json\/wp\/v2\/media\/96583"}],"wp:attachment":[{"href":"https:\/\/www.gedy.com\/es\/wp-json\/wp\/v2\/media?parent=79719"}],"wp:term":[{"taxonomy":"product_brand","embeddable":true,"href":"https:\/\/www.gedy.com\/es\/wp-json\/wp\/v2\/product_brand?post=79719"},{"taxonomy":"product_cat","embeddable":true,"href":"https:\/\/www.gedy.com\/es\/wp-json\/wp\/v2\/product_cat?post=79719"},{"taxonomy":"product_tag","embeddable":true,"href":"https:\/\/www.gedy.com\/es\/wp-json\/wp\/v2\/product_tag?post=79719"}],"curies":[{"name":"wp","href":"https:\/\/api.w.org\/{rel}","templated":true}]}}