{"id":77999,"date":"2024-02-06T17:05:21","date_gmt":"2024-02-06T17:05:21","guid":{"rendered":"https:\/\/www.gedy.com\/product\/conjunto-de-ducha-mango-de-ducha-3-chorros-blanco\/"},"modified":"2024-02-06T17:24:14","modified_gmt":"2024-02-06T17:24:14","slug":"conjunto-de-ducha-mango-de-ducha-3-chorros-blanco","status":"publish","type":"product","link":"https:\/\/www.gedy.com\/es\/prodotto\/conjunto-de-ducha-mango-de-ducha-3-chorros-blanco\/","title":{"rendered":"Conjunto de ducha, mango de ducha 3 chorros blanco"},"content":{"rendered":"","protected":false},"excerpt":{"rendered":"<p>Kit mango de ducha para lavabo con 3 chorros, soporte fijo, fiexo en pvc. plus producto: presencia de microagujeros, conexi\u00f3n universal, filtro antisha y tiene una reducci\u00f3n en el ahorro de agua del 50%. boquillas con sistema de limpieza f\u00e1cil. el flexible es resistente a la torsi\u00f3n, resistente a la flexi\u00f3n y es resistente a una temperatura de 90\u00b0<\/p>\n","protected":false},"featured_media":95663,"comment_status":"open","ping_status":"closed","template":"","meta":{"_acf_changed":false,"_monsterinsights_skip_tracking":false,"_monsterinsights_sitenote_active":false,"_monsterinsights_sitenote_note":"","_monsterinsights_sitenote_category":0},"product_brand":[],"product_cat":[7293,7780,2204],"product_tag":[],"class_list":{"0":"post-77999","1":"product","2":"type-product","3":"status-publish","4":"has-post-thumbnail","6":"product_cat-conjuntos-de-ducha","7":"product_cat-duplex-easy-07-es","8":"product_cat-hidroterapia","9":"pa_brand-gedy-es-2","10":"pa_filtri-novita-es","11":"pa_filtri-universale-es","12":"pa_materiale-pvc-es","13":"pa_numero-getti-3-es-2","15":"first","16":"instock","17":"shipping-taxable","18":"product-type-simple"},"acf":{"idoneo_al_gel_igienizzante":"","accorciabilita":"","reversibile":"","doccia":"","vasca":"","numero_getti":"3 getti","prodotto_riciclato":"","chiusura_soft_close":"","con_cornice":"","fattore_di_ingrandimento":"","finitura_1_immagine":{"ID":9470,"id":9470,"title":"02","filename":"02.jpg","filesize":9198,"url":"https:\/\/www.gedy.com\/wp-content\/uploads\/2023\/03\/02.jpg","link":"https:\/\/www.gedy.com\/es\/?attachment_id=9470","alt":"","author":"1","description":"","caption":"","name":"02-2","status":"inherit","uploaded_to":25109,"date":"2023-03-23 15:11:26","modified":"2023-09-28 14:37:39","menu_order":0,"mime_type":"image\/jpeg","type":"image","subtype":"jpeg","icon":"https:\/\/www.gedy.com\/wp-includes\/images\/media\/default.png","width":300,"height":300,"sizes":{"thumbnail":"https:\/\/www.gedy.com\/wp-content\/uploads\/2023\/03\/02-150x150.jpg","thumbnail-width":150,"thumbnail-height":150,"medium":"https:\/\/www.gedy.com\/wp-content\/uploads\/2023\/03\/02-300x300.jpg","medium-width":300,"medium-height":300,"medium_large":"https:\/\/www.gedy.com\/wp-content\/uploads\/2023\/03\/02.jpg","medium_large-width":300,"medium_large-height":300,"large":"https:\/\/www.gedy.com\/wp-content\/uploads\/2023\/03\/02.jpg","large-width":300,"large-height":300,"1536x1536":"https:\/\/www.gedy.com\/wp-content\/uploads\/2023\/03\/02.jpg","1536x1536-width":300,"1536x1536-height":300,"2048x2048":"https:\/\/www.gedy.com\/wp-content\/uploads\/2023\/03\/02.jpg","2048x2048-width":300,"2048x2048-height":300,"wptl-600x450":"https:\/\/www.gedy.com\/wp-content\/uploads\/2023\/03\/02.jpg","wptl-600x450-width":300,"wptl-600x450-height":300,"wptl-320x220":"https:\/\/www.gedy.com\/wp-content\/uploads\/2023\/03\/02-300x220.jpg","wptl-320x220-width":300,"wptl-320x220-height":220,"wptl-100x100":"https:\/\/www.gedy.com\/wp-content\/uploads\/2023\/03\/02-100x100.jpg","wptl-100x100-width":100,"wptl-100x100-height":100,"woocommerce_thumbnail":"https:\/\/www.gedy.com\/wp-content\/uploads\/2023\/03\/02-300x300.jpg","woocommerce_thumbnail-width":300,"woocommerce_thumbnail-height":300,"woocommerce_single":"https:\/\/www.gedy.com\/wp-content\/uploads\/2023\/03\/02.jpg","woocommerce_single-width":300,"woocommerce_single-height":300,"woocommerce_gallery_thumbnail":"https:\/\/www.gedy.com\/wp-content\/uploads\/2023\/03\/02-100x100.jpg","woocommerce_gallery_thumbnail-width":100,"woocommerce_gallery_thumbnail-height":100}},"codice_breve_prodotto":"GYSK10007","codice_esteso_prodotto":"0000GYSK1000730","brand":"Gedy","misure_tecniche":"6,5X7,5X16","idprodotto":"GYSK10007","materiale":"PVC","finitura_1_codice":"02","finitura_1_nome":"BLANCO","fissaggio_3":"","universale":"","novita":"novit\u00e0"},"_links":{"self":[{"href":"https:\/\/www.gedy.com\/es\/wp-json\/wp\/v2\/product\/77999","targetHints":{"allow":["GET"]}}],"collection":[{"href":"https:\/\/www.gedy.com\/es\/wp-json\/wp\/v2\/product"}],"about":[{"href":"https:\/\/www.gedy.com\/es\/wp-json\/wp\/v2\/types\/product"}],"replies":[{"embeddable":true,"href":"https:\/\/www.gedy.com\/es\/wp-json\/wp\/v2\/comments?post=77999"}],"wp:featuredmedia":[{"embeddable":true,"href":"https:\/\/www.gedy.com\/es\/wp-json\/wp\/v2\/media\/95663"}],"wp:attachment":[{"href":"https:\/\/www.gedy.com\/es\/wp-json\/wp\/v2\/media?parent=77999"}],"wp:term":[{"taxonomy":"product_brand","embeddable":true,"href":"https:\/\/www.gedy.com\/es\/wp-json\/wp\/v2\/product_brand?post=77999"},{"taxonomy":"product_cat","embeddable":true,"href":"https:\/\/www.gedy.com\/es\/wp-json\/wp\/v2\/product_cat?post=77999"},{"taxonomy":"product_tag","embeddable":true,"href":"https:\/\/www.gedy.com\/es\/wp-json\/wp\/v2\/product_tag?post=77999"}],"curies":[{"name":"wp","href":"https:\/\/api.w.org\/{rel}","templated":true}]}}