{"id":77696,"date":"2024-02-06T16:01:22","date_gmt":"2024-02-06T16:01:22","guid":{"rendered":"https:\/\/www.gedy.com\/product\/style-00-panel-de-ducha-en-cristal-templado-plata\/"},"modified":"2024-02-06T16:23:32","modified_gmt":"2024-02-06T16:23:32","slug":"style-00-panel-de-ducha-en-cristal-templado-plata","status":"publish","type":"product","link":"https:\/\/www.gedy.com\/es\/prodotto\/style-00-panel-de-ducha-en-cristal-templado-plata\/","title":{"rendered":"Style 00 panel de ducha en cristal templado plata"},"content":{"rendered":"","protected":false},"excerpt":{"rendered":"<p>Panel de ducha en cristal templado 130x11x48 cm, rociador 1 chorro 20&#215;20 cm, mango de ducha 1 chorro, mezclador manuel, desviador de agua de 2 v\u00edas, mango de ducha de 1 chorro, flexo de acero inoxidable doble grapado cm 150 1\/2&#215;1\/2 con sistema cono antitorsi\u00f3n. plus producto: presencia de microagujeros que crea un efecto nebuloso, conexi\u00f3n universal, filtro antisha y tiene una reducci\u00f3n en el ahorro de agua del 50%. boquillas con sistema de limpieza f\u00e1cil. el flexible es resistente a la torsi\u00f3n, resistente a la flexi\u00f3n y es resistente a una temperatura de 90\u00b0<\/p>\n","protected":false},"featured_media":95723,"comment_status":"open","ping_status":"closed","template":"","meta":{"_acf_changed":false,"_monsterinsights_skip_tracking":false,"_monsterinsights_sitenote_active":false,"_monsterinsights_sitenote_note":"","_monsterinsights_sitenote_category":0},"product_brand":[],"product_cat":[2204,7290,7895],"product_tag":[],"class_list":{"0":"post-77696","1":"product","2":"type-product","3":"status-publish","4":"has-post-thumbnail","6":"product_cat-hidroterapia","7":"product_cat-paneles-de-ducha","8":"product_cat-style-00-es","9":"pa_brand-gedy-es-2","10":"pa_filtri-universale-es","11":"pa_materiale-acero-inoxidable","12":"pa_materiale-laton","13":"pa_numero-getti-1-es-2","15":"first","16":"instock","17":"shipping-taxable","18":"product-type-simple"},"acf":{"idoneo_al_gel_igienizzante":"","accorciabilita":"","reversibile":"","doccia":"","vasca":"","numero_getti":"1 getto","prodotto_riciclato":"","novita":"","chiusura_soft_close":"","con_cornice":"","fattore_di_ingrandimento":"","finitura_1_immagine":{"ID":57108,"id":57108,"title":"73","filename":"73.jpg","filesize":1997,"url":"https:\/\/www.gedy.com\/wp-content\/uploads\/2023\/08\/73.jpg","link":"https:\/\/www.gedy.com\/es\/?attachment_id=57108","alt":"","author":"1","description":"","caption":"","name":"73-2","status":"inherit","uploaded_to":52906,"date":"2023-10-03 14:41:39","modified":"2023-10-03 14:41:39","menu_order":0,"mime_type":"image\/jpeg","type":"image","subtype":"jpeg","icon":"https:\/\/www.gedy.com\/wp-includes\/images\/media\/default.png","width":300,"height":274,"sizes":{"thumbnail":"https:\/\/www.gedy.com\/wp-content\/uploads\/2023\/08\/73-150x150.jpg","thumbnail-width":150,"thumbnail-height":150,"medium":"https:\/\/www.gedy.com\/wp-content\/uploads\/2023\/08\/73.jpg","medium-width":300,"medium-height":274,"medium_large":"https:\/\/www.gedy.com\/wp-content\/uploads\/2023\/08\/73.jpg","medium_large-width":300,"medium_large-height":274,"large":"https:\/\/www.gedy.com\/wp-content\/uploads\/2023\/08\/73.jpg","large-width":300,"large-height":274,"1536x1536":"https:\/\/www.gedy.com\/wp-content\/uploads\/2023\/08\/73.jpg","1536x1536-width":300,"1536x1536-height":274,"2048x2048":"https:\/\/www.gedy.com\/wp-content\/uploads\/2023\/08\/73.jpg","2048x2048-width":300,"2048x2048-height":274,"wptl-600x450":"https:\/\/www.gedy.com\/wp-content\/uploads\/2023\/08\/73.jpg","wptl-600x450-width":300,"wptl-600x450-height":274,"wptl-320x220":"https:\/\/www.gedy.com\/wp-content\/uploads\/2023\/08\/73-300x220.jpg","wptl-320x220-width":300,"wptl-320x220-height":220,"wptl-100x100":"https:\/\/www.gedy.com\/wp-content\/uploads\/2023\/08\/73-100x100.jpg","wptl-100x100-width":100,"wptl-100x100-height":100,"woocommerce_thumbnail":"https:\/\/www.gedy.com\/wp-content\/uploads\/2023\/08\/73.jpg","woocommerce_thumbnail-width":300,"woocommerce_thumbnail-height":274,"woocommerce_single":"https:\/\/www.gedy.com\/wp-content\/uploads\/2023\/08\/73.jpg","woocommerce_single-width":300,"woocommerce_single-height":274,"woocommerce_gallery_thumbnail":"https:\/\/www.gedy.com\/wp-content\/uploads\/2023\/08\/73-100x100.jpg","woocommerce_gallery_thumbnail-width":100,"woocommerce_gallery_thumbnail-height":100}},"codice_breve_prodotto":"GYSP10000","codice_esteso_prodotto":"0000GYSP1000050","brand":"Gedy","misure_tecniche":"20X41X130","idprodotto":"GYSP10000","materiale":"ACERO INOXIDABLE, LAT\u00d3N, ABS","finitura_1_codice":"73","finitura_1_nome":"PLATA","fissaggio_3":"","universale":""},"_links":{"self":[{"href":"https:\/\/www.gedy.com\/es\/wp-json\/wp\/v2\/product\/77696","targetHints":{"allow":["GET"]}}],"collection":[{"href":"https:\/\/www.gedy.com\/es\/wp-json\/wp\/v2\/product"}],"about":[{"href":"https:\/\/www.gedy.com\/es\/wp-json\/wp\/v2\/types\/product"}],"replies":[{"embeddable":true,"href":"https:\/\/www.gedy.com\/es\/wp-json\/wp\/v2\/comments?post=77696"}],"wp:featuredmedia":[{"embeddable":true,"href":"https:\/\/www.gedy.com\/es\/wp-json\/wp\/v2\/media\/95723"}],"wp:attachment":[{"href":"https:\/\/www.gedy.com\/es\/wp-json\/wp\/v2\/media?parent=77696"}],"wp:term":[{"taxonomy":"product_brand","embeddable":true,"href":"https:\/\/www.gedy.com\/es\/wp-json\/wp\/v2\/product_brand?post=77696"},{"taxonomy":"product_cat","embeddable":true,"href":"https:\/\/www.gedy.com\/es\/wp-json\/wp\/v2\/product_cat?post=77696"},{"taxonomy":"product_tag","embeddable":true,"href":"https:\/\/www.gedy.com\/es\/wp-json\/wp\/v2\/product_tag?post=77696"}],"curies":[{"name":"wp","href":"https:\/\/api.w.org\/{rel}","templated":true}]}}