{"id":77209,"date":"2024-02-06T14:45:00","date_gmt":"2024-02-06T14:45:00","guid":{"rendered":"https:\/\/www.gedy.com\/product\/inox-05-flexo-bronce\/"},"modified":"2024-02-06T15:03:54","modified_gmt":"2024-02-06T15:03:54","slug":"inox-05-flexo-bronce","status":"publish","type":"product","link":"https:\/\/www.gedy.com\/es\/prodotto\/inox-05-flexo-bronce\/","title":{"rendered":"Inox 05 flexo bronce"},"content":{"rendered":"","protected":false},"excerpt":{"rendered":"<p>Flexo de acero inoxidable grapado doble 150 cm 1\/2&#215;1\/2 con sistema cono antitorsi\u00f3n de lat\u00f3n \u00f8 14 mm. plus producto: el flexible es antitorsi\u00f3n, resistente a las flexiones y es resistente a una temperatura de 90\u00b0, tiene conexi\u00f3n universal y una reducci\u00f3n en el ahorro de agua del 50%. <\/p>\n","protected":false},"featured_media":77124,"comment_status":"open","ping_status":"closed","template":"","meta":{"_acf_changed":false,"_monsterinsights_skip_tracking":false,"_monsterinsights_sitenote_active":false,"_monsterinsights_sitenote_note":"","_monsterinsights_sitenote_category":0},"product_brand":[],"product_cat":[7288,2204,7858],"product_tag":[],"class_list":{"0":"post-77209","1":"product","2":"type-product","3":"status-publish","4":"has-post-thumbnail","6":"product_cat-flexos-de-ducha","7":"product_cat-hidroterapia","8":"product_cat-inox-05-es","9":"pa_brand-gedy-es-2","10":"pa_filtri-universale-es","11":"pa_materiale-acero-inoxidable","12":"pa_materiale-laton","14":"first","15":"instock","16":"shipping-taxable","17":"product-type-simple"},"acf":{"idoneo_al_gel_igienizzante":"","accorciabilita":"","reversibile":"","doccia":"","vasca":"","numero_getti":"","prodotto_riciclato":"","novita":"","chiusura_soft_close":"","con_cornice":"","fattore_di_ingrandimento":"","finitura_1_immagine":{"ID":57168,"id":57168,"title":"44","filename":"44.jpg","filesize":15504,"url":"https:\/\/www.gedy.com\/wp-content\/uploads\/2023\/07\/44.jpg","link":"https:\/\/www.gedy.com\/es\/?attachment_id=57168","alt":"","author":"1","description":"","caption":"","name":"44-2","status":"inherit","uploaded_to":34087,"date":"2023-10-04 08:26:07","modified":"2023-10-04 08:26:07","menu_order":0,"mime_type":"image\/jpeg","type":"image","subtype":"jpeg","icon":"https:\/\/www.gedy.com\/wp-includes\/images\/media\/default.png","width":300,"height":284,"sizes":{"thumbnail":"https:\/\/www.gedy.com\/wp-content\/uploads\/2023\/07\/44-150x150.jpg","thumbnail-width":150,"thumbnail-height":150,"medium":"https:\/\/www.gedy.com\/wp-content\/uploads\/2023\/07\/44.jpg","medium-width":300,"medium-height":284,"medium_large":"https:\/\/www.gedy.com\/wp-content\/uploads\/2023\/07\/44.jpg","medium_large-width":300,"medium_large-height":284,"large":"https:\/\/www.gedy.com\/wp-content\/uploads\/2023\/07\/44.jpg","large-width":300,"large-height":284,"1536x1536":"https:\/\/www.gedy.com\/wp-content\/uploads\/2023\/07\/44.jpg","1536x1536-width":300,"1536x1536-height":284,"2048x2048":"https:\/\/www.gedy.com\/wp-content\/uploads\/2023\/07\/44.jpg","2048x2048-width":300,"2048x2048-height":284,"wptl-600x450":"https:\/\/www.gedy.com\/wp-content\/uploads\/2023\/07\/44.jpg","wptl-600x450-width":300,"wptl-600x450-height":284,"wptl-320x220":"https:\/\/www.gedy.com\/wp-content\/uploads\/2023\/07\/44-300x220.jpg","wptl-320x220-width":300,"wptl-320x220-height":220,"wptl-100x100":"https:\/\/www.gedy.com\/wp-content\/uploads\/2023\/07\/44-100x100.jpg","wptl-100x100-width":100,"wptl-100x100-height":100,"woocommerce_thumbnail":"https:\/\/www.gedy.com\/wp-content\/uploads\/2023\/07\/44.jpg","woocommerce_thumbnail-width":300,"woocommerce_thumbnail-height":284,"woocommerce_single":"https:\/\/www.gedy.com\/wp-content\/uploads\/2023\/07\/44.jpg","woocommerce_single-width":300,"woocommerce_single-height":284,"woocommerce_gallery_thumbnail":"https:\/\/www.gedy.com\/wp-content\/uploads\/2023\/07\/44-100x100.jpg","woocommerce_gallery_thumbnail-width":100,"woocommerce_gallery_thumbnail-height":100}},"codice_breve_prodotto":"GYFX10105","codice_esteso_prodotto":"0000GYFX1010510","brand":"Gedy","misure_tecniche":"1,4X1,4X150","misure_commerciali":"150 CM","idprodotto":"GYFX10105","materiale":"ACERO INOXIDABLE, LAT\u00d3N","finitura_1_codice":"44","finitura_1_nome":"BRONCE","fissaggio_3":"","universale":""},"_links":{"self":[{"href":"https:\/\/www.gedy.com\/es\/wp-json\/wp\/v2\/product\/77209","targetHints":{"allow":["GET"]}}],"collection":[{"href":"https:\/\/www.gedy.com\/es\/wp-json\/wp\/v2\/product"}],"about":[{"href":"https:\/\/www.gedy.com\/es\/wp-json\/wp\/v2\/types\/product"}],"replies":[{"embeddable":true,"href":"https:\/\/www.gedy.com\/es\/wp-json\/wp\/v2\/comments?post=77209"}],"wp:featuredmedia":[{"embeddable":true,"href":"https:\/\/www.gedy.com\/es\/wp-json\/wp\/v2\/media\/77124"}],"wp:attachment":[{"href":"https:\/\/www.gedy.com\/es\/wp-json\/wp\/v2\/media?parent=77209"}],"wp:term":[{"taxonomy":"product_brand","embeddable":true,"href":"https:\/\/www.gedy.com\/es\/wp-json\/wp\/v2\/product_brand?post=77209"},{"taxonomy":"product_cat","embeddable":true,"href":"https:\/\/www.gedy.com\/es\/wp-json\/wp\/v2\/product_cat?post=77209"},{"taxonomy":"product_tag","embeddable":true,"href":"https:\/\/www.gedy.com\/es\/wp-json\/wp\/v2\/product_tag?post=77209"}],"curies":[{"name":"wp","href":"https:\/\/api.w.org\/{rel}","templated":true}]}}