{"id":76671,"date":"2024-02-06T09:27:38","date_gmt":"2024-02-06T09:27:38","guid":{"rendered":"https:\/\/www.gedy.com\/product\/funny-tapon-universal-para-lavabo-y-bidet-colores-surtidos\/"},"modified":"2024-02-06T10:04:40","modified_gmt":"2024-02-06T10:04:40","slug":"funny-tapon-universal-para-lavabo-y-bidet-colores-surtidos","status":"publish","type":"product","link":"https:\/\/www.gedy.com\/es\/prodotto\/funny-tapon-universal-para-lavabo-y-bidet-colores-surtidos\/","title":{"rendered":"Funny tap\u00f3n universal para lavabo y bidet colores surtidos"},"content":{"rendered":"","protected":false},"excerpt":{"rendered":"<p>Tap\u00f3n universal para lavabo y bidet con tapas intercambiables y magn\u00e9ticas &#8211; diferentes modelos de tapa \u00f8 3,8\/\u00f8 6,3 cm<\/p>\n","protected":false},"featured_media":96325,"comment_status":"open","ping_status":"closed","template":"","meta":{"_acf_changed":false,"_monsterinsights_skip_tracking":false,"_monsterinsights_sitenote_active":false,"_monsterinsights_sitenote_note":"","_monsterinsights_sitenote_category":0},"product_brand":[],"product_cat":[8176,7289,2204],"product_tag":[],"class_list":{"0":"post-76671","1":"product","2":"type-product","3":"status-publish","4":"has-post-thumbnail","6":"product_cat-funny-es","7":"product_cat-hidraulica","8":"product_cat-hidroterapia","9":"pa_brand-gedy-es-2","10":"pa_filtri-universale-es","11":"pa_materiale-metal-es","12":"pa_materiale-resinas-termoplasticas","14":"first","15":"instock","16":"shipping-taxable","17":"product-type-simple"},"acf":{"idoneo_al_gel_igienizzante":"","accorciabilita":"","reversibile":"","doccia":"","vasca":"","numero_getti":"","prodotto_riciclato":"","novita":"","chiusura_soft_close":"","con_cornice":"","fattore_di_ingrandimento":"","codice_breve_prodotto":"GHHY20000","codice_esteso_prodotto":"0000GHHY2000000","brand":"Gedy","misure_tecniche":"\u00f8 3,8\/\u00f86,3 CM","idprodotto":"GHHY20000","materiale":"METAL, RESINAS TERMOPL\u00c1STICAS","finitura_1_codice":"90","finitura_1_nome":"COLORES SURTIDOS","fissaggio_3":"","universale":"","finitura_1_immagine":{"ID":74964,"id":74964,"title":"90","filename":"90.jpg","filesize":18198,"url":"https:\/\/www.gedy.com\/wp-content\/uploads\/2024\/02\/90.jpg","link":"https:\/\/www.gedy.com\/es\/?attachment_id=74964","alt":"","author":"1","description":"","caption":"","name":"90-2","status":"inherit","uploaded_to":75135,"date":"2024-02-02 14:12:07","modified":"2024-03-18 12:45:53","menu_order":0,"mime_type":"image\/jpeg","type":"image","subtype":"jpeg","icon":"https:\/\/www.gedy.com\/wp-includes\/images\/media\/default.png","width":300,"height":269,"sizes":{"thumbnail":"https:\/\/www.gedy.com\/wp-content\/uploads\/2024\/02\/90-150x150.jpg","thumbnail-width":150,"thumbnail-height":150,"medium":"https:\/\/www.gedy.com\/wp-content\/uploads\/2024\/02\/90.jpg","medium-width":300,"medium-height":269,"medium_large":"https:\/\/www.gedy.com\/wp-content\/uploads\/2024\/02\/90.jpg","medium_large-width":300,"medium_large-height":269,"large":"https:\/\/www.gedy.com\/wp-content\/uploads\/2024\/02\/90.jpg","large-width":300,"large-height":269,"1536x1536":"https:\/\/www.gedy.com\/wp-content\/uploads\/2024\/02\/90.jpg","1536x1536-width":300,"1536x1536-height":269,"2048x2048":"https:\/\/www.gedy.com\/wp-content\/uploads\/2024\/02\/90.jpg","2048x2048-width":300,"2048x2048-height":269,"wptl-600x450":"https:\/\/www.gedy.com\/wp-content\/uploads\/2024\/02\/90.jpg","wptl-600x450-width":300,"wptl-600x450-height":269,"wptl-320x220":"https:\/\/www.gedy.com\/wp-content\/uploads\/2024\/02\/90-300x220.jpg","wptl-320x220-width":300,"wptl-320x220-height":220,"wptl-100x100":"https:\/\/www.gedy.com\/wp-content\/uploads\/2024\/02\/90-100x100.jpg","wptl-100x100-width":100,"wptl-100x100-height":100,"woocommerce_thumbnail":"https:\/\/www.gedy.com\/wp-content\/uploads\/2024\/02\/90.jpg","woocommerce_thumbnail-width":300,"woocommerce_thumbnail-height":269,"woocommerce_single":"https:\/\/www.gedy.com\/wp-content\/uploads\/2024\/02\/90.jpg","woocommerce_single-width":300,"woocommerce_single-height":269,"woocommerce_gallery_thumbnail":"https:\/\/www.gedy.com\/wp-content\/uploads\/2024\/02\/90-100x100.jpg","woocommerce_gallery_thumbnail-width":100,"woocommerce_gallery_thumbnail-height":100}}},"_links":{"self":[{"href":"https:\/\/www.gedy.com\/es\/wp-json\/wp\/v2\/product\/76671","targetHints":{"allow":["GET"]}}],"collection":[{"href":"https:\/\/www.gedy.com\/es\/wp-json\/wp\/v2\/product"}],"about":[{"href":"https:\/\/www.gedy.com\/es\/wp-json\/wp\/v2\/types\/product"}],"replies":[{"embeddable":true,"href":"https:\/\/www.gedy.com\/es\/wp-json\/wp\/v2\/comments?post=76671"}],"wp:featuredmedia":[{"embeddable":true,"href":"https:\/\/www.gedy.com\/es\/wp-json\/wp\/v2\/media\/96325"}],"wp:attachment":[{"href":"https:\/\/www.gedy.com\/es\/wp-json\/wp\/v2\/media?parent=76671"}],"wp:term":[{"taxonomy":"product_brand","embeddable":true,"href":"https:\/\/www.gedy.com\/es\/wp-json\/wp\/v2\/product_brand?post=76671"},{"taxonomy":"product_cat","embeddable":true,"href":"https:\/\/www.gedy.com\/es\/wp-json\/wp\/v2\/product_cat?post=76671"},{"taxonomy":"product_tag","embeddable":true,"href":"https:\/\/www.gedy.com\/es\/wp-json\/wp\/v2\/product_tag?post=76671"}],"curies":[{"name":"wp","href":"https:\/\/api.w.org\/{rel}","templated":true}]}}