{"id":76619,"date":"2024-02-06T09:16:26","date_gmt":"2024-02-06T09:16:26","guid":{"rendered":"https:\/\/www.gedy.com\/product\/tube-plus-6-03-brazo-ducha-niquel-cepillado\/"},"modified":"2024-02-06T09:53:44","modified_gmt":"2024-02-06T09:53:44","slug":"tube-plus-6-03-brazo-ducha-niquel-cepillado","status":"publish","type":"product","link":"https:\/\/www.gedy.com\/es\/prodotto\/tube-plus-6-03-brazo-ducha-niquel-cepillado\/","title":{"rendered":"Tube plus 6 03 brazo ducha n\u00edquel\/cepillado"},"content":{"rendered":"","protected":false},"excerpt":{"rendered":"<p>Brazo ducha con roset\u00f3n 6 cm \u00f8 20 mm, conexi\u00f3n 1\/2&#215;1\/2. tiene conexi\u00f3n universal <\/p>\n","protected":false},"featured_media":96270,"comment_status":"open","ping_status":"closed","template":"","meta":{"_acf_changed":false,"_monsterinsights_skip_tracking":false,"_monsterinsights_sitenote_active":false,"_monsterinsights_sitenote_note":"","_monsterinsights_sitenote_category":0},"product_brand":[],"product_cat":[7286,2204],"product_tag":[],"class_list":{"0":"post-76619","1":"product","2":"type-product","3":"status-publish","4":"has-post-thumbnail","6":"product_cat-accesorios-de-hidroterapia","7":"product_cat-hidroterapia","8":"pa_brand-gedy-es-2","9":"pa_filtri-universale-es","10":"pa_materiale-acero-inoxidable","12":"first","13":"instock","14":"shipping-taxable","15":"product-type-simple"},"acf":{"idoneo_al_gel_igienizzante":"","accorciabilita":"","reversibile":"","doccia":"","vasca":"","numero_getti":"","prodotto_riciclato":"","novita":"","chiusura_soft_close":"","con_cornice":"","fattore_di_ingrandimento":"","finitura_1_immagine":{"ID":9515,"id":9515,"title":"38","filename":"38.jpg","filesize":9263,"url":"https:\/\/www.gedy.com\/wp-content\/uploads\/2023\/03\/38.jpg","link":"https:\/\/www.gedy.com\/es\/?attachment_id=9515","alt":"","author":"1","description":"","caption":"","name":"38-2","status":"inherit","uploaded_to":72091,"date":"2023-03-23 15:11:29","modified":"2024-02-19 12:57:51","menu_order":0,"mime_type":"image\/jpeg","type":"image","subtype":"jpeg","icon":"https:\/\/www.gedy.com\/wp-includes\/images\/media\/default.png","width":300,"height":300,"sizes":{"thumbnail":"https:\/\/www.gedy.com\/wp-content\/uploads\/2023\/03\/38-150x150.jpg","thumbnail-width":150,"thumbnail-height":150,"medium":"https:\/\/www.gedy.com\/wp-content\/uploads\/2023\/03\/38-300x300.jpg","medium-width":300,"medium-height":300,"medium_large":"https:\/\/www.gedy.com\/wp-content\/uploads\/2023\/03\/38.jpg","medium_large-width":300,"medium_large-height":300,"large":"https:\/\/www.gedy.com\/wp-content\/uploads\/2023\/03\/38.jpg","large-width":300,"large-height":300,"1536x1536":"https:\/\/www.gedy.com\/wp-content\/uploads\/2023\/03\/38.jpg","1536x1536-width":300,"1536x1536-height":300,"2048x2048":"https:\/\/www.gedy.com\/wp-content\/uploads\/2023\/03\/38.jpg","2048x2048-width":300,"2048x2048-height":300,"wptl-600x450":"https:\/\/www.gedy.com\/wp-content\/uploads\/2023\/03\/38.jpg","wptl-600x450-width":300,"wptl-600x450-height":300,"wptl-320x220":"https:\/\/www.gedy.com\/wp-content\/uploads\/2023\/03\/38-300x220.jpg","wptl-320x220-width":300,"wptl-320x220-height":220,"wptl-100x100":"https:\/\/www.gedy.com\/wp-content\/uploads\/2023\/03\/38-100x100.jpg","wptl-100x100-width":100,"wptl-100x100-height":100,"woocommerce_thumbnail":"https:\/\/www.gedy.com\/wp-content\/uploads\/2023\/03\/38-300x300.jpg","woocommerce_thumbnail-width":300,"woocommerce_thumbnail-height":300,"woocommerce_single":"https:\/\/www.gedy.com\/wp-content\/uploads\/2023\/03\/38.jpg","woocommerce_single-width":300,"woocommerce_single-height":300,"woocommerce_gallery_thumbnail":"https:\/\/www.gedy.com\/wp-content\/uploads\/2023\/03\/38-100x100.jpg","woocommerce_gallery_thumbnail-width":100,"woocommerce_gallery_thumbnail-height":100}},"codice_breve_prodotto":"GYAC12203","codice_esteso_prodotto":"0000GYAC1220360","brand":"Gedy","misure_tecniche":"6X6X15","idprodotto":"GYAC12203","materiale":"ACERO INOXIDABLE","finitura_1_codice":"38","finitura_1_nome":"N\u00cdQUEL\/CEPILLADO","fissaggio_3":"","universale":""},"_links":{"self":[{"href":"https:\/\/www.gedy.com\/es\/wp-json\/wp\/v2\/product\/76619","targetHints":{"allow":["GET"]}}],"collection":[{"href":"https:\/\/www.gedy.com\/es\/wp-json\/wp\/v2\/product"}],"about":[{"href":"https:\/\/www.gedy.com\/es\/wp-json\/wp\/v2\/types\/product"}],"replies":[{"embeddable":true,"href":"https:\/\/www.gedy.com\/es\/wp-json\/wp\/v2\/comments?post=76619"}],"wp:featuredmedia":[{"embeddable":true,"href":"https:\/\/www.gedy.com\/es\/wp-json\/wp\/v2\/media\/96270"}],"wp:attachment":[{"href":"https:\/\/www.gedy.com\/es\/wp-json\/wp\/v2\/media?parent=76619"}],"wp:term":[{"taxonomy":"product_brand","embeddable":true,"href":"https:\/\/www.gedy.com\/es\/wp-json\/wp\/v2\/product_brand?post=76619"},{"taxonomy":"product_cat","embeddable":true,"href":"https:\/\/www.gedy.com\/es\/wp-json\/wp\/v2\/product_cat?post=76619"},{"taxonomy":"product_tag","embeddable":true,"href":"https:\/\/www.gedy.com\/es\/wp-json\/wp\/v2\/product_tag?post=76619"}],"curies":[{"name":"wp","href":"https:\/\/api.w.org\/{rel}","templated":true}]}}