{"id":63911,"date":"2023-12-19T15:30:52","date_gmt":"2023-12-19T15:30:52","guid":{"rendered":"https:\/\/www.gedy.com\/product\/chanelle-dosificador-de-jabon-azul-petroleo\/"},"modified":"2024-02-01T13:20:51","modified_gmt":"2024-02-01T13:20:51","slug":"chanelle-dosificador-de-jabon-blanco","status":"publish","type":"product","link":"https:\/\/www.gedy.com\/es\/prodotto\/chanelle-dosificador-de-jabon-blanco\/","title":{"rendered":"Chanelle dosificador de jab\u00f3n blanco"},"content":{"rendered":"","protected":false},"excerpt":{"rendered":"<p>Dispensador de jab\u00f3n con dispensador de pl\u00e1stico<\/p>\n","protected":false},"featured_media":63611,"comment_status":"open","ping_status":"closed","template":"","meta":{"_acf_changed":false,"_monsterinsights_skip_tracking":false,"_monsterinsights_sitenote_active":false,"_monsterinsights_sitenote_note":"","_monsterinsights_sitenote_category":0},"product_brand":[],"product_cat":[704,777,5994],"product_tag":[],"class_list":{"0":"post-63911","1":"product","2":"type-product","3":"status-publish","4":"has-post-thumbnail","6":"product_cat-accesorios-de-apoyo","7":"product_cat-chanelle-es","8":"product_cat-dosificadores-de-jabon-de-las-series-de-apoyo-es-66","9":"pa_brand-gedy-es-2","10":"pa_materiale-resina-es","12":"first","13":"instock","14":"shipping-taxable","15":"product-type-simple"},"acf":{"codice_breve_prodotto":"CH80","codice_esteso_prodotto":"0000CH806600300","progetto":"","design":"","brand":"Gedy","misure_tecniche":"11,5X7,8X12,6","idprodotto":"CH80","materiale":"RESINA","finitura_1_codice":"02","finitura_1_nome":"BLANCO","fissaggio_3":"","dimensione":"","finitura_2_codice":"","finitura_3_codice":"","finitura_4_codice":"","finitura_2_nome":"","finitura_3_nome":"","finitura_4_nome":"","capacita":"","universale":"","idoneo_al_gel_igienizzante":"","accorciabilita":"","reversibile":"","doccia":"","vasca":"","numero_getti":"","prodotto_riciclato":"","novita":"","chiusura_soft_close":"","con_cornice":"","fattore_di_ingrandimento":"","finitura_1_immagine":false},"_links":{"self":[{"href":"https:\/\/www.gedy.com\/es\/wp-json\/wp\/v2\/product\/63911","targetHints":{"allow":["GET"]}}],"collection":[{"href":"https:\/\/www.gedy.com\/es\/wp-json\/wp\/v2\/product"}],"about":[{"href":"https:\/\/www.gedy.com\/es\/wp-json\/wp\/v2\/types\/product"}],"replies":[{"embeddable":true,"href":"https:\/\/www.gedy.com\/es\/wp-json\/wp\/v2\/comments?post=63911"}],"wp:featuredmedia":[{"embeddable":true,"href":"https:\/\/www.gedy.com\/es\/wp-json\/wp\/v2\/media\/63611"}],"wp:attachment":[{"href":"https:\/\/www.gedy.com\/es\/wp-json\/wp\/v2\/media?parent=63911"}],"wp:term":[{"taxonomy":"product_brand","embeddable":true,"href":"https:\/\/www.gedy.com\/es\/wp-json\/wp\/v2\/product_brand?post=63911"},{"taxonomy":"product_cat","embeddable":true,"href":"https:\/\/www.gedy.com\/es\/wp-json\/wp\/v2\/product_cat?post=63911"},{"taxonomy":"product_tag","embeddable":true,"href":"https:\/\/www.gedy.com\/es\/wp-json\/wp\/v2\/product_tag?post=63911"}],"curies":[{"name":"wp","href":"https:\/\/api.w.org\/{rel}","templated":true}]}}