{"id":32261,"date":"2023-07-25T14:52:34","date_gmt":"2023-07-25T14:52:34","guid":{"rendered":"https:\/\/www.gedy.com\/product\/himalaya-toallero-40-cm-bambu\/"},"modified":"2026-02-27T07:41:36","modified_gmt":"2026-02-27T07:41:36","slug":"himalaya-toallero-40-cm-bambu","status":"publish","type":"product","link":"https:\/\/www.gedy.com\/es\/prodotto\/himalaya-toallero-40-cm-bambu\/","title":{"rendered":"Himalaya toallero 40 cm bamb\u00fa"},"content":{"rendered":"","protected":false},"excerpt":{"rendered":"<p>Toallero en un tama\u00f1o de 40 cm. producto de bamb\u00fa<\/p>\n","protected":false},"featured_media":39473,"comment_status":"open","ping_status":"closed","template":"","meta":{"_acf_changed":false,"_monsterinsights_skip_tracking":false,"_monsterinsights_sitenote_active":false,"_monsterinsights_sitenote_note":"","_monsterinsights_sitenote_category":0},"product_brand":[],"product_cat":[448,1152,3253],"product_tag":[],"class_list":{"0":"post-32261","1":"product","2":"type-product","3":"status-publish","4":"has-post-thumbnail","6":"product_cat-accesorios-mural","7":"product_cat-himalaya-es","8":"product_cat-toalleros-es-11","9":"pa_brand-gedy-es-2","10":"pa_filtri-novita-es","11":"pa_fissaggio-con-viti-es","12":"pa_materiale-bambu-es","14":"first","15":"instock","16":"shipping-taxable","17":"product-type-simple"},"acf":{"codice_breve_prodotto":"HY21-40","codice_esteso_prodotto":"0000HY213540000","capacita":"","progetto":"LINEA BAMBOOM","design":"","materiale":"BAMB\u00da","brand":"Gedy","fissaggio_2":"Con TORNILLOS","fissaggio_3":"","misure_tecniche":"13,4X9,6X2,5","misure_commerciali":"40 CM","finitura_1_nome":"NATURALES","finitura_1_codice":"35","idprodotto":"HY21-40","finitura_1_immagine":{"ID":57057,"id":57057,"title":"35","filename":"35.jpg","filesize":35208,"url":"https:\/\/www.gedy.com\/wp-content\/uploads\/2023\/08\/35.jpg","link":"https:\/\/www.gedy.com\/es\/?attachment_id=57057","alt":"","author":"1","description":"","caption":"","name":"35-2","status":"inherit","uploaded_to":53759,"date":"2023-10-03 14:13:07","modified":"2023-10-03 14:13:07","menu_order":0,"mime_type":"image\/jpeg","type":"image","subtype":"jpeg","icon":"https:\/\/www.gedy.com\/wp-includes\/images\/media\/default.png","width":300,"height":272,"sizes":{"thumbnail":"https:\/\/www.gedy.com\/wp-content\/uploads\/2023\/08\/35-150x150.jpg","thumbnail-width":150,"thumbnail-height":150,"medium":"https:\/\/www.gedy.com\/wp-content\/uploads\/2023\/08\/35.jpg","medium-width":300,"medium-height":272,"medium_large":"https:\/\/www.gedy.com\/wp-content\/uploads\/2023\/08\/35.jpg","medium_large-width":300,"medium_large-height":272,"large":"https:\/\/www.gedy.com\/wp-content\/uploads\/2023\/08\/35.jpg","large-width":300,"large-height":272,"1536x1536":"https:\/\/www.gedy.com\/wp-content\/uploads\/2023\/08\/35.jpg","1536x1536-width":300,"1536x1536-height":272,"2048x2048":"https:\/\/www.gedy.com\/wp-content\/uploads\/2023\/08\/35.jpg","2048x2048-width":300,"2048x2048-height":272,"wptl-600x450":"https:\/\/www.gedy.com\/wp-content\/uploads\/2023\/08\/35.jpg","wptl-600x450-width":300,"wptl-600x450-height":272,"wptl-320x220":"https:\/\/www.gedy.com\/wp-content\/uploads\/2023\/08\/35-300x220.jpg","wptl-320x220-width":300,"wptl-320x220-height":220,"wptl-100x100":"https:\/\/www.gedy.com\/wp-content\/uploads\/2023\/08\/35-100x100.jpg","wptl-100x100-width":100,"wptl-100x100-height":100,"woocommerce_thumbnail":"https:\/\/www.gedy.com\/wp-content\/uploads\/2023\/08\/35.jpg","woocommerce_thumbnail-width":300,"woocommerce_thumbnail-height":272,"woocommerce_single":"https:\/\/www.gedy.com\/wp-content\/uploads\/2023\/08\/35.jpg","woocommerce_single-width":300,"woocommerce_single-height":272,"woocommerce_gallery_thumbnail":"https:\/\/www.gedy.com\/wp-content\/uploads\/2023\/08\/35-100x100.jpg","woocommerce_gallery_thumbnail-width":100,"woocommerce_gallery_thumbnail-height":100}},"novita":"novit\u00e0","dimensione":"","finitura_2_codice":"","finitura_3_codice":"","finitura_4_codice":"","finitura_2_nome":"","finitura_3_nome":"","finitura_4_nome":""},"_links":{"self":[{"href":"https:\/\/www.gedy.com\/es\/wp-json\/wp\/v2\/product\/32261","targetHints":{"allow":["GET"]}}],"collection":[{"href":"https:\/\/www.gedy.com\/es\/wp-json\/wp\/v2\/product"}],"about":[{"href":"https:\/\/www.gedy.com\/es\/wp-json\/wp\/v2\/types\/product"}],"replies":[{"embeddable":true,"href":"https:\/\/www.gedy.com\/es\/wp-json\/wp\/v2\/comments?post=32261"}],"wp:featuredmedia":[{"embeddable":true,"href":"https:\/\/www.gedy.com\/es\/wp-json\/wp\/v2\/media\/39473"}],"wp:attachment":[{"href":"https:\/\/www.gedy.com\/es\/wp-json\/wp\/v2\/media?parent=32261"}],"wp:term":[{"taxonomy":"product_brand","embeddable":true,"href":"https:\/\/www.gedy.com\/es\/wp-json\/wp\/v2\/product_brand?post=32261"},{"taxonomy":"product_cat","embeddable":true,"href":"https:\/\/www.gedy.com\/es\/wp-json\/wp\/v2\/product_cat?post=32261"},{"taxonomy":"product_tag","embeddable":true,"href":"https:\/\/www.gedy.com\/es\/wp-json\/wp\/v2\/product_tag?post=32261"}],"curies":[{"name":"wp","href":"https:\/\/api.w.org\/{rel}","templated":true}]}}