{"id":27604,"date":"2023-07-24T14:39:03","date_gmt":"2023-07-24T14:39:03","guid":{"rendered":"https:\/\/www.gedy.com\/product\/new-jersey-escobillero-cromado\/"},"modified":"2024-12-18T08:51:14","modified_gmt":"2024-12-18T08:51:14","slug":"new-jersey-escobillero-cromado","status":"publish","type":"product","link":"https:\/\/www.gedy.com\/es\/prodotto\/new-jersey-escobillero-cromado\/","title":{"rendered":"New jersey escobillero cromado"},"content":{"rendered":"","protected":false},"excerpt":{"rendered":"<p>Cepillo con pu\u00f1o de cerda negra y copa interna extra\u00edble apto para f\u00e1cil limpieza<\/p>\n","protected":false},"featured_media":39611,"comment_status":"open","ping_status":"closed","template":"","meta":{"_acf_changed":false,"_monsterinsights_skip_tracking":false,"_monsterinsights_sitenote_active":false,"_monsterinsights_sitenote_note":"","_monsterinsights_sitenote_category":0},"product_brand":[],"product_cat":[448,3210,1200],"product_tag":[],"class_list":{"0":"post-27604","1":"product","2":"type-product","3":"status-publish","4":"has-post-thumbnail","6":"product_cat-accesorios-mural","7":"product_cat-escobilleros-de-las-series-de-pared-es-12","8":"product_cat-new-jersey-es","9":"pa_brand-gedy-es-2","10":"pa_fissaggio-con-viti-es","11":"pa_fissaggio-fissaggio-con-colla-venduta-a-parte-carico-testato-10-kg-es","12":"pa_materiale-acero-inoxidable","13":"pa_materiale-cromall-es","15":"first","16":"instock","17":"shipping-taxable","18":"product-type-simple"},"acf":{"codice_breve_prodotto":"2833","codice_esteso_prodotto":"000028331300000","capacita":"","progetto":"","design":"","materiale":"ACERO INOXIDABLE, CROMALL\u00ae Y RESINAS TERMOPL\u00c1STICAS ","brand":"Gedy","fissaggio_3":"","misure_tecniche":"9,6X9,6X37,2","finitura_1_nome":"CROMADO","finitura_1_codice":"13","idprodotto":"2833","dimensione":"","finitura_2_codice":"","finitura_2_nome":"","finitura_3_nome":"","finitura_4_nome":"","finitura_1_immagine":{"ID":9500,"id":9500,"title":"13","filename":"13.jpg","filesize":9201,"url":"https:\/\/www.gedy.com\/wp-content\/uploads\/2023\/03\/13.jpg","link":"https:\/\/www.gedy.com\/es\/?attachment_id=9500","alt":"","author":"1","description":"","caption":"","name":"13-2","status":"inherit","uploaded_to":16198,"date":"2023-03-23 15:11:28","modified":"2023-09-28 14:37:39","menu_order":0,"mime_type":"image\/jpeg","type":"image","subtype":"jpeg","icon":"https:\/\/www.gedy.com\/wp-includes\/images\/media\/default.png","width":300,"height":300,"sizes":{"thumbnail":"https:\/\/www.gedy.com\/wp-content\/uploads\/2023\/03\/13-150x150.jpg","thumbnail-width":150,"thumbnail-height":150,"medium":"https:\/\/www.gedy.com\/wp-content\/uploads\/2023\/03\/13-300x300.jpg","medium-width":300,"medium-height":300,"medium_large":"https:\/\/www.gedy.com\/wp-content\/uploads\/2023\/03\/13.jpg","medium_large-width":300,"medium_large-height":300,"large":"https:\/\/www.gedy.com\/wp-content\/uploads\/2023\/03\/13.jpg","large-width":300,"large-height":300,"1536x1536":"https:\/\/www.gedy.com\/wp-content\/uploads\/2023\/03\/13.jpg","1536x1536-width":300,"1536x1536-height":300,"2048x2048":"https:\/\/www.gedy.com\/wp-content\/uploads\/2023\/03\/13.jpg","2048x2048-width":300,"2048x2048-height":300,"wptl-600x450":"https:\/\/www.gedy.com\/wp-content\/uploads\/2023\/03\/13.jpg","wptl-600x450-width":300,"wptl-600x450-height":300,"wptl-320x220":"https:\/\/www.gedy.com\/wp-content\/uploads\/2023\/03\/13-300x220.jpg","wptl-320x220-width":300,"wptl-320x220-height":220,"wptl-100x100":"https:\/\/www.gedy.com\/wp-content\/uploads\/2023\/03\/13-100x100.jpg","wptl-100x100-width":100,"wptl-100x100-height":100,"woocommerce_thumbnail":"https:\/\/www.gedy.com\/wp-content\/uploads\/2023\/03\/13-300x300.jpg","woocommerce_thumbnail-width":300,"woocommerce_thumbnail-height":300,"woocommerce_single":"https:\/\/www.gedy.com\/wp-content\/uploads\/2023\/03\/13.jpg","woocommerce_single-width":300,"woocommerce_single-height":300,"woocommerce_gallery_thumbnail":"https:\/\/www.gedy.com\/wp-content\/uploads\/2023\/03\/13-100x100.jpg","woocommerce_gallery_thumbnail-width":100,"woocommerce_gallery_thumbnail-height":100}},"finitura_3_codice":"","finitura_4_codice":""},"_links":{"self":[{"href":"https:\/\/www.gedy.com\/es\/wp-json\/wp\/v2\/product\/27604","targetHints":{"allow":["GET"]}}],"collection":[{"href":"https:\/\/www.gedy.com\/es\/wp-json\/wp\/v2\/product"}],"about":[{"href":"https:\/\/www.gedy.com\/es\/wp-json\/wp\/v2\/types\/product"}],"replies":[{"embeddable":true,"href":"https:\/\/www.gedy.com\/es\/wp-json\/wp\/v2\/comments?post=27604"}],"wp:featuredmedia":[{"embeddable":true,"href":"https:\/\/www.gedy.com\/es\/wp-json\/wp\/v2\/media\/39611"}],"wp:attachment":[{"href":"https:\/\/www.gedy.com\/es\/wp-json\/wp\/v2\/media?parent=27604"}],"wp:term":[{"taxonomy":"product_brand","embeddable":true,"href":"https:\/\/www.gedy.com\/es\/wp-json\/wp\/v2\/product_brand?post=27604"},{"taxonomy":"product_cat","embeddable":true,"href":"https:\/\/www.gedy.com\/es\/wp-json\/wp\/v2\/product_cat?post=27604"},{"taxonomy":"product_tag","embeddable":true,"href":"https:\/\/www.gedy.com\/es\/wp-json\/wp\/v2\/product_tag?post=27604"}],"curies":[{"name":"wp","href":"https:\/\/api.w.org\/{rel}","templated":true}]}}