{"id":18707,"date":"2023-07-21T12:43:41","date_gmt":"2023-07-21T12:43:41","guid":{"rendered":"https:\/\/www.gedy.com\/product\/outline-escobillero-de-pared-blanco-mate\/"},"modified":"2024-06-11T14:32:46","modified_gmt":"2024-06-11T14:32:46","slug":"outline-escobillero-de-pared-blanco-mate","status":"publish","type":"product","link":"https:\/\/www.gedy.com\/es\/prodotto\/outline-escobillero-de-pared-blanco-mate\/","title":{"rendered":"Outline escobillero de pared blanco mate"},"content":{"rendered":"","protected":false},"excerpt":{"rendered":"<p>Cepillo de pared con pu\u00f1o de cerdas negras y copa interna extra\u00edble apto para f\u00e1cil limpieza<\/p>\n","protected":false},"featured_media":18594,"comment_status":"open","ping_status":"closed","template":"","meta":{"_acf_changed":false,"_monsterinsights_skip_tracking":false,"_monsterinsights_sitenote_active":false,"_monsterinsights_sitenote_note":"","_monsterinsights_sitenote_category":0},"product_brand":[],"product_cat":[448,1931,1208],"product_tag":[],"class_list":{"0":"post-18707","1":"product","2":"type-product","3":"status-publish","4":"has-post-thumbnail","6":"product_cat-accesorios-mural","7":"product_cat-escobilleros-outline-es","8":"product_cat-outline-es","9":"pa_brand-top-design-es-2","10":"pa_fissaggio-con-viti-es","11":"pa_materiale-acero-inoxidable","12":"pa_materiale-cromall-es","13":"pa_materiale-laton","14":"pa_materiale-resinas-termoplasticas","16":"first","17":"instock","18":"shipping-taxable","19":"product-type-simple"},"acf":{"codice_breve_prodotto":"3233-03","codice_esteso_prodotto":"000032332200003","capacita":"","progetto":"","design":"SIMONE MICHELI","materiale":"ACERO INOXIDABLE AISI 304, LAT\u00d3N, CROMALL\u00ae, RESINAS TERMOPL\u00c1STICAS","brand":"Top design","fissaggio_2":"Con TORNILLOS","fissaggio_3":"","misure_tecniche":"8X10X38,4","finitura_1_nome":"BLANCO MATE","finitura_1_immagine":{"ID":9510,"id":9510,"title":"22","filename":"22.jpg","filesize":9198,"url":"https:\/\/www.gedy.com\/wp-content\/uploads\/2023\/03\/22.jpg","link":"https:\/\/www.gedy.com\/es\/?attachment_id=9510","alt":"","author":"1","description":"","caption":"","name":"22-2","status":"inherit","uploaded_to":17972,"date":"2023-03-23 15:11:29","modified":"2023-09-28 14:37:40","menu_order":0,"mime_type":"image\/jpeg","type":"image","subtype":"jpeg","icon":"https:\/\/www.gedy.com\/wp-includes\/images\/media\/default.png","width":300,"height":300,"sizes":{"thumbnail":"https:\/\/www.gedy.com\/wp-content\/uploads\/2023\/03\/22-150x150.jpg","thumbnail-width":150,"thumbnail-height":150,"medium":"https:\/\/www.gedy.com\/wp-content\/uploads\/2023\/03\/22-300x300.jpg","medium-width":300,"medium-height":300,"medium_large":"https:\/\/www.gedy.com\/wp-content\/uploads\/2023\/03\/22.jpg","medium_large-width":300,"medium_large-height":300,"large":"https:\/\/www.gedy.com\/wp-content\/uploads\/2023\/03\/22.jpg","large-width":300,"large-height":300,"1536x1536":"https:\/\/www.gedy.com\/wp-content\/uploads\/2023\/03\/22.jpg","1536x1536-width":300,"1536x1536-height":300,"2048x2048":"https:\/\/www.gedy.com\/wp-content\/uploads\/2023\/03\/22.jpg","2048x2048-width":300,"2048x2048-height":300,"wptl-600x450":"https:\/\/www.gedy.com\/wp-content\/uploads\/2023\/03\/22.jpg","wptl-600x450-width":300,"wptl-600x450-height":300,"wptl-320x220":"https:\/\/www.gedy.com\/wp-content\/uploads\/2023\/03\/22-300x220.jpg","wptl-320x220-width":300,"wptl-320x220-height":220,"wptl-100x100":"https:\/\/www.gedy.com\/wp-content\/uploads\/2023\/03\/22-100x100.jpg","wptl-100x100-width":100,"wptl-100x100-height":100,"woocommerce_thumbnail":"https:\/\/www.gedy.com\/wp-content\/uploads\/2023\/03\/22-300x300.jpg","woocommerce_thumbnail-width":300,"woocommerce_thumbnail-height":300,"woocommerce_single":"https:\/\/www.gedy.com\/wp-content\/uploads\/2023\/03\/22.jpg","woocommerce_single-width":300,"woocommerce_single-height":300,"woocommerce_gallery_thumbnail":"https:\/\/www.gedy.com\/wp-content\/uploads\/2023\/03\/22-100x100.jpg","woocommerce_gallery_thumbnail-width":100,"woocommerce_gallery_thumbnail-height":100}},"finitura_1_codice":"22","idprodotto":"3233-03","dimensione":"","finitura_2_codice":"","finitura_3_codice":"","finitura_4_codice":"","finitura_2_nome":"","finitura_3_nome":"","finitura_4_nome":""},"_links":{"self":[{"href":"https:\/\/www.gedy.com\/es\/wp-json\/wp\/v2\/product\/18707","targetHints":{"allow":["GET"]}}],"collection":[{"href":"https:\/\/www.gedy.com\/es\/wp-json\/wp\/v2\/product"}],"about":[{"href":"https:\/\/www.gedy.com\/es\/wp-json\/wp\/v2\/types\/product"}],"replies":[{"embeddable":true,"href":"https:\/\/www.gedy.com\/es\/wp-json\/wp\/v2\/comments?post=18707"}],"wp:featuredmedia":[{"embeddable":true,"href":"https:\/\/www.gedy.com\/es\/wp-json\/wp\/v2\/media\/18594"}],"wp:attachment":[{"href":"https:\/\/www.gedy.com\/es\/wp-json\/wp\/v2\/media?parent=18707"}],"wp:term":[{"taxonomy":"product_brand","embeddable":true,"href":"https:\/\/www.gedy.com\/es\/wp-json\/wp\/v2\/product_brand?post=18707"},{"taxonomy":"product_cat","embeddable":true,"href":"https:\/\/www.gedy.com\/es\/wp-json\/wp\/v2\/product_cat?post=18707"},{"taxonomy":"product_tag","embeddable":true,"href":"https:\/\/www.gedy.com\/es\/wp-json\/wp\/v2\/product_tag?post=18707"}],"curies":[{"name":"wp","href":"https:\/\/api.w.org\/{rel}","templated":true}]}}