{"id":122239,"date":"2026-04-28T16:29:59","date_gmt":"2026-04-28T16:29:59","guid":{"rendered":"https:\/\/www.gedy.com\/prodotto\/high-pro-plus-03-juego-de-ducha-de-5-piezas-cuadrado-negro-mate\/"},"modified":"2026-04-29T10:06:16","modified_gmt":"2026-04-29T10:06:16","slug":"high-pro-plus-03-juego-de-ducha-de-5-piezas-cuadrado-negro-mate","status":"publish","type":"product","link":"https:\/\/www.gedy.com\/es\/prodotto\/high-pro-plus-03-juego-de-ducha-de-5-piezas-cuadrado-negro-mate\/","title":{"rendered":"High pro plus 03 juego de ducha de 5 piezas, cuadrado negro mate"},"content":{"rendered":"","protected":false},"excerpt":{"rendered":"<p>Juego de ducha compuesto por: mango de ducha 1 funci\u00f3n in acero inoxidable 304 aisi 3,5x2x22 cm, toma de agua con soporte in lat\u00f3n 5&#215;8,5&#215;5,5 cm, flexos de ducha in pvc 150 cm, brazo ducha in lat\u00f3n 40 cm y rociador de ducha in acero inoxidable aisi 304 25&#215;25 cm. plus producto: presencia de microagujeros que crea un efecto nebuloso, conexi\u00f3n universal, filtro antisha y tiene una reducci\u00f3n en el ahorro de agua del 50%. boquillas con sistema de limpieza f\u00e1cil. el flexible es resistente a la torsi\u00f3n, resistente a la flexi\u00f3n y es resistente a una temperatura de 90\u00b0<\/p>\n","protected":false},"featured_media":121805,"comment_status":"open","ping_status":"closed","template":"","meta":{"_acf_changed":false,"_monsterinsights_skip_tracking":false,"_monsterinsights_sitenote_active":false,"_monsterinsights_sitenote_note":"","_monsterinsights_sitenote_category":0},"product_brand":[],"product_cat":[2204,10705,10748],"product_tag":[],"class_list":{"0":"post-122239","1":"product","2":"type-product","3":"status-publish","4":"has-post-thumbnail","6":"product_cat-hidroterapia","7":"product_cat-juego-de-ducha","8":"product_cat-juego-de-ducha-high-pro-plus-03","9":"pa_brand-gedy-es-2","10":"pa_filtri-novita-es","11":"pa_filtri-universale-es","12":"pa_materiale-acero-inoxidable-aisi-304","13":"pa_materiale-laton","14":"pa_numero-getti-1-es-2","16":"first","17":"instock","18":"shipping-taxable","19":"product-type-simple"},"acf":{"codice_breve_prodotto":"GYHP10103","codice_esteso_prodotto":"0000GYHP1010300","progetto":"","design":"","misure_tecniche":"","idprodotto":"GYHP10103","universale":"universale","idoneo_al_gel_igienizzante":"","accorciabilita":"","reversibile":"","doccia":"","vasca":"","numero_getti":"1 getto","prodotto_riciclato":"","novita":"novit\u00e0","made_in_italy":"","fissaggio_dallalto":"","video":false,"brand":"Gedy","chiusura_soft_close":"","con_cornice":"","fattore_di_ingrandimento":"","fissaggio":"","fissaggio_2":"","misure_commerciali":"","finitura_1_immagine":{"ID":9505,"id":9505,"title":"14","filename":"14.jpg","filesize":9198,"url":"https:\/\/www.gedy.com\/wp-content\/uploads\/2023\/03\/14.jpg","link":"https:\/\/www.gedy.com\/es\/?attachment_id=9505","alt":"","author":"1","description":"","caption":"","name":"14-2","status":"inherit","uploaded_to":16386,"date":"2023-03-23 15:11:29","modified":"2023-09-28 14:37:40","menu_order":0,"mime_type":"image\/jpeg","type":"image","subtype":"jpeg","icon":"https:\/\/www.gedy.com\/wp-includes\/images\/media\/default.png","width":300,"height":300,"sizes":{"thumbnail":"https:\/\/www.gedy.com\/wp-content\/uploads\/2023\/03\/14-150x150.jpg","thumbnail-width":150,"thumbnail-height":150,"medium":"https:\/\/www.gedy.com\/wp-content\/uploads\/2023\/03\/14-300x300.jpg","medium-width":300,"medium-height":300,"medium_large":"https:\/\/www.gedy.com\/wp-content\/uploads\/2023\/03\/14.jpg","medium_large-width":300,"medium_large-height":300,"large":"https:\/\/www.gedy.com\/wp-content\/uploads\/2023\/03\/14.jpg","large-width":300,"large-height":300,"1536x1536":"https:\/\/www.gedy.com\/wp-content\/uploads\/2023\/03\/14.jpg","1536x1536-width":300,"1536x1536-height":300,"2048x2048":"https:\/\/www.gedy.com\/wp-content\/uploads\/2023\/03\/14.jpg","2048x2048-width":300,"2048x2048-height":300,"wptl-600x450":"https:\/\/www.gedy.com\/wp-content\/uploads\/2023\/03\/14.jpg","wptl-600x450-width":300,"wptl-600x450-height":300,"wptl-320x220":"https:\/\/www.gedy.com\/wp-content\/uploads\/2023\/03\/14-300x220.jpg","wptl-320x220-width":300,"wptl-320x220-height":220,"wptl-100x100":"https:\/\/www.gedy.com\/wp-content\/uploads\/2023\/03\/14-100x100.jpg","wptl-100x100-width":100,"wptl-100x100-height":100,"woocommerce_thumbnail":"https:\/\/www.gedy.com\/wp-content\/uploads\/2023\/03\/14-300x300.jpg","woocommerce_thumbnail-width":300,"woocommerce_thumbnail-height":300,"woocommerce_single":"https:\/\/www.gedy.com\/wp-content\/uploads\/2023\/03\/14.jpg","woocommerce_single-width":300,"woocommerce_single-height":300,"woocommerce_gallery_thumbnail":"https:\/\/www.gedy.com\/wp-content\/uploads\/2023\/03\/14-100x100.jpg","woocommerce_gallery_thumbnail-width":100,"woocommerce_gallery_thumbnail-height":100}},"materiale":"ACERO INOXIDABLE AISI 304, LAT\u00d3N, PVC, ACERO INOXIDABLE ","finitura_1_codice":"14","finitura_1_nome":"NEGRO MATE","fissaggio_3":""},"_links":{"self":[{"href":"https:\/\/www.gedy.com\/es\/wp-json\/wp\/v2\/product\/122239","targetHints":{"allow":["GET"]}}],"collection":[{"href":"https:\/\/www.gedy.com\/es\/wp-json\/wp\/v2\/product"}],"about":[{"href":"https:\/\/www.gedy.com\/es\/wp-json\/wp\/v2\/types\/product"}],"replies":[{"embeddable":true,"href":"https:\/\/www.gedy.com\/es\/wp-json\/wp\/v2\/comments?post=122239"}],"wp:featuredmedia":[{"embeddable":true,"href":"https:\/\/www.gedy.com\/es\/wp-json\/wp\/v2\/media\/121805"}],"wp:attachment":[{"href":"https:\/\/www.gedy.com\/es\/wp-json\/wp\/v2\/media?parent=122239"}],"wp:term":[{"taxonomy":"product_brand","embeddable":true,"href":"https:\/\/www.gedy.com\/es\/wp-json\/wp\/v2\/product_brand?post=122239"},{"taxonomy":"product_cat","embeddable":true,"href":"https:\/\/www.gedy.com\/es\/wp-json\/wp\/v2\/product_cat?post=122239"},{"taxonomy":"product_tag","embeddable":true,"href":"https:\/\/www.gedy.com\/es\/wp-json\/wp\/v2\/product_tag?post=122239"}],"curies":[{"name":"wp","href":"https:\/\/api.w.org\/{rel}","templated":true}]}}