{"id":121581,"date":"2026-04-28T13:58:47","date_gmt":"2026-04-28T13:58:47","guid":{"rendered":"https:\/\/www.gedy.com\/prodotto\/high-pro-plus-10-juego-de-ducha-de-5-piezas-redondo-oro-rosa\/"},"modified":"2026-04-28T14:48:07","modified_gmt":"2026-04-28T14:48:07","slug":"high-pro-plus-10-juego-de-ducha-de-5-piezas-redondo-oro-rosa","status":"publish","type":"product","link":"https:\/\/www.gedy.com\/es\/prodotto\/high-pro-plus-10-juego-de-ducha-de-5-piezas-redondo-oro-rosa\/","title":{"rendered":"High pro plus 10 juego de ducha de 5 piezas, redondo oro rosa"},"content":{"rendered":"","protected":false},"excerpt":{"rendered":"<p>Juego de ducha compuesto por: mango de ducha 1 funci\u00f3n in acero inoxidable 304 aisi, \u00f8 2,4&#215;22 cm, toma de agua con soporte in lat\u00f3n 5x8x5,8 cm, flexos de ducha in pvc 150 cm, brazo ducha in acero inoxidable 40 cm y rociador de ducha in acero inoxidable aisi 304 \u00f8 25 cm. plus producto: presencia de microagujeros que crea un efecto nebuloso, conexi\u00f3n universal, filtro antisha y tiene una reducci\u00f3n en el ahorro de agua del 50%. boquillas con sistema de limpieza f\u00e1cil. el flexible es resistente a la torsi\u00f3n, resistente a la flexi\u00f3n y es resistente a una temperatura de 90\u00b0<\/p>\n","protected":false},"featured_media":121456,"comment_status":"open","ping_status":"closed","template":"","meta":{"_acf_changed":false,"_monsterinsights_skip_tracking":false,"_monsterinsights_sitenote_active":false,"_monsterinsights_sitenote_note":"","_monsterinsights_sitenote_category":0},"product_brand":[],"product_cat":[2204,10705,10755],"product_tag":[],"class_list":{"0":"post-121581","1":"product","2":"type-product","3":"status-publish","4":"has-post-thumbnail","6":"product_cat-hidroterapia","7":"product_cat-juego-de-ducha","8":"product_cat-juego-de-ducha-high-pro-plus-10","9":"pa_brand-gedy-es-2","10":"pa_filtri-novita-es","11":"pa_filtri-universale-es","12":"pa_materiale-acero-inoxidable-aisi-304","13":"pa_materiale-laton","14":"pa_numero-getti-1-es-2","16":"first","17":"instock","18":"shipping-taxable","19":"product-type-simple"},"acf":{"codice_breve_prodotto":"GYHP10110","codice_esteso_prodotto":"0000GYHP1011000","progetto":"","design":"","misure_tecniche":"","idprodotto":"GYHP10110","universale":"universale","idoneo_al_gel_igienizzante":"","accorciabilita":"","reversibile":"","doccia":"","vasca":"","numero_getti":"1 getto","prodotto_riciclato":"","novita":"novit\u00e0","made_in_italy":"","fissaggio_dallalto":"","video":false,"brand":"Gedy","chiusura_soft_close":"","con_cornice":"","fattore_di_ingrandimento":"","fissaggio":"","fissaggio_2":"","misure_commerciali":"","finitura_1_immagine":false,"materiale":"ACERO INOXIDABLE AISI 304, LAT\u00d3N, PVC, ACERO INOXIDABLE","finitura_1_codice":"82","finitura_1_nome":"ORO ROSA","fissaggio_3":""},"_links":{"self":[{"href":"https:\/\/www.gedy.com\/es\/wp-json\/wp\/v2\/product\/121581","targetHints":{"allow":["GET"]}}],"collection":[{"href":"https:\/\/www.gedy.com\/es\/wp-json\/wp\/v2\/product"}],"about":[{"href":"https:\/\/www.gedy.com\/es\/wp-json\/wp\/v2\/types\/product"}],"replies":[{"embeddable":true,"href":"https:\/\/www.gedy.com\/es\/wp-json\/wp\/v2\/comments?post=121581"}],"wp:featuredmedia":[{"embeddable":true,"href":"https:\/\/www.gedy.com\/es\/wp-json\/wp\/v2\/media\/121456"}],"wp:attachment":[{"href":"https:\/\/www.gedy.com\/es\/wp-json\/wp\/v2\/media?parent=121581"}],"wp:term":[{"taxonomy":"product_brand","embeddable":true,"href":"https:\/\/www.gedy.com\/es\/wp-json\/wp\/v2\/product_brand?post=121581"},{"taxonomy":"product_cat","embeddable":true,"href":"https:\/\/www.gedy.com\/es\/wp-json\/wp\/v2\/product_cat?post=121581"},{"taxonomy":"product_tag","embeddable":true,"href":"https:\/\/www.gedy.com\/es\/wp-json\/wp\/v2\/product_tag?post=121581"}],"curies":[{"name":"wp","href":"https:\/\/api.w.org\/{rel}","templated":true}]}}