{"id":121513,"date":"2026-04-28T13:18:22","date_gmt":"2026-04-28T13:18:22","guid":{"rendered":"https:\/\/www.gedy.com\/prodotto\/star-plus-05-columna-de-ducha-extensible-oro-rosa\/"},"modified":"2026-04-28T14:21:17","modified_gmt":"2026-04-28T14:21:17","slug":"star-plus-05-columna-de-ducha-extensible-oro-rosa","status":"publish","type":"product","link":"https:\/\/www.gedy.com\/es\/prodotto\/star-plus-05-columna-de-ducha-extensible-oro-rosa\/","title":{"rendered":"Star plus 05 columna de ducha extensible oro rosa"},"content":{"rendered":"","protected":false},"excerpt":{"rendered":"<p>Columna de ducha extensible 84-144 cm, mezclador manual, rociador 1 chorro \u00f8 22,5 cm, mango de ducha 3 chorros, flexo 150 cm 1\/2 x1\/2  con cono anti torsi\u00f3n. plus producto: presencia de microagujeros que crea un efecto nebuloso, conexi\u00f3n universal, filtro antisha y tiene una reducci\u00f3n en el ahorro de agua del 50%. boquillas con sistema de limpieza f\u00e1cil. el flexible es resistente a la torsi\u00f3n, resistente a la flexi\u00f3n y es resistente a una temperatura de 90\u00b0<\/p>\n","protected":false},"featured_media":121144,"comment_status":"open","ping_status":"closed","template":"","meta":{"_acf_changed":false,"_monsterinsights_skip_tracking":false,"_monsterinsights_sitenote_active":false,"_monsterinsights_sitenote_note":"","_monsterinsights_sitenote_category":0},"product_brand":[],"product_cat":[10639,7287,2204],"product_tag":[],"class_list":{"0":"post-121513","1":"product","2":"type-product","3":"status-publish","4":"has-post-thumbnail","6":"product_cat-columna-de-ducha-star-plus-05","7":"product_cat-columnas-de-ducha","8":"product_cat-hidroterapia","9":"pa_brand-gedy-es-2","10":"pa_filtri-novita-es","11":"pa_filtri-universale-es","12":"pa_materiale-abs-es","13":"pa_materiale-acero-inoxidable","14":"pa_numero-getti-3-es-2","16":"first","17":"instock","18":"shipping-taxable","19":"product-type-simple"},"acf":{"codice_breve_prodotto":"GYSC10255","codice_esteso_prodotto":"0000GYSC1025560","progetto":"","design":"","misure_tecniche":"49X28,8X144","idprodotto":"GYSC10255","universale":"universale","numero_getti":"3 getti","novita":"novit\u00e0","brand":"Gedy","materiale":"ACERO INOXIDABLE, ABS","finitura_1_codice":"82","finitura_1_nome":"ORO ROSA","fissaggio_3":""},"_links":{"self":[{"href":"https:\/\/www.gedy.com\/es\/wp-json\/wp\/v2\/product\/121513","targetHints":{"allow":["GET"]}}],"collection":[{"href":"https:\/\/www.gedy.com\/es\/wp-json\/wp\/v2\/product"}],"about":[{"href":"https:\/\/www.gedy.com\/es\/wp-json\/wp\/v2\/types\/product"}],"replies":[{"embeddable":true,"href":"https:\/\/www.gedy.com\/es\/wp-json\/wp\/v2\/comments?post=121513"}],"wp:featuredmedia":[{"embeddable":true,"href":"https:\/\/www.gedy.com\/es\/wp-json\/wp\/v2\/media\/121144"}],"wp:attachment":[{"href":"https:\/\/www.gedy.com\/es\/wp-json\/wp\/v2\/media?parent=121513"}],"wp:term":[{"taxonomy":"product_brand","embeddable":true,"href":"https:\/\/www.gedy.com\/es\/wp-json\/wp\/v2\/product_brand?post=121513"},{"taxonomy":"product_cat","embeddable":true,"href":"https:\/\/www.gedy.com\/es\/wp-json\/wp\/v2\/product_cat?post=121513"},{"taxonomy":"product_tag","embeddable":true,"href":"https:\/\/www.gedy.com\/es\/wp-json\/wp\/v2\/product_tag?post=121513"}],"curies":[{"name":"wp","href":"https:\/\/api.w.org\/{rel}","templated":true}]}}