{"id":117177,"date":"2025-10-24T08:19:01","date_gmt":"2025-10-24T08:19:01","guid":{"rendered":"https:\/\/www.gedy.com\/product\/pirenei-escobillero-de-pared-oro-rose\/"},"modified":"2025-10-24T09:45:00","modified_gmt":"2025-10-24T09:45:00","slug":"pirenei-escobillero-de-pared-oro-rose","status":"publish","type":"product","link":"https:\/\/www.gedy.com\/es\/prodotto\/pirenei-escobillero-de-pared-oro-rose\/","title":{"rendered":"Pirenei escobillero de pared oro rose"},"content":{"rendered":"","protected":false},"excerpt":{"rendered":"<p>Cepillo de pared con pu\u00f1o de cerdas negro y copa interna extra\u00edble apto para f\u00e1cil limpieza<\/p>\n","protected":false},"featured_media":116929,"comment_status":"open","ping_status":"closed","template":"","meta":{"_acf_changed":false,"_monsterinsights_skip_tracking":false,"_monsterinsights_sitenote_active":false,"_monsterinsights_sitenote_note":"","_monsterinsights_sitenote_category":0},"product_brand":[],"product_cat":[448,1212],"product_tag":[],"class_list":{"0":"post-117177","1":"product","2":"type-product","3":"status-publish","4":"has-post-thumbnail","6":"product_cat-accesorios-mural","7":"product_cat-pirenei-es","8":"pa_brand-gedy-es-2","9":"pa_filtri-novita-es","10":"pa_fissaggio-con-viti-es","11":"pa_materiale-cromall-es","12":"pa_materiale-laton","14":"first","15":"instock","16":"shipping-taxable","17":"product-type-simple"},"acf":{"universale":"","idoneo_al_gel_igienizzante":"","accorciabilita":"","reversibile":"","doccia":"","vasca":"","numero_getti":"","prodotto_riciclato":"","novita":"novit\u00e0","made_in_italy":"","fissaggio_dallalto":"","video":false,"brand":"Gedy","chiusura_soft_close":"","con_cornice":"","fattore_di_ingrandimento":"","fissaggio":"","fissaggio_2":"Con TORNILLOS","misure_commerciali":"","finitura_1_immagine":false,"materiale":"LATON, CROMALL\u00ae ","finitura_1_codice":"82","finitura_1_nome":"ORO ROSE","fissaggio_3":"","codice_breve_prodotto":"PI33-03","codice_esteso_prodotto":"0000PI338200003","misure_tecniche":"8,4x10,4x37","idprodotto":"PI33-03"},"_links":{"self":[{"href":"https:\/\/www.gedy.com\/es\/wp-json\/wp\/v2\/product\/117177","targetHints":{"allow":["GET"]}}],"collection":[{"href":"https:\/\/www.gedy.com\/es\/wp-json\/wp\/v2\/product"}],"about":[{"href":"https:\/\/www.gedy.com\/es\/wp-json\/wp\/v2\/types\/product"}],"replies":[{"embeddable":true,"href":"https:\/\/www.gedy.com\/es\/wp-json\/wp\/v2\/comments?post=117177"}],"wp:featuredmedia":[{"embeddable":true,"href":"https:\/\/www.gedy.com\/es\/wp-json\/wp\/v2\/media\/116929"}],"wp:attachment":[{"href":"https:\/\/www.gedy.com\/es\/wp-json\/wp\/v2\/media?parent=117177"}],"wp:term":[{"taxonomy":"product_brand","embeddable":true,"href":"https:\/\/www.gedy.com\/es\/wp-json\/wp\/v2\/product_brand?post=117177"},{"taxonomy":"product_cat","embeddable":true,"href":"https:\/\/www.gedy.com\/es\/wp-json\/wp\/v2\/product_cat?post=117177"},{"taxonomy":"product_tag","embeddable":true,"href":"https:\/\/www.gedy.com\/es\/wp-json\/wp\/v2\/product_tag?post=117177"}],"curies":[{"name":"wp","href":"https:\/\/api.w.org\/{rel}","templated":true}]}}