{"id":116642,"date":"2025-10-23T14:33:03","date_gmt":"2025-10-23T14:33:03","guid":{"rendered":"https:\/\/www.gedy.com\/product\/meltemi-secador-de-manos-electrico-con-fotocelula-plata\/"},"modified":"2025-10-23T15:39:52","modified_gmt":"2025-10-23T15:39:52","slug":"meltemi-secador-de-manos-electrico-con-fotocelula-plata","status":"publish","type":"product","link":"https:\/\/www.gedy.com\/es\/prodotto\/meltemi-secador-de-manos-electrico-con-fotocelula-plata\/","title":{"rendered":"Meltemi secador de manos el\u00e9ctrico con fotoc\u00e9lula plata"},"content":{"rendered":"","protected":false},"excerpt":{"rendered":"<p>Secador de manos el\u00e9ctricas con fotoc\u00e9lula con introducci\u00f3n vertical de las manos 1650-1850 w, velocidad de aire 90\/95 m\/s con secado en 5-7 sec. classe ii &#8211; ipx4 &#8211; 220 v &#8211; 50-60hz.<\/p>\n","protected":false},"featured_media":116466,"comment_status":"open","ping_status":"closed","template":"","meta":{"_acf_changed":false,"_monsterinsights_skip_tracking":false,"_monsterinsights_sitenote_active":false,"_monsterinsights_sitenote_note":"","_monsterinsights_sitenote_category":0},"product_brand":[],"product_cat":[1312,10274,8733],"product_tag":[],"class_list":{"0":"post-116642","1":"product","2":"type-product","3":"status-publish","4":"has-post-thumbnail","6":"product_cat-contract-es","7":"product_cat-meltemi-es","8":"product_cat-secadores-de-manos","9":"pa_brand-gedy-es-2","10":"pa_filtri-novita-es","11":"pa_materiale-resinas-termoplasticas","13":"first","14":"instock","15":"shipping-taxable","16":"product-type-simple"},"acf":{"universale":"","idoneo_al_gel_igienizzante":"","accorciabilita":"","reversibile":"","doccia":"","vasca":"","numero_getti":"","prodotto_riciclato":"","novita":"novit\u00e0","made_in_italy":"","fissaggio_dallalto":"","video":false,"brand":"Gedy","chiusura_soft_close":"","con_cornice":"","fattore_di_ingrandimento":"","fissaggio":"","fissaggio_2":"","misure_commerciali":"","finitura_1_immagine":{"ID":57108,"id":57108,"title":"73","filename":"73.jpg","filesize":1997,"url":"https:\/\/www.gedy.com\/wp-content\/uploads\/2023\/08\/73.jpg","link":"https:\/\/www.gedy.com\/es\/?attachment_id=57108","alt":"","author":"1","description":"","caption":"","name":"73-2","status":"inherit","uploaded_to":52906,"date":"2023-10-03 14:41:39","modified":"2023-10-03 14:41:39","menu_order":0,"mime_type":"image\/jpeg","type":"image","subtype":"jpeg","icon":"https:\/\/www.gedy.com\/wp-includes\/images\/media\/default.png","width":300,"height":274,"sizes":{"thumbnail":"https:\/\/www.gedy.com\/wp-content\/uploads\/2023\/08\/73-150x150.jpg","thumbnail-width":150,"thumbnail-height":150,"medium":"https:\/\/www.gedy.com\/wp-content\/uploads\/2023\/08\/73.jpg","medium-width":300,"medium-height":274,"medium_large":"https:\/\/www.gedy.com\/wp-content\/uploads\/2023\/08\/73.jpg","medium_large-width":300,"medium_large-height":274,"large":"https:\/\/www.gedy.com\/wp-content\/uploads\/2023\/08\/73.jpg","large-width":300,"large-height":274,"1536x1536":"https:\/\/www.gedy.com\/wp-content\/uploads\/2023\/08\/73.jpg","1536x1536-width":300,"1536x1536-height":274,"2048x2048":"https:\/\/www.gedy.com\/wp-content\/uploads\/2023\/08\/73.jpg","2048x2048-width":300,"2048x2048-height":274,"wptl-600x450":"https:\/\/www.gedy.com\/wp-content\/uploads\/2023\/08\/73.jpg","wptl-600x450-width":300,"wptl-600x450-height":274,"wptl-320x220":"https:\/\/www.gedy.com\/wp-content\/uploads\/2023\/08\/73-300x220.jpg","wptl-320x220-width":300,"wptl-320x220-height":220,"wptl-100x100":"https:\/\/www.gedy.com\/wp-content\/uploads\/2023\/08\/73-100x100.jpg","wptl-100x100-width":100,"wptl-100x100-height":100,"woocommerce_thumbnail":"https:\/\/www.gedy.com\/wp-content\/uploads\/2023\/08\/73.jpg","woocommerce_thumbnail-width":300,"woocommerce_thumbnail-height":274,"woocommerce_single":"https:\/\/www.gedy.com\/wp-content\/uploads\/2023\/08\/73.jpg","woocommerce_single-width":300,"woocommerce_single-height":274,"woocommerce_gallery_thumbnail":"https:\/\/www.gedy.com\/wp-content\/uploads\/2023\/08\/73-100x100.jpg","woocommerce_gallery_thumbnail-width":100,"woocommerce_gallery_thumbnail-height":100}},"materiale":"RESINAS TERMOPL\u00c1STICAS","finitura_1_codice":"73","finitura_1_nome":"PLATA","fissaggio_3":"","codice_breve_prodotto":"2462","codice_esteso_prodotto":"000024627300000","misure_tecniche":"30X22X68","idprodotto":"2462"},"_links":{"self":[{"href":"https:\/\/www.gedy.com\/es\/wp-json\/wp\/v2\/product\/116642","targetHints":{"allow":["GET"]}}],"collection":[{"href":"https:\/\/www.gedy.com\/es\/wp-json\/wp\/v2\/product"}],"about":[{"href":"https:\/\/www.gedy.com\/es\/wp-json\/wp\/v2\/types\/product"}],"replies":[{"embeddable":true,"href":"https:\/\/www.gedy.com\/es\/wp-json\/wp\/v2\/comments?post=116642"}],"wp:featuredmedia":[{"embeddable":true,"href":"https:\/\/www.gedy.com\/es\/wp-json\/wp\/v2\/media\/116466"}],"wp:attachment":[{"href":"https:\/\/www.gedy.com\/es\/wp-json\/wp\/v2\/media?parent=116642"}],"wp:term":[{"taxonomy":"product_brand","embeddable":true,"href":"https:\/\/www.gedy.com\/es\/wp-json\/wp\/v2\/product_brand?post=116642"},{"taxonomy":"product_cat","embeddable":true,"href":"https:\/\/www.gedy.com\/es\/wp-json\/wp\/v2\/product_cat?post=116642"},{"taxonomy":"product_tag","embeddable":true,"href":"https:\/\/www.gedy.com\/es\/wp-json\/wp\/v2\/product_tag?post=116642"}],"curies":[{"name":"wp","href":"https:\/\/api.w.org\/{rel}","templated":true}]}}