{"id":116630,"date":"2025-10-23T14:26:38","date_gmt":"2025-10-23T14:26:38","guid":{"rendered":"https:\/\/www.gedy.com\/product\/trilly-columna-de-pie-con-portarrollos-y-escobillero-oro-rosa\/"},"modified":"2025-10-23T15:35:10","modified_gmt":"2025-10-23T15:35:10","slug":"trilly-columna-de-pie-con-portarrollos-y-escobillero-oro-rosa","status":"publish","type":"product","link":"https:\/\/www.gedy.com\/es\/prodotto\/trilly-columna-de-pie-con-portarrollos-y-escobillero-oro-rosa\/","title":{"rendered":"Trilly columna de pie con portarrollos y escobillero oro rosa"},"content":{"rendered":"","protected":false},"excerpt":{"rendered":"<p>Columna de pie con portarrollos y escobillero y acero inoxidable base. cepillo con pu\u00f1o de cerdas negras y copa interna extra\u00edble apto para f\u00e1cil limpieza<\/p>\n","protected":false},"featured_media":116428,"comment_status":"open","ping_status":"closed","template":"","meta":{"_acf_changed":false,"_monsterinsights_skip_tracking":false,"_monsterinsights_sitenote_active":false,"_monsterinsights_sitenote_note":"","_monsterinsights_sitenote_category":0},"product_brand":[],"product_cat":[710,3993,9610],"product_tag":[],"class_list":{"0":"post-116630","1":"product","2":"type-product","3":"status-publish","4":"has-post-thumbnail","6":"product_cat-mobiliario","7":"product_cat-toalleros-de-pie","8":"product_cat-trilly-es","9":"pa_brand-gedy-es-2","10":"pa_filtri-novita-es","11":"pa_materiale-acero-inoxidable","12":"pa_materiale-cromall-es","14":"first","15":"instock","16":"shipping-taxable","17":"product-type-simple"},"acf":{"universale":"","idoneo_al_gel_igienizzante":"","accorciabilita":"","reversibile":"","doccia":"","vasca":"","numero_getti":"","prodotto_riciclato":"","novita":"novit\u00e0","made_in_italy":"","fissaggio_dallalto":"","video":false,"brand":"Gedy","chiusura_soft_close":"","con_cornice":"","fattore_di_ingrandimento":"","fissaggio":"","fissaggio_2":"","misure_commerciali":"","finitura_1_immagine":false,"materiale":"ACERO INOXIDABLE, CROMALL\u00ae ","finitura_1_codice":"82","finitura_1_nome":"ORO ROSA","fissaggio_3":"","codice_breve_prodotto":"TR32","codice_esteso_prodotto":"0000TR328200000","misure_tecniche":"14X14X63","idprodotto":"TR32"},"_links":{"self":[{"href":"https:\/\/www.gedy.com\/es\/wp-json\/wp\/v2\/product\/116630","targetHints":{"allow":["GET"]}}],"collection":[{"href":"https:\/\/www.gedy.com\/es\/wp-json\/wp\/v2\/product"}],"about":[{"href":"https:\/\/www.gedy.com\/es\/wp-json\/wp\/v2\/types\/product"}],"replies":[{"embeddable":true,"href":"https:\/\/www.gedy.com\/es\/wp-json\/wp\/v2\/comments?post=116630"}],"wp:featuredmedia":[{"embeddable":true,"href":"https:\/\/www.gedy.com\/es\/wp-json\/wp\/v2\/media\/116428"}],"wp:attachment":[{"href":"https:\/\/www.gedy.com\/es\/wp-json\/wp\/v2\/media?parent=116630"}],"wp:term":[{"taxonomy":"product_brand","embeddable":true,"href":"https:\/\/www.gedy.com\/es\/wp-json\/wp\/v2\/product_brand?post=116630"},{"taxonomy":"product_cat","embeddable":true,"href":"https:\/\/www.gedy.com\/es\/wp-json\/wp\/v2\/product_cat?post=116630"},{"taxonomy":"product_tag","embeddable":true,"href":"https:\/\/www.gedy.com\/es\/wp-json\/wp\/v2\/product_tag?post=116630"}],"curies":[{"name":"wp","href":"https:\/\/api.w.org\/{rel}","templated":true}]}}