{"id":115437,"date":"2025-10-22T14:23:34","date_gmt":"2025-10-22T14:23:34","guid":{"rendered":"https:\/\/www.gedy.com\/product\/flip-escobillero-oro-rosa\/"},"modified":"2025-10-22T14:50:10","modified_gmt":"2025-10-22T14:50:10","slug":"flip-escobillero-oro-rosa","status":"publish","type":"product","link":"https:\/\/www.gedy.com\/es\/prodotto\/flip-escobillero-oro-rosa\/","title":{"rendered":"Flip escobillero oro rosa"},"content":{"rendered":"","protected":false},"excerpt":{"rendered":"<p>Cepillo con pu\u00f1o de cerda negro y copa interna extra\u00edble apto para f\u00e1cil limpieza<\/p>\n","protected":false},"featured_media":115359,"comment_status":"open","ping_status":"closed","template":"","meta":{"_acf_changed":false,"_monsterinsights_skip_tracking":false,"_monsterinsights_sitenote_active":false,"_monsterinsights_sitenote_note":"","_monsterinsights_sitenote_category":0},"product_brand":[],"product_cat":[707,3954,6173],"product_tag":[],"class_list":{"0":"post-115437","1":"product","2":"type-product","3":"status-publish","4":"has-post-thumbnail","6":"product_cat-accesorios-zona-wc","7":"product_cat-escobilleros-es-12","8":"product_cat-flip-es","9":"pa_brand-gedy-es-2","10":"pa_filtri-novita-es","11":"pa_materiale-acero-inoxidable","13":"first","14":"instock","15":"shipping-taxable","16":"product-type-simple"},"acf":{"universale":"","idoneo_al_gel_igienizzante":"","accorciabilita":"","reversibile":"","doccia":"","vasca":"","numero_getti":"","prodotto_riciclato":"","novita":"novit\u00e0","made_in_italy":"","fissaggio_dallalto":"","video":false,"brand":"Gedy","chiusura_soft_close":"","con_cornice":"","fattore_di_ingrandimento":"","fissaggio":"","fissaggio_2":"","misure_commerciali":"","finitura_1_immagine":false,"materiale":"ACERO INOXIDABLE","finitura_1_codice":"82","finitura_1_nome":"ORO ROSA","fissaggio_3":"","codice_breve_prodotto":"5233","codice_esteso_prodotto":"000052338200200","misure_tecniche":"9,1X9,1X37,7","idprodotto":"5233"},"_links":{"self":[{"href":"https:\/\/www.gedy.com\/es\/wp-json\/wp\/v2\/product\/115437","targetHints":{"allow":["GET"]}}],"collection":[{"href":"https:\/\/www.gedy.com\/es\/wp-json\/wp\/v2\/product"}],"about":[{"href":"https:\/\/www.gedy.com\/es\/wp-json\/wp\/v2\/types\/product"}],"replies":[{"embeddable":true,"href":"https:\/\/www.gedy.com\/es\/wp-json\/wp\/v2\/comments?post=115437"}],"wp:featuredmedia":[{"embeddable":true,"href":"https:\/\/www.gedy.com\/es\/wp-json\/wp\/v2\/media\/115359"}],"wp:attachment":[{"href":"https:\/\/www.gedy.com\/es\/wp-json\/wp\/v2\/media?parent=115437"}],"wp:term":[{"taxonomy":"product_brand","embeddable":true,"href":"https:\/\/www.gedy.com\/es\/wp-json\/wp\/v2\/product_brand?post=115437"},{"taxonomy":"product_cat","embeddable":true,"href":"https:\/\/www.gedy.com\/es\/wp-json\/wp\/v2\/product_cat?post=115437"},{"taxonomy":"product_tag","embeddable":true,"href":"https:\/\/www.gedy.com\/es\/wp-json\/wp\/v2\/product_tag?post=115437"}],"curies":[{"name":"wp","href":"https:\/\/api.w.org\/{rel}","templated":true}]}}