{"id":109962,"date":"2024-05-28T16:12:47","date_gmt":"2024-05-28T16:12:47","guid":{"rendered":"https:\/\/www.gedy.com\/product\/kenta-escobillero-natural-negro-mate\/"},"modified":"2024-05-29T07:59:40","modified_gmt":"2024-05-29T07:59:40","slug":"kenta-escobillero-natural-negro-mate","status":"publish","type":"product","link":"https:\/\/www.gedy.com\/es\/prodotto\/kenta-escobillero-natural-negro-mate\/","title":{"rendered":"Kenta escobillero natural\/negro mate"},"content":{"rendered":"","protected":false},"excerpt":{"rendered":"<p>Cepillo con pu\u00f1o de cerda negro y copa interna extra\u00edble apto para f\u00e1cil limpieza<\/p>\n","protected":false},"featured_media":109878,"comment_status":"open","ping_status":"closed","template":"","meta":{"_acf_changed":false,"_monsterinsights_skip_tracking":false,"_monsterinsights_sitenote_active":false,"_monsterinsights_sitenote_note":"","_monsterinsights_sitenote_category":0},"product_brand":[],"product_cat":[707,3954,10155],"product_tag":[],"class_list":{"0":"post-109962","1":"product","2":"type-product","3":"status-publish","4":"has-post-thumbnail","6":"product_cat-accesorios-zona-wc","7":"product_cat-escobilleros-es-12","8":"product_cat-kenta-2-es","9":"pa_brand-gedy-es-2","10":"pa_filtri-novita-es","11":"pa_materiale-acero-inoxidable","12":"pa_materiale-bambu-2-es","14":"first","15":"instock","16":"shipping-taxable","17":"product-type-simple"},"acf":{"novita":"novit\u00e0","brand":"Gedy","finitura_1_immagine":{"ID":62897,"id":62897,"title":"41","filename":"41.jpg","filesize":22292,"url":"https:\/\/www.gedy.com\/wp-content\/uploads\/2023\/08\/41.jpg","link":"https:\/\/www.gedy.com\/es\/?attachment_id=62897","alt":"","author":"1","description":"","caption":"","name":"41-2","status":"inherit","uploaded_to":41666,"date":"2023-11-02 10:28:02","modified":"2023-11-02 10:28:02","menu_order":0,"mime_type":"image\/jpeg","type":"image","subtype":"jpeg","icon":"https:\/\/www.gedy.com\/wp-includes\/images\/media\/default.png","width":300,"height":297,"sizes":{"thumbnail":"https:\/\/www.gedy.com\/wp-content\/uploads\/2023\/08\/41-150x150.jpg","thumbnail-width":150,"thumbnail-height":150,"medium":"https:\/\/www.gedy.com\/wp-content\/uploads\/2023\/08\/41.jpg","medium-width":300,"medium-height":297,"medium_large":"https:\/\/www.gedy.com\/wp-content\/uploads\/2023\/08\/41.jpg","medium_large-width":300,"medium_large-height":297,"large":"https:\/\/www.gedy.com\/wp-content\/uploads\/2023\/08\/41.jpg","large-width":300,"large-height":297,"1536x1536":"https:\/\/www.gedy.com\/wp-content\/uploads\/2023\/08\/41.jpg","1536x1536-width":300,"1536x1536-height":297,"2048x2048":"https:\/\/www.gedy.com\/wp-content\/uploads\/2023\/08\/41.jpg","2048x2048-width":300,"2048x2048-height":297,"wptl-600x450":"https:\/\/www.gedy.com\/wp-content\/uploads\/2023\/08\/41.jpg","wptl-600x450-width":300,"wptl-600x450-height":297,"wptl-320x220":"https:\/\/www.gedy.com\/wp-content\/uploads\/2023\/08\/41-300x220.jpg","wptl-320x220-width":300,"wptl-320x220-height":220,"wptl-100x100":"https:\/\/www.gedy.com\/wp-content\/uploads\/2023\/08\/41-100x100.jpg","wptl-100x100-width":100,"wptl-100x100-height":100,"woocommerce_thumbnail":"https:\/\/www.gedy.com\/wp-content\/uploads\/2023\/08\/41.jpg","woocommerce_thumbnail-width":300,"woocommerce_thumbnail-height":297,"woocommerce_single":"https:\/\/www.gedy.com\/wp-content\/uploads\/2023\/08\/41.jpg","woocommerce_single-width":300,"woocommerce_single-height":297,"woocommerce_gallery_thumbnail":"https:\/\/www.gedy.com\/wp-content\/uploads\/2023\/08\/41-100x100.jpg","woocommerce_gallery_thumbnail-width":100,"woocommerce_gallery_thumbnail-height":100}},"materiale":"ACERO INOXIDABLE, BAMBU'","finitura_1_codice":"41","finitura_1_nome":"NATURAL\/NEGRO MATE","fissaggio_3":"","codice_breve_prodotto":"1434","codice_esteso_prodotto":"000014344100300","misure_tecniche":"9,1X9,1X37,7","idprodotto":"1434","dimensione":"","finitura_2_codice":"","finitura_3_codice":"","finitura_4_codice":"","finitura_2_nome":"","finitura_3_nome":"","finitura_4_nome":"","design":"","capacita":"","progetto":"LINEA BAMBOOM"},"_links":{"self":[{"href":"https:\/\/www.gedy.com\/es\/wp-json\/wp\/v2\/product\/109962","targetHints":{"allow":["GET"]}}],"collection":[{"href":"https:\/\/www.gedy.com\/es\/wp-json\/wp\/v2\/product"}],"about":[{"href":"https:\/\/www.gedy.com\/es\/wp-json\/wp\/v2\/types\/product"}],"replies":[{"embeddable":true,"href":"https:\/\/www.gedy.com\/es\/wp-json\/wp\/v2\/comments?post=109962"}],"wp:featuredmedia":[{"embeddable":true,"href":"https:\/\/www.gedy.com\/es\/wp-json\/wp\/v2\/media\/109878"}],"wp:attachment":[{"href":"https:\/\/www.gedy.com\/es\/wp-json\/wp\/v2\/media?parent=109962"}],"wp:term":[{"taxonomy":"product_brand","embeddable":true,"href":"https:\/\/www.gedy.com\/es\/wp-json\/wp\/v2\/product_brand?post=109962"},{"taxonomy":"product_cat","embeddable":true,"href":"https:\/\/www.gedy.com\/es\/wp-json\/wp\/v2\/product_cat?post=109962"},{"taxonomy":"product_tag","embeddable":true,"href":"https:\/\/www.gedy.com\/es\/wp-json\/wp\/v2\/product_tag?post=109962"}],"curies":[{"name":"wp","href":"https:\/\/api.w.org\/{rel}","templated":true}]}}