{"id":105040,"date":"2024-05-15T12:32:47","date_gmt":"2024-05-15T12:32:47","guid":{"rendered":"https:\/\/www.gedy.com\/product\/top-06-mango-de-ducha-3-chorros-cromado-2\/"},"modified":"2024-05-15T13:25:28","modified_gmt":"2024-05-15T13:25:28","slug":"top-06-mango-de-ducha-3-chorros-cromado-2","status":"publish","type":"product","link":"https:\/\/www.gedy.com\/es\/prodotto\/top-06-mango-de-ducha-3-chorros-cromado-2\/","title":{"rendered":"Top 06 mango de ducha 3 chorros  cromado"},"content":{"rendered":"","protected":false},"excerpt":{"rendered":"<p>Ducha de mano 3 chorros cascade efecto, las conexione son de tipo universal est\u00e1ndar. plus producto: con cambio de chorros con bot\u00f3, dotado de filtro anti-arena, eyecoresque permiten una fac\u00edl remocion de la cal acumulada y de un filtro que permite reducir hasta el 50% el consumo de agua.<\/p>\n","protected":false},"featured_media":110061,"comment_status":"open","ping_status":"closed","template":"","meta":{"_acf_changed":false,"_monsterinsights_skip_tracking":false,"_monsterinsights_sitenote_active":false,"_monsterinsights_sitenote_note":"","_monsterinsights_sitenote_category":0},"product_brand":[],"product_cat":[2204,4001],"product_tag":[],"class_list":{"0":"post-105040","1":"product","2":"type-product","3":"status-publish","4":"has-post-thumbnail","6":"product_cat-hidroterapia","7":"product_cat-mangos-de-ducha-es-6","8":"pa_brand-gedy-es-2","9":"pa_filtri-novita-es","10":"pa_filtri-universale-es","11":"pa_materiale-abs-es","12":"pa_numero-getti-3-es-2","14":"first","15":"instock","16":"shipping-taxable","17":"product-type-simple"},"acf":{"universale":"universale","numero_getti":"3 getti","novita":"novit\u00e0","finitura_1_immagine":{"ID":9500,"id":9500,"title":"13","filename":"13.jpg","filesize":9201,"url":"https:\/\/www.gedy.com\/wp-content\/uploads\/2023\/03\/13.jpg","link":"https:\/\/www.gedy.com\/es\/?attachment_id=9500","alt":"","author":"1","description":"","caption":"","name":"13-2","status":"inherit","uploaded_to":16198,"date":"2023-03-23 15:11:28","modified":"2023-09-28 14:37:39","menu_order":0,"mime_type":"image\/jpeg","type":"image","subtype":"jpeg","icon":"https:\/\/www.gedy.com\/wp-includes\/images\/media\/default.png","width":300,"height":300,"sizes":{"thumbnail":"https:\/\/www.gedy.com\/wp-content\/uploads\/2023\/03\/13-150x150.jpg","thumbnail-width":150,"thumbnail-height":150,"medium":"https:\/\/www.gedy.com\/wp-content\/uploads\/2023\/03\/13-300x300.jpg","medium-width":300,"medium-height":300,"medium_large":"https:\/\/www.gedy.com\/wp-content\/uploads\/2023\/03\/13.jpg","medium_large-width":300,"medium_large-height":300,"large":"https:\/\/www.gedy.com\/wp-content\/uploads\/2023\/03\/13.jpg","large-width":300,"large-height":300,"1536x1536":"https:\/\/www.gedy.com\/wp-content\/uploads\/2023\/03\/13.jpg","1536x1536-width":300,"1536x1536-height":300,"2048x2048":"https:\/\/www.gedy.com\/wp-content\/uploads\/2023\/03\/13.jpg","2048x2048-width":300,"2048x2048-height":300,"wptl-600x450":"https:\/\/www.gedy.com\/wp-content\/uploads\/2023\/03\/13.jpg","wptl-600x450-width":300,"wptl-600x450-height":300,"wptl-320x220":"https:\/\/www.gedy.com\/wp-content\/uploads\/2023\/03\/13-300x220.jpg","wptl-320x220-width":300,"wptl-320x220-height":220,"wptl-100x100":"https:\/\/www.gedy.com\/wp-content\/uploads\/2023\/03\/13-100x100.jpg","wptl-100x100-width":100,"wptl-100x100-height":100,"woocommerce_thumbnail":"https:\/\/www.gedy.com\/wp-content\/uploads\/2023\/03\/13-300x300.jpg","woocommerce_thumbnail-width":300,"woocommerce_thumbnail-height":300,"woocommerce_single":"https:\/\/www.gedy.com\/wp-content\/uploads\/2023\/03\/13.jpg","woocommerce_single-width":300,"woocommerce_single-height":300,"woocommerce_gallery_thumbnail":"https:\/\/www.gedy.com\/wp-content\/uploads\/2023\/03\/13-100x100.jpg","woocommerce_gallery_thumbnail-width":100,"woocommerce_gallery_thumbnail-height":100}},"codice_breve_prodotto":"GYHS10406","codice_esteso_prodotto":"0000GYHS1040660","progetto":"","design":"","brand":"Gedy","misure_tecniche":"13X4,5X26","idprodotto":"GYHS10406","materiale":"ABS","finitura_1_codice":"13","finitura_1_nome":"CROMADO","fissaggio_3":""},"_links":{"self":[{"href":"https:\/\/www.gedy.com\/es\/wp-json\/wp\/v2\/product\/105040","targetHints":{"allow":["GET"]}}],"collection":[{"href":"https:\/\/www.gedy.com\/es\/wp-json\/wp\/v2\/product"}],"about":[{"href":"https:\/\/www.gedy.com\/es\/wp-json\/wp\/v2\/types\/product"}],"replies":[{"embeddable":true,"href":"https:\/\/www.gedy.com\/es\/wp-json\/wp\/v2\/comments?post=105040"}],"wp:featuredmedia":[{"embeddable":true,"href":"https:\/\/www.gedy.com\/es\/wp-json\/wp\/v2\/media\/110061"}],"wp:attachment":[{"href":"https:\/\/www.gedy.com\/es\/wp-json\/wp\/v2\/media?parent=105040"}],"wp:term":[{"taxonomy":"product_brand","embeddable":true,"href":"https:\/\/www.gedy.com\/es\/wp-json\/wp\/v2\/product_brand?post=105040"},{"taxonomy":"product_cat","embeddable":true,"href":"https:\/\/www.gedy.com\/es\/wp-json\/wp\/v2\/product_cat?post=105040"},{"taxonomy":"product_tag","embeddable":true,"href":"https:\/\/www.gedy.com\/es\/wp-json\/wp\/v2\/product_tag?post=105040"}],"curies":[{"name":"wp","href":"https:\/\/api.w.org\/{rel}","templated":true}]}}