{"id":115172,"date":"2022-10-11T08:50:14","date_gmt":"2022-10-11T08:50:14","guid":{"rendered":"https:\/\/www.gedy.com\/privacy-policy\/"},"modified":"2025-07-01T16:01:23","modified_gmt":"2025-07-01T16:01:23","slug":"privacy-policy","status":"publish","type":"page","link":"https:\/\/www.gedy.com\/en\/privacy-policy\/","title":{"rendered":"Privacy Policy"},"content":{"rendered":"\t\t<div data-elementor-type=\"wp-page\" data-elementor-id=\"115172\" class=\"elementor elementor-115172 elementor-3\" data-elementor-post-type=\"page\">\n\t\t\t\t\t\t<section class=\"elementor-section elementor-top-section elementor-element elementor-element-1369363 elementor-section-boxed elementor-section-height-default elementor-section-height-default\" data-id=\"1369363\" data-element_type=\"section\" data-e-type=\"section\">\n\t\t\t\t\t\t<div class=\"elementor-container elementor-column-gap-default\">\n\t\t\t\t\t<div class=\"elementor-column elementor-col-100 elementor-top-column elementor-element elementor-element-64cbea3\" data-id=\"64cbea3\" data-element_type=\"column\" data-e-type=\"column\">\n\t\t\t<div class=\"elementor-widget-wrap elementor-element-populated\">\n\t\t\t\t\t\t<div class=\"elementor-element elementor-element-6421e02 elementor-widget elementor-widget-heading\" data-id=\"6421e02\" data-element_type=\"widget\" data-e-type=\"widget\" data-widget_type=\"heading.default\">\n\t\t\t\t<div class=\"elementor-widget-container\">\n\t\t\t\t\t<h2 class=\"elementor-heading-title elementor-size-xxl\">Privacy Policy<span style=\"color:red\">.<\/span><\/h2>\t\t\t\t<\/div>\n\t\t\t\t<\/div>\n\t\t\t\t<div class=\"elementor-element elementor-element-dbe32db elementor-widget elementor-widget-spacer\" data-id=\"dbe32db\" data-element_type=\"widget\" data-e-type=\"widget\" data-widget_type=\"spacer.default\">\n\t\t\t\t<div class=\"elementor-widget-container\">\n\t\t\t\t\t\t\t<div class=\"elementor-spacer\">\n\t\t\t<div class=\"elementor-spacer-inner\"><\/div>\n\t\t<\/div>\n\t\t\t\t\t\t<\/div>\n\t\t\t\t<\/div>\n\t\t\t\t\t<\/div>\n\t\t<\/div>\n\t\t\t\t\t<\/div>\n\t\t<\/section>\n\t\t\t\t<section class=\"elementor-section elementor-top-section elementor-element elementor-element-42df768f elementor-section-boxed elementor-section-height-default elementor-section-height-default\" data-id=\"42df768f\" data-element_type=\"section\" data-e-type=\"section\">\n\t\t\t\t\t\t<div class=\"elementor-container elementor-column-gap-default\">\n\t\t\t\t\t<div class=\"elementor-column elementor-col-100 elementor-top-column elementor-element elementor-element-1bd40810\" data-id=\"1bd40810\" data-element_type=\"column\" data-e-type=\"column\">\n\t\t\t<div class=\"elementor-widget-wrap elementor-element-populated\">\n\t\t\t\t\t\t\t<\/div>\n\t\t<\/div>\n\t\t\t\t\t<\/div>\n\t\t<\/section>\n\t\t<div class=\"elementor-element elementor-element-5ae3aa0 e-flex e-con-boxed e-con e-parent\" data-id=\"5ae3aa0\" data-element_type=\"container\" data-e-type=\"container\">\n\t\t\t\t\t<div class=\"e-con-inner\">\n\t\t\t\t<div class=\"elementor-element elementor-element-93cd9a8 elementor-hidden-desktop elementor-hidden-tablet elementor-hidden-mobile elementor-widget elementor-widget-html\" data-id=\"93cd9a8\" data-element_type=\"widget\" data-e-type=\"widget\" data-widget_type=\"html.default\">\n\t\t\t\t<div class=\"elementor-widget-container\">\n\t\t\t\t\t<a href=\"https:\/\/www.iubenda.com\/privacy-policy\/55840675\" class=\"iubenda-white no-brand iubenda-noiframe iubenda-embed iubenda-noiframe iub-body-embed\" title=\"Privacy Policy\">Privacy Policy<\/a><script type=\"text\/javascript\">(function (w,d) {var loader = function () {var s = d.createElement(\"script\"), tag = d.getElementsByTagName(\"script\")[0]; s.src=\"https:\/\/cdn.iubenda.com\/iubenda.js\"; tag.parentNode.insertBefore(s,tag);}; if(w.addEventListener){w.addEventListener(\"load\", loader, false);}else if(w.attachEvent){w.attachEvent(\"onload\", loader);}else{w.onload = loader;}})(window, document);<\/script>\t\t\t\t<\/div>\n\t\t\t\t<\/div>\n\t\t\t\t\t<\/div>\n\t\t\t\t<\/div>\n\t\t<div class=\"elementor-element elementor-element-3af3afc e-flex e-con-boxed e-con e-parent\" data-id=\"3af3afc\" data-element_type=\"container\" data-e-type=\"container\">\n\t\t\t\t\t<div class=\"e-con-inner\">\n\t\t\t\t<div class=\"elementor-element elementor-element-28c0da6 elementor-widget elementor-widget-text-editor\" data-id=\"28c0da6\" data-element_type=\"widget\" data-e-type=\"widget\" data-widget_type=\"text-editor.default\">\n\t\t\t\t<div class=\"elementor-widget-container\">\n\t\t\t\t\t\t\t\t\t<p>Privacy policy<\/p><p>\u00a0<\/p><p>Questa Privacy Policy (d\u2019ora in avanti \u201cPolicy\u201d) descrive i dati personali raccolti o generati (elaborati) quando si utilizza il sito web del Titolare del trattamento (d\u2019ora in avanti \u201cSito\u201d). Questa Policy descrive le tipologie di dati personali che vengono raccolti al momento dell\u2019utilizzazione del nostro Sito e il modo in cui i dati personali vengono raccolti, condivisi e protetti.<\/p><p>\u00a0<\/p><p>Titolare del trattamento<\/p><p>Gedy S.p.a.<\/p><p>P.IVA 0085412015<\/p><p>Sede legale: via Lorenzo Mascheroni, 1<\/p><p>Sede operativa: Via Dell\u2019Industria, 6 &#8211; 21040 Origgio (VA), Tel. 02969501, Mail info@gedy.com<\/p><p>\u00a0<\/p><p>\u00a0<\/p><p>Tipologia di dati trattati<\/p><p>Dati di navigazione<\/p><p>I sistemi informatici e le procedure software preposte al funzionamento del presente sito acquisiscono, nel corso del loro normale esercizio, alcuni dati personali la cui trasmissione da parte dell\u2019utente \u00e8 implicita nell\u2019uso di protocolli di comunicazione internet. Si tratta di informazioni che, di per s\u00e9, non sono raccolte per essere associate a specifici utenti, ma che per loro stessa natura potrebbero, attraverso elaborazioni ed associazioni con dati detenuti da terzi, per permettere di identificare l\u2019utente.<\/p><p>In questa categoria di dati rientrano gli indirizzi IP o i nomi a dominio dei computer e dei terminali utilizzati dagli utenti, gli indirizzi in notazione URI\/URL (Uniform Resource Identifier\/Locator) delle risorse richieste, l\u2019orario della richiesta, il metodo utilizzato nel sottoporre la richiesta al server, la dimensione del file ottenuto in risposta, il codice numerico indicante lo stato della risposta data dal server (buon fine, errore, ecc.) ed altri parametri relativi al sistema operativo e all\u2019ambiente informatico dell\u2019utente.<\/p><p>\u00a0<\/p><p>Dati comunicati volontariamente dall\u2019utente<\/p><p>L\u2019invio facoltativo, esplicito e volontario di messaggi agli indirizzi e recapiti di Gedy s.p.a. indicati sul sito, i messaggi privati inviati dagli utenti ai profili\/pagine istituzionali sui social media, nonch\u00e9 la compilazione dei form presenti sul sito, comportano l\u2019acquisizione dei dati di contatto dell\u2019utente (quali, ad esempio, nome e cognome, indirizzo e-mail, numero di telefono), di tutti i dati personali inclusi nella comunicazione, nonch\u00e9 gli ulteriori dati necessari a rispondere e ad eseguire le specifiche richieste degli utenti.<\/p><p>\u00a0<\/p><p>Dati di gestione dell\u2019account<\/p><p>Informazioni di identificazione e di contatto (come nome e cognome, data di nascita, indirizzo postale, metodi di contatto) necessarie per identificare l\u2019utente quando utilizza uno dei nostri servizi. Informazioni socio-demografiche (per esempio, et\u00e0, professione, sesso, ecc.) in sede di creazione dell\u2019account.<\/p><p>\u00a0<\/p><p>Iscrizione alla newsletter o alle mailing list di settore<\/p><p>I dati raccolti in occasione della compilazione del modulo di iscrizione al servizio di newsletter \u2013 o per ricevere eventuali specifiche comunicazioni settoriali relative a mailing list di settore a cui siete stati invitati o avete richiesto l\u2019iscrizione \u2013 quali: nome e cognome, azienda, telefono, indirizzo e-mail.<\/p><p>\u00a0<\/p><p>Iscrizione alla newsletter commerciale<\/p><p>I dati raccolti in occasione della compilazione del modulo di iscrizione al servizio di newsletter commerciale quali: nome e cognome, azienda, telefono, indirizzo e-mail.<\/p><p>\u00a0<\/p><p>\u00a0<\/p><p>Finalit\u00e0 del trattamento e base giuridica del trattamento<\/p><p>I dati personali degli utenti potranno essere trattati per le seguenti finalit\u00e0.<\/p><p>a. i dati di navigazione, vengono trattati per la fruizione dei servizi web, e vengono anche trattati allo scopo di ottenere informazioni statistiche sull\u2019uso dei sevizi (quali, ad esempio, pagine pi\u00f9 visitate, numero di visitatori per fascia oraria o giornaliera, aree geografiche di provenienza, ecc.) e controllare il corretto funzionamento dei servizi. Tali dati sono raccolti automaticamente dal sito e non richiedono alcuna azione da parte dell\u2019utente. La base giuridica che legittima il trattamento dei dati di navigazione \u00e8 il legittimo interesse del titolare di rendere utilizzabili le funzionalit\u00e0 del Sito in conseguenza dell\u2019accesso e della navigazione da parte dell\u2019utente. I dati potrebbero essere utilizzati per l\u2019accertamento di responsabilit\u00e0 in caso di ipotetici reati informatici ai danni del<\/p><p>sito e potranno essere esibiti all\u2019Autorit\u00e0 Giudiziaria, qualora questa ne faccia esplicita richiesta. In tal caso, la base giuridica del trattamento \u00e8 l\u2019adempimento ad un obbligo legale incombente sul titolare;<\/p><p>b. i dati degli utenti raccolti attraverso la compilazione del form di contatto presente sul sito (nome, cognome, indirizzo e-mail, messaggio), e\/o scrivendo direttamente agli indirizzi di Gedy s.p.a. presenti sul sito, verranno trattati per rispondere alle richieste degli utenti. I dati di contatto sono necessari, in quanto, l\u2019assenza, impedisce la possibilit\u00e0 di un riscontro. La base giuridica del presente trattamento \u00e8 la necessit\u00e0 di eseguire misure precontrattuali e contrattuali adottate su richiesta dell\u2019utente, e di adempiere ai connessi obblighi di legge;<\/p><p>c. i dati raccolti in sede di gestione dell\u2019account. I dati verranno trattati per rispondere alla richiesta degli utenti. I dati sono necessari, in quanto, l\u2019assenza, impedisce la possibilit\u00e0 di creazione dell\u2019account. La richiesta di creare un profilo personale per accedere ai servizi messi a disposizione tramite il web. La base giuridica del presente trattamento \u00e8 la necessit\u00e0 di eseguire misure precontrattuali e contrattuali adottate su richiesta dell\u2019utente;<\/p><p>d. I dati raccolti in sede di iscrizione alla newsletter o alle mailing list di settore saranno trattati per l\u2019invio di comunicazioni a carattere informativo e divulgativo sull\u2019attivit\u00e0 di Gedy s.p.a., compresi eventuali inviti a eventi e\/o convegni organizzati da Gedy s.p.a. anche in collaborazione con terze parti. Il conferimento dei dati \u00e8 necessario per perfezionare l\u2019iscrizione al, e usufruire del, servizio di newsletter o alla specifica mailing list di settore: pertanto, in caso di rifiuto o di mancata comunicazione dei dati richiesti, non sar\u00e0 possibile ricevere le newsletter o le specifiche comunicazioni di settore.<\/p><p>L\u2019utente potr\u00e0 cancellare la propria iscrizione al servizio di newsletter o mailing list di settore in qualsiasi momento, seguendo la procedura indicata in calce a ciascuna newsletter\/comunicazione settoriale o inviando una specifica comunicazione a Gedy s.p.a. ai recapiti indicati supra.<\/p><p>La base giuridica del presente trattamento \u00e8 la necessit\u00e0 di eseguire misure precontrattuali e contrattuali adottate su richiesta dell\u2019utente;<\/p><p>e. I dati raccolti in sede di iscrizione alla newsletter commerciale saranno trattati per l\u2019invio di comunicazioni commerciali e offerte commerciali (marketing diretto) su prodotti di Gedy s.p.a. Il conferimento dei dati \u00e8 necessario per perfezionare l\u2019iscrizione al, e usufruire del, servizio di newsletter commerciale, pertanto, in caso di rifiuto o di mancata comunicazione dei dati richiesti, non sar\u00e0 possibile ricevere comunicazioni e\/o offerte commerciali.<\/p><p>L\u2019utente potr\u00e0 cancellare la propria iscrizione al servizio di newsletter commerciale in qualsiasi momento seguendo la procedura indicata in calce a ciascuna newsletter commerciale oppure inviando una specifica comunicazione a Gedy s.p.a. ai recapiti indicati supra.<\/p><p>La base giuridica del presente trattamento \u00e8 il consenso dell\u2019interessato, espresso in sede di iscrizione al servizio.<\/p><p>\u00a0<\/p><p>\u00a0<\/p><p>Rete di contatti \/ Distributori di prodotti di Gedy s.p.a.<\/p><p>\u00a0<\/p><p>Gedy s.p.a. nel proprio sito internet fornisce i dati di contatto dei propri distributori su tutto il territorio nazionale. Gedy s.p.a. non tratta i dati degli interessati che vengano forniti direttamente ai contatti e agli indirizzi dei distributori. Tali distributori agiscono come titolari autonomi del trattamento, quindi i dati forniti a tali soggetti verranno trattati secondo la disciplina specifica del singolo paese di riferimento.<\/p><p>\u00a0<\/p><p>Modalit\u00e0 del trattamento<\/p><p>I dati saranno trattati mediante strumenti manuali e informatici da personale di Gedy s.p.a. a ci\u00f2 autorizzato e\/o delle imprese espressamente nominate come responsabili del trattamento ai sensi dell\u2019art. 28 del Regolamento UE 2016\/679. L\u2019elenco completo dei responsabili del trattamento dei dati \u00e8 conservato presso la sede del titolare ed \u00e8 disponibile su richiesta.<\/p><p>\u00a0<\/p><p>Non sono svolti processi decisionali automatizzati su dati aggregati (c.d. profilazione), se non finalizzati alla migliore gestione del sito.<\/p><p>\u00a0<\/p><p>Periodo di conservazione<\/p><p>I dati personali raccolti e trattati da Gedy s.p.a., per le finalit\u00e0 individuate, potranno essere conservati in una forma che consente l\u2019identificazione dell\u2019utente per il periodo necessario al raggiungimento degli scopi del trattamento e, in particolare:<\/p><p>\u00b7 i dati di navigazione non persistono per pi\u00f9 di sette giorni (salvo necessit\u00e0 di accertamento da parte dell\u2019autorit\u00e0 giudiziaria);<\/p><p>\u00b7 i dati per l\u2019iscrizione alla newsletter, alla newsletter commerciale e per la creazione dell\u2019account sono conservati per 12 mesi dall\u2019iscrizione, prorogabili di successivi periodi di 12 mesi laddove l\u2019interessato non cancelli l\u2019iscrizione, revochi il consenso o cancelli l\u2019account inviando una comunicazione ai recapiti di Gedy s.p.a.<\/p><p>indicati supra o per le newsletter per le newsletter commerciali anche cliccando sull\u2019apposito link presente in calce ad ogni e-mail inviata;<\/p><p>\u00b7 i dati di eventuali candidature spontanee saranno conservati per il periodo di 12 (dodici) mesi dalla ricezione della candidatura;<\/p><p>\u00b7 i dati di cui alle richieste spontanee degli utenti per il periodo di 12 (dodici) mesi dalla comunicazione.<\/p><p>I dati potranno essere conservati per periodi maggiori laddove necessario per adempiere ad obblighi di legge, o per la tutela dei diritti di Gedy s.p.a., fino allo spirare del relativo termine di prescrizione.<\/p><p>\u00a0<\/p><p>Trasferimento di dati verso un paese terzo<\/p><p>\u00a0<\/p><p>Il titolare, per le prestazioni offerte dal sito, utilizza server situati in Italia\/Europa.<\/p><p>\u00a0<\/p><p>Diritti dell\u2019interessato e dati di contatto<\/p><p>\u00a0<\/p><p>L\u2019utente, ai sensi degli artt. 15 e ss. Del Regolamento UE 2016\/679 potr\u00e0, in qualsiasi momento e nei limiti in cui i diritti siano applicabili: (i) chiedere l\u2019accesso ai propri dati personali; (ii) chiedere la rettifica, la cancellazione o la limitazione del trattamento dei dati personali; (iii) opporsi al trattamento, o revocare il consenso al trattamento; (iv) ottenere i dati che lo riguardano, su formato strutturato, per consentire la portabilit\u00e0 dei dati; (v) opporsi al trattamento.<\/p><p>La richiesta di esercizio dei diritti elencati dovr\u00e0 pervenire tramite invio di comunicazione e-mail o raccomandata agli indiritti del Titolare indicati supra.<\/p><p>\u00a0<\/p><p>Reclamo<\/p><p>\u00a0<\/p><p>Gli utenti che ritengono che il trattamento dei dati personali a loro riferiti tramite il presente sito sia attuato in violazione di quanto previsto dal Regolamento UE 2016\/679 possono proporre reclamo all\u2019Autorit\u00e0 garante per la protezione dei dati personali (art. 77 Reg. UE 2016\/679), o ricorso all\u2019Autorit\u00e0 giudiziaria competente (art. 79 Reg. UE 2016\/679).<\/p><p>\u00a0<\/p><p>Modifiche alla presente privacy policy<\/p><p>\u00a0<\/p><p>Gedy s.p.a. verifica periodicamente la propria politica relativa alla privacy e alla sicurezza e, se del caso, la rivede in relazione alle modifiche normative, organizzative o dettate dall\u2019evoluzione tecnologica. In caso di modifica delle politiche, la nuova versione sar\u00e0 pubblicata in questa pagina del sito.<\/p><p>Protezione dei dati personali<\/p><p>Crittografia e sicurezza: utilizziamo una variet\u00e0 di misure tecniche ed organizzative di sicurezza, ivi inclusi strumenti di crittografia e di autenticazione, per mantenere la sicurezza dei dati personali. I dati personali sono contenuti in reti protette e sono accessibili solo da un numero limitato di persone che hanno diritti speciali di accesso a questi sistemi.<\/p><p>Link ai social network<\/p><p>Il Sito contiene link o riferimenti per l\u2019accesso a social network come LinkedIn, Instagram e Facebook. Cliccando sulle apposite icone (link) \u00e8 possibile visitare le pagine social del Titolare. Il Titolare del trattamento non controlla i cookie o le altre tecnologie di monitoraggio di tali siti web ai quali la presente Privacy Policy non si applica. Per avere dettagli in merito ai cookie ed alle attivit\u00e0 condotte dalle terze parti sar\u00e0 necessario consultare le singole privacy policy di tali siti internet.<\/p>\t\t\t\t\t\t\t\t<\/div>\n\t\t\t\t<\/div>\n\t\t\t\t\t<\/div>\n\t\t\t\t<\/div>\n\t\t\t\t<\/div>\n\t\t","protected":false},"excerpt":{"rendered":"<p>Privacy Policy. Privacy Policy Privacy policy \u00a0 Questa Privacy Policy (d\u2019ora in avanti \u201cPolicy\u201d) descrive i dati personali raccolti o generati (elaborati) quando si utilizza il sito web del Titolare del trattamento (d\u2019ora in avanti \u201cSito\u201d). Questa Policy descrive le tipologie di dati personali che vengono raccolti al momento dell\u2019utilizzazione del nostro Sito e il [&hellip;]<\/p>\n","protected":false},"author":1,"featured_media":0,"parent":0,"menu_order":0,"comment_status":"closed","ping_status":"open","template":"","meta":{"_acf_changed":false,"_monsterinsights_skip_tracking":false,"_monsterinsights_sitenote_active":false,"_monsterinsights_sitenote_note":"","_monsterinsights_sitenote_category":0,"footnotes":""},"class_list":["post-115172","page","type-page","status-publish","hentry"],"acf":[],"_links":{"self":[{"href":"https:\/\/www.gedy.com\/en\/wp-json\/wp\/v2\/pages\/115172","targetHints":{"allow":["GET"]}}],"collection":[{"href":"https:\/\/www.gedy.com\/en\/wp-json\/wp\/v2\/pages"}],"about":[{"href":"https:\/\/www.gedy.com\/en\/wp-json\/wp\/v2\/types\/page"}],"author":[{"embeddable":true,"href":"https:\/\/www.gedy.com\/en\/wp-json\/wp\/v2\/users\/1"}],"replies":[{"embeddable":true,"href":"https:\/\/www.gedy.com\/en\/wp-json\/wp\/v2\/comments?post=115172"}],"version-history":[{"count":9,"href":"https:\/\/www.gedy.com\/en\/wp-json\/wp\/v2\/pages\/115172\/revisions"}],"predecessor-version":[{"id":115225,"href":"https:\/\/www.gedy.com\/en\/wp-json\/wp\/v2\/pages\/115172\/revisions\/115225"}],"wp:attachment":[{"href":"https:\/\/www.gedy.com\/en\/wp-json\/wp\/v2\/media?parent=115172"}],"curies":[{"name":"wp","href":"https:\/\/api.w.org\/{rel}","templated":true}]}}