{"id":90190,"date":"2024-03-04T13:49:28","date_gmt":"2024-03-04T13:49:28","guid":{"rendered":"https:\/\/www.gedy.com\/product\/trilly-staender-mit-papierrollenhalter-und-buerstengarnitur-gebuerstet-gold\/"},"modified":"2024-03-04T14:02:41","modified_gmt":"2024-03-04T14:02:41","slug":"trilly-staender-mit-papierrollenhalter-und-buerstengarnitur-gebuerstet-gold","status":"publish","type":"product","link":"https:\/\/www.gedy.com\/de\/prodotto\/trilly-staender-mit-papierrollenhalter-und-buerstengarnitur-gebuerstet-gold\/","title":{"rendered":"Trilly st\u00e4nder mit papierrollenhalter und b\u00fcrstengarnitur geb\u00fcrstet gold"},"content":{"rendered":"","protected":false},"excerpt":{"rendered":"<p>St\u00e4nder mit papierrollenhalter und b\u00fcrstengarnitur mit edelstahl basis. b\u00fcrste mit schwarzem borstenb\u00fcschel und abnehmbarem innenbecher geeignet f\u00fcr einfache reinigung<\/p>\n","protected":false},"featured_media":98606,"comment_status":"open","ping_status":"closed","template":"","meta":{"_acf_changed":false,"_monsterinsights_skip_tracking":false,"_monsterinsights_sitenote_active":false,"_monsterinsights_sitenote_note":"","_monsterinsights_sitenote_category":0},"product_brand":[],"product_cat":[3992,709,9611],"product_tag":[],"class_list":{"0":"post-90190","1":"product","2":"type-product","3":"status-publish","4":"has-post-thumbnail","6":"product_cat-handtuchstaender","7":"product_cat-moeblierungen","8":"product_cat-trilly-de","9":"pa_brand-gedy-de-2","10":"pa_filtri-novita-de","11":"pa_materiale-resina-de","12":"pa_materiale-rostfreier-stahl","14":"first","15":"instock","16":"shipping-taxable","17":"product-type-simple"},"acf":{"universale":"","idoneo_al_gel_igienizzante":"","accorciabilita":"","reversibile":"","doccia":"","vasca":"","numero_getti":"","prodotto_riciclato":"","novita":"novit\u00e0","chiusura_soft_close":"","con_cornice":"","fattore_di_ingrandimento":"","finitura_1_immagine":{"ID":9534,"id":9534,"title":"88","filename":"88.jpg","filesize":9223,"url":"https:\/\/www.gedy.com\/wp-content\/uploads\/2023\/03\/88.jpg","link":"https:\/\/www.gedy.com\/de\/?attachment_id=9534","alt":"","author":"1","description":"","caption":"","name":"88-2","status":"inherit","uploaded_to":14292,"date":"2023-03-23 15:11:31","modified":"2023-03-28 15:36:16","menu_order":0,"mime_type":"image\/jpeg","type":"image","subtype":"jpeg","icon":"https:\/\/www.gedy.com\/wp-includes\/images\/media\/default.png","width":300,"height":300,"sizes":{"thumbnail":"https:\/\/www.gedy.com\/wp-content\/uploads\/2023\/03\/88-150x150.jpg","thumbnail-width":150,"thumbnail-height":150,"medium":"https:\/\/www.gedy.com\/wp-content\/uploads\/2023\/03\/88-300x300.jpg","medium-width":300,"medium-height":300,"medium_large":"https:\/\/www.gedy.com\/wp-content\/uploads\/2023\/03\/88.jpg","medium_large-width":300,"medium_large-height":300,"large":"https:\/\/www.gedy.com\/wp-content\/uploads\/2023\/03\/88.jpg","large-width":300,"large-height":300,"1536x1536":"https:\/\/www.gedy.com\/wp-content\/uploads\/2023\/03\/88.jpg","1536x1536-width":300,"1536x1536-height":300,"2048x2048":"https:\/\/www.gedy.com\/wp-content\/uploads\/2023\/03\/88.jpg","2048x2048-width":300,"2048x2048-height":300,"wptl-600x450":"https:\/\/www.gedy.com\/wp-content\/uploads\/2023\/03\/88.jpg","wptl-600x450-width":300,"wptl-600x450-height":300,"wptl-320x220":"https:\/\/www.gedy.com\/wp-content\/uploads\/2023\/03\/88-300x220.jpg","wptl-320x220-width":300,"wptl-320x220-height":220,"wptl-100x100":"https:\/\/www.gedy.com\/wp-content\/uploads\/2023\/03\/88-100x100.jpg","wptl-100x100-width":100,"wptl-100x100-height":100,"woocommerce_thumbnail":"https:\/\/www.gedy.com\/wp-content\/uploads\/2023\/03\/88-300x300.jpg","woocommerce_thumbnail-width":300,"woocommerce_thumbnail-height":300,"woocommerce_single":"https:\/\/www.gedy.com\/wp-content\/uploads\/2023\/03\/88.jpg","woocommerce_single-width":300,"woocommerce_single-height":300,"woocommerce_gallery_thumbnail":"https:\/\/www.gedy.com\/wp-content\/uploads\/2023\/03\/88-100x100.jpg","woocommerce_gallery_thumbnail-width":100,"woocommerce_gallery_thumbnail-height":100}},"codice_breve_prodotto":"TR32","codice_esteso_prodotto":"0000TR328800000","brand":"Gedy","misure_tecniche":"14X14X62,8","idprodotto":"TR32","materiale":"EDELSTAHL, HARZ, SAND","finitura_1_codice":"88","finitura_1_nome":"GEB\u00dcRSTET GOLD","fissaggio_3":""},"_links":{"self":[{"href":"https:\/\/www.gedy.com\/de\/wp-json\/wp\/v2\/product\/90190","targetHints":{"allow":["GET"]}}],"collection":[{"href":"https:\/\/www.gedy.com\/de\/wp-json\/wp\/v2\/product"}],"about":[{"href":"https:\/\/www.gedy.com\/de\/wp-json\/wp\/v2\/types\/product"}],"replies":[{"embeddable":true,"href":"https:\/\/www.gedy.com\/de\/wp-json\/wp\/v2\/comments?post=90190"}],"wp:featuredmedia":[{"embeddable":true,"href":"https:\/\/www.gedy.com\/de\/wp-json\/wp\/v2\/media\/98606"}],"wp:attachment":[{"href":"https:\/\/www.gedy.com\/de\/wp-json\/wp\/v2\/media?parent=90190"}],"wp:term":[{"taxonomy":"product_brand","embeddable":true,"href":"https:\/\/www.gedy.com\/de\/wp-json\/wp\/v2\/product_brand?post=90190"},{"taxonomy":"product_cat","embeddable":true,"href":"https:\/\/www.gedy.com\/de\/wp-json\/wp\/v2\/product_cat?post=90190"},{"taxonomy":"product_tag","embeddable":true,"href":"https:\/\/www.gedy.com\/de\/wp-json\/wp\/v2\/product_tag?post=90190"}],"curies":[{"name":"wp","href":"https:\/\/api.w.org\/{rel}","templated":true}]}}