{"id":86137,"date":"2024-02-01T14:58:21","date_gmt":"2024-02-01T14:58:21","guid":{"rendered":"https:\/\/www.gedy.com\/product\/gummy-glasabzieher-leichte-schilkroete-2\/"},"modified":"2024-03-11T10:30:03","modified_gmt":"2024-03-11T10:30:03","slug":"gummy-glasabzieher-leichte-schilkroete-2","status":"publish","type":"product","link":"https:\/\/www.gedy.com\/de\/prodotto\/gummy-glasabzieher-leichte-schilkroete-2\/","title":{"rendered":"Gummy glasabzieher leichte schilkr\u00f6te"},"content":{"rendered":"","protected":false},"excerpt":{"rendered":"<p>Glasabzieher, befestigung mit saugnapf (nur auf glatten oberfl\u00e4chen)<\/p>\n","protected":false},"featured_media":73254,"comment_status":"open","ping_status":"closed","template":"","meta":{"_acf_changed":false,"_monsterinsights_skip_tracking":false,"_monsterinsights_sitenote_active":false,"_monsterinsights_sitenote_note":"","_monsterinsights_sitenote_category":0},"product_brand":[],"product_cat":[7231,7142,1367],"product_tag":[],"class_list":{"0":"post-86137","1":"product","2":"type-product","3":"status-publish","4":"has-post-thumbnail","6":"product_cat-glasabzieher","7":"product_cat-gummy-de","8":"product_cat-zubehoer-fuer-den-duschbereich","9":"pa_brand-gedy-de-2","10":"pa_fissaggio-befestigung-mit-saugnapf-nur-auf-glatten-oberflaechen-gepruefte-belastung-5kg","11":"pa_materiale-kunststoff","13":"first","14":"instock","15":"shipping-taxable","16":"product-type-simple"},"acf":{"codice_breve_prodotto":"2641","codice_esteso_prodotto":"000026416600900","brand":"Gedy","misure_tecniche":"22X3X23","idprodotto":"2641","materiale":"KUNSTSTOFF","finitura_1_codice":"66","finitura_1_nome":"LEICHTE SCHILDKR\u00d6TE","fissaggio_3":"BEFESTIGUNG MIT SAUGNAPF (NUR AUF GLATTEN OBERFL\u00c4CHEN), GEPR\u00dcFTE BELASTUNG 5 KG","dimensione":"","finitura_2_codice":"","finitura_3_codice":"","finitura_4_codice":"","finitura_2_nome":"","finitura_3_nome":"","finitura_4_nome":"","design":"","capacita":"","progetto":"","finitura_1_immagine":{"ID":9519,"id":9519,"title":"66","filename":"66.jpg","filesize":9263,"url":"https:\/\/www.gedy.com\/wp-content\/uploads\/2023\/03\/66.jpg","link":"https:\/\/www.gedy.com\/de\/?attachment_id=9519","alt":"","author":"1","description":"","caption":"","name":"66-2","status":"inherit","uploaded_to":32917,"date":"2023-03-23 15:11:30","modified":"2023-09-28 14:37:40","menu_order":0,"mime_type":"image\/jpeg","type":"image","subtype":"jpeg","icon":"https:\/\/www.gedy.com\/wp-includes\/images\/media\/default.png","width":300,"height":300,"sizes":{"thumbnail":"https:\/\/www.gedy.com\/wp-content\/uploads\/2023\/03\/66-150x150.jpg","thumbnail-width":150,"thumbnail-height":150,"medium":"https:\/\/www.gedy.com\/wp-content\/uploads\/2023\/03\/66-300x300.jpg","medium-width":300,"medium-height":300,"medium_large":"https:\/\/www.gedy.com\/wp-content\/uploads\/2023\/03\/66.jpg","medium_large-width":300,"medium_large-height":300,"large":"https:\/\/www.gedy.com\/wp-content\/uploads\/2023\/03\/66.jpg","large-width":300,"large-height":300,"1536x1536":"https:\/\/www.gedy.com\/wp-content\/uploads\/2023\/03\/66.jpg","1536x1536-width":300,"1536x1536-height":300,"2048x2048":"https:\/\/www.gedy.com\/wp-content\/uploads\/2023\/03\/66.jpg","2048x2048-width":300,"2048x2048-height":300,"wptl-600x450":"https:\/\/www.gedy.com\/wp-content\/uploads\/2023\/03\/66.jpg","wptl-600x450-width":300,"wptl-600x450-height":300,"wptl-320x220":"https:\/\/www.gedy.com\/wp-content\/uploads\/2023\/03\/66-300x220.jpg","wptl-320x220-width":300,"wptl-320x220-height":220,"wptl-100x100":"https:\/\/www.gedy.com\/wp-content\/uploads\/2023\/03\/66-100x100.jpg","wptl-100x100-width":100,"wptl-100x100-height":100,"woocommerce_thumbnail":"https:\/\/www.gedy.com\/wp-content\/uploads\/2023\/03\/66-300x300.jpg","woocommerce_thumbnail-width":300,"woocommerce_thumbnail-height":300,"woocommerce_single":"https:\/\/www.gedy.com\/wp-content\/uploads\/2023\/03\/66.jpg","woocommerce_single-width":300,"woocommerce_single-height":300,"woocommerce_gallery_thumbnail":"https:\/\/www.gedy.com\/wp-content\/uploads\/2023\/03\/66-100x100.jpg","woocommerce_gallery_thumbnail-width":100,"woocommerce_gallery_thumbnail-height":100}},"universale":"","idoneo_al_gel_igienizzante":"","accorciabilita":"","reversibile":"","doccia":"","vasca":"","numero_getti":"","prodotto_riciclato":"","novita":"","chiusura_soft_close":"","con_cornice":"","fattore_di_ingrandimento":""},"_links":{"self":[{"href":"https:\/\/www.gedy.com\/de\/wp-json\/wp\/v2\/product\/86137","targetHints":{"allow":["GET"]}}],"collection":[{"href":"https:\/\/www.gedy.com\/de\/wp-json\/wp\/v2\/product"}],"about":[{"href":"https:\/\/www.gedy.com\/de\/wp-json\/wp\/v2\/types\/product"}],"replies":[{"embeddable":true,"href":"https:\/\/www.gedy.com\/de\/wp-json\/wp\/v2\/comments?post=86137"}],"wp:featuredmedia":[{"embeddable":true,"href":"https:\/\/www.gedy.com\/de\/wp-json\/wp\/v2\/media\/73254"}],"wp:attachment":[{"href":"https:\/\/www.gedy.com\/de\/wp-json\/wp\/v2\/media?parent=86137"}],"wp:term":[{"taxonomy":"product_brand","embeddable":true,"href":"https:\/\/www.gedy.com\/de\/wp-json\/wp\/v2\/product_brand?post=86137"},{"taxonomy":"product_cat","embeddable":true,"href":"https:\/\/www.gedy.com\/de\/wp-json\/wp\/v2\/product_cat?post=86137"},{"taxonomy":"product_tag","embeddable":true,"href":"https:\/\/www.gedy.com\/de\/wp-json\/wp\/v2\/product_tag?post=86137"}],"curies":[{"name":"wp","href":"https:\/\/api.w.org\/{rel}","templated":true}]}}