{"id":83168,"date":"2024-02-12T10:11:23","date_gmt":"2024-02-12T10:11:23","guid":{"rendered":"https:\/\/www.gedy.com\/product\/star-plus-01-ausziehbaren-duschsaeule-mattes-schwarz\/"},"modified":"2024-02-12T10:38:11","modified_gmt":"2024-02-12T10:38:11","slug":"star-plus-01-ausziehbaren-duschsaeule-mattes-schwarz","status":"publish","type":"product","link":"https:\/\/www.gedy.com\/de\/prodotto\/star-plus-01-ausziehbaren-duschsaeule-mattes-schwarz\/","title":{"rendered":"Star plus 01 ausziehbaren duschs\u00e4ule mattes schwarz"},"content":{"rendered":"","protected":false},"excerpt":{"rendered":"<p>Ausziehbare duschs\u00e4ule 84-144 cm, manuelle mischbaterie, duschkopf 1 strahl \u00f8 22,5 cm, handbrause 3 strahlarten, schlauch 150 cm 1\/2&#215;1\/2 mit verdrehschutz. plus produkt: das vorhandensein von mikrofonen, die einen nebel-effekt, universelle befestigung, antischfilter und eine wassereinsparung von 50% haben. d\u00fcsen mit einfachem reinigungssystem. der flexible ist verdrehsicher, biegefest und temperaturbest\u00e4ndig bei 90\u00b0<\/p>\n","protected":false},"featured_media":82884,"comment_status":"open","ping_status":"closed","template":"","meta":{"_acf_changed":false,"_monsterinsights_skip_tracking":false,"_monsterinsights_sitenote_active":false,"_monsterinsights_sitenote_note":"","_monsterinsights_sitenote_category":0},"product_brand":[],"product_cat":[8247,2201,7279],"product_tag":[],"class_list":{"0":"post-83168","1":"product","2":"type-product","3":"status-publish","4":"has-post-thumbnail","6":"product_cat-duschsaeule-star-plus-01","7":"product_cat-hydroterapie","8":"product_cat-verstellbare-duschsaeule","9":"pa_brand-gedy-de-2","10":"pa_filtri-universale-de","11":"pa_materiale-abs-de","12":"pa_materiale-rostfreier-stahl","13":"pa_numero-getti-3-de-2","15":"first","16":"instock","17":"shipping-taxable","18":"product-type-simple"},"acf":{"idoneo_al_gel_igienizzante":"","accorciabilita":"","reversibile":"","doccia":"","vasca":"","numero_getti":"3 getti","prodotto_riciclato":"","novita":"","chiusura_soft_close":"","con_cornice":"","fattore_di_ingrandimento":"","finitura_1_immagine":{"ID":9504,"id":9504,"title":"14","filename":"14.jpg","filesize":9198,"url":"https:\/\/www.gedy.com\/wp-content\/uploads\/2023\/03\/14.jpg","link":"https:\/\/www.gedy.com\/de\/?attachment_id=9504","alt":"","author":"1","description":"","caption":"","name":"14-2","status":"inherit","uploaded_to":16388,"date":"2023-03-23 15:11:29","modified":"2023-09-28 14:37:40","menu_order":0,"mime_type":"image\/jpeg","type":"image","subtype":"jpeg","icon":"https:\/\/www.gedy.com\/wp-includes\/images\/media\/default.png","width":300,"height":300,"sizes":{"thumbnail":"https:\/\/www.gedy.com\/wp-content\/uploads\/2023\/03\/14-150x150.jpg","thumbnail-width":150,"thumbnail-height":150,"medium":"https:\/\/www.gedy.com\/wp-content\/uploads\/2023\/03\/14-300x300.jpg","medium-width":300,"medium-height":300,"medium_large":"https:\/\/www.gedy.com\/wp-content\/uploads\/2023\/03\/14.jpg","medium_large-width":300,"medium_large-height":300,"large":"https:\/\/www.gedy.com\/wp-content\/uploads\/2023\/03\/14.jpg","large-width":300,"large-height":300,"1536x1536":"https:\/\/www.gedy.com\/wp-content\/uploads\/2023\/03\/14.jpg","1536x1536-width":300,"1536x1536-height":300,"2048x2048":"https:\/\/www.gedy.com\/wp-content\/uploads\/2023\/03\/14.jpg","2048x2048-width":300,"2048x2048-height":300,"wptl-600x450":"https:\/\/www.gedy.com\/wp-content\/uploads\/2023\/03\/14.jpg","wptl-600x450-width":300,"wptl-600x450-height":300,"wptl-320x220":"https:\/\/www.gedy.com\/wp-content\/uploads\/2023\/03\/14-300x220.jpg","wptl-320x220-width":300,"wptl-320x220-height":220,"wptl-100x100":"https:\/\/www.gedy.com\/wp-content\/uploads\/2023\/03\/14-100x100.jpg","wptl-100x100-width":100,"wptl-100x100-height":100,"woocommerce_thumbnail":"https:\/\/www.gedy.com\/wp-content\/uploads\/2023\/03\/14-300x300.jpg","woocommerce_thumbnail-width":300,"woocommerce_thumbnail-height":300,"woocommerce_single":"https:\/\/www.gedy.com\/wp-content\/uploads\/2023\/03\/14.jpg","woocommerce_single-width":300,"woocommerce_single-height":300,"woocommerce_gallery_thumbnail":"https:\/\/www.gedy.com\/wp-content\/uploads\/2023\/03\/14-100x100.jpg","woocommerce_gallery_thumbnail-width":100,"woocommerce_gallery_thumbnail-height":100}},"codice_breve_prodotto":"GYSC10251","codice_esteso_prodotto":"0000GYSC1025160","brand":"Gedy","misure_tecniche":"49X28,8X144","idprodotto":"GYSC10251","materiale":"EDELSTAHL, ABS","finitura_1_codice":"14","finitura_1_nome":"MATTES SCHWARZ","fissaggio_3":"","universale":""},"_links":{"self":[{"href":"https:\/\/www.gedy.com\/de\/wp-json\/wp\/v2\/product\/83168","targetHints":{"allow":["GET"]}}],"collection":[{"href":"https:\/\/www.gedy.com\/de\/wp-json\/wp\/v2\/product"}],"about":[{"href":"https:\/\/www.gedy.com\/de\/wp-json\/wp\/v2\/types\/product"}],"replies":[{"embeddable":true,"href":"https:\/\/www.gedy.com\/de\/wp-json\/wp\/v2\/comments?post=83168"}],"wp:featuredmedia":[{"embeddable":true,"href":"https:\/\/www.gedy.com\/de\/wp-json\/wp\/v2\/media\/82884"}],"wp:attachment":[{"href":"https:\/\/www.gedy.com\/de\/wp-json\/wp\/v2\/media?parent=83168"}],"wp:term":[{"taxonomy":"product_brand","embeddable":true,"href":"https:\/\/www.gedy.com\/de\/wp-json\/wp\/v2\/product_brand?post=83168"},{"taxonomy":"product_cat","embeddable":true,"href":"https:\/\/www.gedy.com\/de\/wp-json\/wp\/v2\/product_cat?post=83168"},{"taxonomy":"product_tag","embeddable":true,"href":"https:\/\/www.gedy.com\/de\/wp-json\/wp\/v2\/product_tag?post=83168"}],"curies":[{"name":"wp","href":"https:\/\/api.w.org\/{rel}","templated":true}]}}