{"id":79357,"date":"2024-02-07T14:16:20","date_gmt":"2024-02-07T14:16:20","guid":{"rendered":"https:\/\/www.gedy.com\/product\/jelly-touchless-spender-fuer-seife-oder-desinfektionsgel-weiss\/"},"modified":"2024-02-07T14:39:16","modified_gmt":"2024-02-07T14:39:16","slug":"jelly-touchless-spender-fuer-seife-oder-desinfektionsgel-weiss","status":"publish","type":"product","link":"https:\/\/www.gedy.com\/de\/prodotto\/jelly-touchless-spender-fuer-seife-oder-desinfektionsgel-weiss\/","title":{"rendered":"Jelly touchless-spender f\u00fcr seife oder desinfektionsgel weiss"},"content":{"rendered":"","protected":false},"excerpt":{"rendered":"<p>Ber\u00fchrungsloser seifenspender zur desinfektion von gel kapazit\u00e4t 1,1 lt<\/p>\n","protected":false},"featured_media":79172,"comment_status":"open","ping_status":"closed","template":"","meta":{"_acf_changed":false,"_monsterinsights_skip_tracking":false,"_monsterinsights_sitenote_active":false,"_monsterinsights_sitenote_note":"","_monsterinsights_sitenote_category":0},"product_brand":[],"product_cat":[1311,8832,3504],"product_tag":[],"class_list":{"0":"post-79357","1":"product","2":"type-product","3":"status-publish","4":"has-post-thumbnail","6":"product_cat-contract-de","7":"product_cat-jelly-de","8":"product_cat-spender-fuer-seife-und-desinfektionsgel","9":"pa_brand-gedy-de-2","10":"pa_filtri-idoneo-al-gel-igienizzante-de","11":"pa_materiale-abs-de","13":"first","14":"instock","15":"shipping-taxable","16":"product-type-simple"},"acf":{"universale":"","accorciabilita":"","reversibile":"","doccia":"","vasca":"","numero_getti":"","prodotto_riciclato":"","novita":"","chiusura_soft_close":"","con_cornice":"","fattore_di_ingrandimento":"","finitura_1_immagine":{"ID":9469,"id":9469,"title":"02","filename":"02.jpg","filesize":9198,"url":"https:\/\/www.gedy.com\/wp-content\/uploads\/2023\/03\/02.jpg","link":"https:\/\/www.gedy.com\/de\/?attachment_id=9469","alt":"","author":"1","description":"","caption":"","name":"02-2","status":"inherit","uploaded_to":25111,"date":"2023-03-23 15:11:26","modified":"2023-09-28 14:37:39","menu_order":0,"mime_type":"image\/jpeg","type":"image","subtype":"jpeg","icon":"https:\/\/www.gedy.com\/wp-includes\/images\/media\/default.png","width":300,"height":300,"sizes":{"thumbnail":"https:\/\/www.gedy.com\/wp-content\/uploads\/2023\/03\/02-150x150.jpg","thumbnail-width":150,"thumbnail-height":150,"medium":"https:\/\/www.gedy.com\/wp-content\/uploads\/2023\/03\/02-300x300.jpg","medium-width":300,"medium-height":300,"medium_large":"https:\/\/www.gedy.com\/wp-content\/uploads\/2023\/03\/02.jpg","medium_large-width":300,"medium_large-height":300,"large":"https:\/\/www.gedy.com\/wp-content\/uploads\/2023\/03\/02.jpg","large-width":300,"large-height":300,"1536x1536":"https:\/\/www.gedy.com\/wp-content\/uploads\/2023\/03\/02.jpg","1536x1536-width":300,"1536x1536-height":300,"2048x2048":"https:\/\/www.gedy.com\/wp-content\/uploads\/2023\/03\/02.jpg","2048x2048-width":300,"2048x2048-height":300,"wptl-600x450":"https:\/\/www.gedy.com\/wp-content\/uploads\/2023\/03\/02.jpg","wptl-600x450-width":300,"wptl-600x450-height":300,"wptl-320x220":"https:\/\/www.gedy.com\/wp-content\/uploads\/2023\/03\/02-300x220.jpg","wptl-320x220-width":300,"wptl-320x220-height":220,"wptl-100x100":"https:\/\/www.gedy.com\/wp-content\/uploads\/2023\/03\/02-100x100.jpg","wptl-100x100-width":100,"wptl-100x100-height":100,"woocommerce_thumbnail":"https:\/\/www.gedy.com\/wp-content\/uploads\/2023\/03\/02-300x300.jpg","woocommerce_thumbnail-width":300,"woocommerce_thumbnail-height":300,"woocommerce_single":"https:\/\/www.gedy.com\/wp-content\/uploads\/2023\/03\/02.jpg","woocommerce_single-width":300,"woocommerce_single-height":300,"woocommerce_gallery_thumbnail":"https:\/\/www.gedy.com\/wp-content\/uploads\/2023\/03\/02-100x100.jpg","woocommerce_gallery_thumbnail-width":100,"woocommerce_gallery_thumbnail-height":100}},"codice_breve_prodotto":"2290","codice_esteso_prodotto":"000022900200000","brand":"Gedy","misure_tecniche":"14X10,7X23,5","idprodotto":"2290","materiale":"ABS","finitura_1_codice":"02","finitura_1_nome":"WEISS","fissaggio_3":"","idoneo_al_gel_igienizzante":"idoneo al gel igienizzante"},"_links":{"self":[{"href":"https:\/\/www.gedy.com\/de\/wp-json\/wp\/v2\/product\/79357","targetHints":{"allow":["GET"]}}],"collection":[{"href":"https:\/\/www.gedy.com\/de\/wp-json\/wp\/v2\/product"}],"about":[{"href":"https:\/\/www.gedy.com\/de\/wp-json\/wp\/v2\/types\/product"}],"replies":[{"embeddable":true,"href":"https:\/\/www.gedy.com\/de\/wp-json\/wp\/v2\/comments?post=79357"}],"wp:featuredmedia":[{"embeddable":true,"href":"https:\/\/www.gedy.com\/de\/wp-json\/wp\/v2\/media\/79172"}],"wp:attachment":[{"href":"https:\/\/www.gedy.com\/de\/wp-json\/wp\/v2\/media?parent=79357"}],"wp:term":[{"taxonomy":"product_brand","embeddable":true,"href":"https:\/\/www.gedy.com\/de\/wp-json\/wp\/v2\/product_brand?post=79357"},{"taxonomy":"product_cat","embeddable":true,"href":"https:\/\/www.gedy.com\/de\/wp-json\/wp\/v2\/product_cat?post=79357"},{"taxonomy":"product_tag","embeddable":true,"href":"https:\/\/www.gedy.com\/de\/wp-json\/wp\/v2\/product_tag?post=79357"}],"curies":[{"name":"wp","href":"https:\/\/api.w.org\/{rel}","templated":true}]}}