{"id":78998,"date":"2024-02-07T13:26:26","date_gmt":"2024-02-07T13:26:26","guid":{"rendered":"https:\/\/www.gedy.com\/product\/bonito-spender-fuer-seife-oder-desinfektionsgel-mattes-schwarz\/"},"modified":"2024-02-07T13:33:04","modified_gmt":"2024-02-07T13:33:04","slug":"bonito-spender-fuer-seife-oder-desinfektionsgel-mattes-schwarz","status":"publish","type":"product","link":"https:\/\/www.gedy.com\/de\/prodotto\/bonito-spender-fuer-seife-oder-desinfektionsgel-mattes-schwarz\/","title":{"rendered":"Bonito spender f\u00fcr seife oder desinfektionsgel mattes schwarz"},"content":{"rendered":"","protected":false},"excerpt":{"rendered":"<p>Touchless-spender f\u00fcr seife oder desinfektionsgel kapazit\u00e4t 1 lt mit vandal-pro struktur und ber\u00fchrungslosem sensor<\/p>\n","protected":false},"featured_media":78953,"comment_status":"open","ping_status":"closed","template":"","meta":{"_acf_changed":false,"_monsterinsights_skip_tracking":false,"_monsterinsights_sitenote_active":false,"_monsterinsights_sitenote_note":"","_monsterinsights_sitenote_category":0},"product_brand":[],"product_cat":[8798,1311,3504],"product_tag":[],"class_list":{"0":"post-78998","1":"product","2":"type-product","3":"status-publish","4":"has-post-thumbnail","6":"product_cat-bonito-de","7":"product_cat-contract-de","8":"product_cat-spender-fuer-seife-und-desinfektionsgel","9":"pa_brand-top-design-de-2","10":"pa_filtri-idoneo-al-gel-igienizzante-de","11":"pa_materiale-edelstahl-aisi-304","12":"pa_materiale-kunststoff","14":"first","15":"instock","16":"shipping-taxable","17":"product-type-simple"},"acf":{"universale":"","accorciabilita":"","reversibile":"","doccia":"","vasca":"","numero_getti":"","prodotto_riciclato":"","novita":"","chiusura_soft_close":"","con_cornice":"","fattore_di_ingrandimento":"","finitura_1_immagine":{"ID":9504,"id":9504,"title":"14","filename":"14.jpg","filesize":9198,"url":"https:\/\/www.gedy.com\/wp-content\/uploads\/2023\/03\/14.jpg","link":"https:\/\/www.gedy.com\/de\/?attachment_id=9504","alt":"","author":"1","description":"","caption":"","name":"14-2","status":"inherit","uploaded_to":16388,"date":"2023-03-23 15:11:29","modified":"2023-09-28 14:37:40","menu_order":0,"mime_type":"image\/jpeg","type":"image","subtype":"jpeg","icon":"https:\/\/www.gedy.com\/wp-includes\/images\/media\/default.png","width":300,"height":300,"sizes":{"thumbnail":"https:\/\/www.gedy.com\/wp-content\/uploads\/2023\/03\/14-150x150.jpg","thumbnail-width":150,"thumbnail-height":150,"medium":"https:\/\/www.gedy.com\/wp-content\/uploads\/2023\/03\/14-300x300.jpg","medium-width":300,"medium-height":300,"medium_large":"https:\/\/www.gedy.com\/wp-content\/uploads\/2023\/03\/14.jpg","medium_large-width":300,"medium_large-height":300,"large":"https:\/\/www.gedy.com\/wp-content\/uploads\/2023\/03\/14.jpg","large-width":300,"large-height":300,"1536x1536":"https:\/\/www.gedy.com\/wp-content\/uploads\/2023\/03\/14.jpg","1536x1536-width":300,"1536x1536-height":300,"2048x2048":"https:\/\/www.gedy.com\/wp-content\/uploads\/2023\/03\/14.jpg","2048x2048-width":300,"2048x2048-height":300,"wptl-600x450":"https:\/\/www.gedy.com\/wp-content\/uploads\/2023\/03\/14.jpg","wptl-600x450-width":300,"wptl-600x450-height":300,"wptl-320x220":"https:\/\/www.gedy.com\/wp-content\/uploads\/2023\/03\/14-300x220.jpg","wptl-320x220-width":300,"wptl-320x220-height":220,"wptl-100x100":"https:\/\/www.gedy.com\/wp-content\/uploads\/2023\/03\/14-100x100.jpg","wptl-100x100-width":100,"wptl-100x100-height":100,"woocommerce_thumbnail":"https:\/\/www.gedy.com\/wp-content\/uploads\/2023\/03\/14-300x300.jpg","woocommerce_thumbnail-width":300,"woocommerce_thumbnail-height":300,"woocommerce_single":"https:\/\/www.gedy.com\/wp-content\/uploads\/2023\/03\/14.jpg","woocommerce_single-width":300,"woocommerce_single-height":300,"woocommerce_gallery_thumbnail":"https:\/\/www.gedy.com\/wp-content\/uploads\/2023\/03\/14-100x100.jpg","woocommerce_gallery_thumbnail-width":100,"woocommerce_gallery_thumbnail-height":100}},"codice_breve_prodotto":"2295","codice_esteso_prodotto":"000022951400000","brand":"Top design","misure_tecniche":"12,5X10,5X45,6","idprodotto":"2295","materiale":"EDELSTAHL AISI 304,THERMOPLASTISCHE HARZE","finitura_1_codice":"14","finitura_1_nome":"MATTES SCHWARZ ","fissaggio_3":"","idoneo_al_gel_igienizzante":"idoneo al gel igienizzante"},"_links":{"self":[{"href":"https:\/\/www.gedy.com\/de\/wp-json\/wp\/v2\/product\/78998","targetHints":{"allow":["GET"]}}],"collection":[{"href":"https:\/\/www.gedy.com\/de\/wp-json\/wp\/v2\/product"}],"about":[{"href":"https:\/\/www.gedy.com\/de\/wp-json\/wp\/v2\/types\/product"}],"replies":[{"embeddable":true,"href":"https:\/\/www.gedy.com\/de\/wp-json\/wp\/v2\/comments?post=78998"}],"wp:featuredmedia":[{"embeddable":true,"href":"https:\/\/www.gedy.com\/de\/wp-json\/wp\/v2\/media\/78953"}],"wp:attachment":[{"href":"https:\/\/www.gedy.com\/de\/wp-json\/wp\/v2\/media?parent=78998"}],"wp:term":[{"taxonomy":"product_brand","embeddable":true,"href":"https:\/\/www.gedy.com\/de\/wp-json\/wp\/v2\/product_brand?post=78998"},{"taxonomy":"product_cat","embeddable":true,"href":"https:\/\/www.gedy.com\/de\/wp-json\/wp\/v2\/product_cat?post=78998"},{"taxonomy":"product_tag","embeddable":true,"href":"https:\/\/www.gedy.com\/de\/wp-json\/wp\/v2\/product_tag?post=78998"}],"curies":[{"name":"wp","href":"https:\/\/api.w.org\/{rel}","templated":true}]}}