{"id":74947,"date":"2024-02-02T11:58:33","date_gmt":"2024-02-02T11:58:33","guid":{"rendered":"https:\/\/www.gedy.com\/product\/sound-duschklappsitz-weiss-chrom\/"},"modified":"2024-03-14T14:39:27","modified_gmt":"2024-03-14T14:39:27","slug":"sound-duschklappsitz-weiss-chrom","status":"publish","type":"product","link":"https:\/\/www.gedy.com\/de\/prodotto\/sound-duschklappsitz-weiss-chrom\/","title":{"rendered":"Sound duschklappsitz weiss chrom"},"content":{"rendered":"","protected":false},"excerpt":{"rendered":"<p>Duschklappsitz. plus produkt: vom institut f\u00fcr qualit\u00e4tszertifizierung durchgef\u00fchrte tests, en1728:2012+ac:2023. gepr\u00fcfter belastung 120 kg<\/p>\n","protected":false},"featured_media":94037,"comment_status":"open","ping_status":"closed","template":"","meta":{"_acf_changed":false,"_monsterinsights_skip_tracking":false,"_monsterinsights_sitenote_active":false,"_monsterinsights_sitenote_note":"","_monsterinsights_sitenote_category":0},"product_brand":[],"product_cat":[7226,1367],"product_tag":[],"class_list":{"0":"post-74947","1":"product","2":"type-product","3":"status-publish","4":"has-post-thumbnail","6":"product_cat-dusch-und-badewannensitze","7":"product_cat-zubehoer-fuer-den-duschbereich","8":"pa_brand-gedy-de-2","9":"pa_materiale-kunststoff","10":"pa_materiale-stahl","12":"first","13":"instock","14":"shipping-taxable","15":"product-type-simple"},"acf":{"codice_breve_prodotto":"2282","codice_esteso_prodotto":"000022822300000","progetto":"","design":"","made_in_italy":"Made in italy","brand":"Gedy","misure_tecniche":"38,5X35,4X15,2","idprodotto":"2282","materiale":"KUNSTSTOFF, STAHL","finitura_1_codice":"23","finitura_1_nome":"WEISS CHROM","fissaggio_3":"","finitura_1_immagine":{"ID":71278,"id":71278,"title":"23","filename":"23.jpg","filesize":5798,"url":"https:\/\/www.gedy.com\/wp-content\/uploads\/2024\/01\/23.jpg","link":"https:\/\/www.gedy.com\/de\/?attachment_id=71278","alt":"","author":"1","description":"","caption":"","name":"23-2","status":"inherit","uploaded_to":72017,"date":"2024-01-30 16:38:25","modified":"2024-02-19 09:33:22","menu_order":0,"mime_type":"image\/jpeg","type":"image","subtype":"jpeg","icon":"https:\/\/www.gedy.com\/wp-includes\/images\/media\/default.png","width":300,"height":299,"sizes":{"thumbnail":"https:\/\/www.gedy.com\/wp-content\/uploads\/2024\/01\/23-150x150.jpg","thumbnail-width":150,"thumbnail-height":150,"medium":"https:\/\/www.gedy.com\/wp-content\/uploads\/2024\/01\/23.jpg","medium-width":300,"medium-height":299,"medium_large":"https:\/\/www.gedy.com\/wp-content\/uploads\/2024\/01\/23.jpg","medium_large-width":300,"medium_large-height":299,"large":"https:\/\/www.gedy.com\/wp-content\/uploads\/2024\/01\/23.jpg","large-width":300,"large-height":299,"1536x1536":"https:\/\/www.gedy.com\/wp-content\/uploads\/2024\/01\/23.jpg","1536x1536-width":300,"1536x1536-height":299,"2048x2048":"https:\/\/www.gedy.com\/wp-content\/uploads\/2024\/01\/23.jpg","2048x2048-width":300,"2048x2048-height":299,"wptl-600x450":"https:\/\/www.gedy.com\/wp-content\/uploads\/2024\/01\/23.jpg","wptl-600x450-width":300,"wptl-600x450-height":299,"wptl-320x220":"https:\/\/www.gedy.com\/wp-content\/uploads\/2024\/01\/23-300x220.jpg","wptl-320x220-width":300,"wptl-320x220-height":220,"wptl-100x100":"https:\/\/www.gedy.com\/wp-content\/uploads\/2024\/01\/23-100x100.jpg","wptl-100x100-width":100,"wptl-100x100-height":100,"woocommerce_thumbnail":"https:\/\/www.gedy.com\/wp-content\/uploads\/2024\/01\/23.jpg","woocommerce_thumbnail-width":300,"woocommerce_thumbnail-height":299,"woocommerce_single":"https:\/\/www.gedy.com\/wp-content\/uploads\/2024\/01\/23.jpg","woocommerce_single-width":300,"woocommerce_single-height":299,"woocommerce_gallery_thumbnail":"https:\/\/www.gedy.com\/wp-content\/uploads\/2024\/01\/23-100x100.jpg","woocommerce_gallery_thumbnail-width":100,"woocommerce_gallery_thumbnail-height":100}},"dimensione":"","finitura_2_codice":"","finitura_3_codice":"","finitura_4_codice":"","finitura_2_nome":"","finitura_3_nome":"","finitura_4_nome":"","capacita":"","universale":"","idoneo_al_gel_igienizzante":"","accorciabilita":"","reversibile":"","doccia":"","vasca":"","numero_getti":"","prodotto_riciclato":"","novita":"","chiusura_soft_close":"","con_cornice":"","fattore_di_ingrandimento":""},"_links":{"self":[{"href":"https:\/\/www.gedy.com\/de\/wp-json\/wp\/v2\/product\/74947","targetHints":{"allow":["GET"]}}],"collection":[{"href":"https:\/\/www.gedy.com\/de\/wp-json\/wp\/v2\/product"}],"about":[{"href":"https:\/\/www.gedy.com\/de\/wp-json\/wp\/v2\/types\/product"}],"replies":[{"embeddable":true,"href":"https:\/\/www.gedy.com\/de\/wp-json\/wp\/v2\/comments?post=74947"}],"wp:featuredmedia":[{"embeddable":true,"href":"https:\/\/www.gedy.com\/de\/wp-json\/wp\/v2\/media\/94037"}],"wp:attachment":[{"href":"https:\/\/www.gedy.com\/de\/wp-json\/wp\/v2\/media?parent=74947"}],"wp:term":[{"taxonomy":"product_brand","embeddable":true,"href":"https:\/\/www.gedy.com\/de\/wp-json\/wp\/v2\/product_brand?post=74947"},{"taxonomy":"product_cat","embeddable":true,"href":"https:\/\/www.gedy.com\/de\/wp-json\/wp\/v2\/product_cat?post=74947"},{"taxonomy":"product_tag","embeddable":true,"href":"https:\/\/www.gedy.com\/de\/wp-json\/wp\/v2\/product_tag?post=74947"}],"curies":[{"name":"wp","href":"https:\/\/api.w.org\/{rel}","templated":true}]}}