{"id":72105,"date":"2024-02-01T10:47:33","date_gmt":"2024-02-01T10:47:33","guid":{"rendered":"https:\/\/www.gedy.com\/product\/cloud-schwammhalter-gebuerstet\/"},"modified":"2024-02-19T13:35:29","modified_gmt":"2024-02-19T13:35:29","slug":"cloud-schwammhalter-gebuerstet","status":"publish","type":"product","link":"https:\/\/www.gedy.com\/de\/prodotto\/cloud-schwammhalter-gebuerstet\/","title":{"rendered":"Cloud schwammhalter geb\u00fcrstet"},"content":{"rendered":"","protected":false},"excerpt":{"rendered":"<p>Schwammhalter mit belastung gepr\u00fcf 5 kg<\/p>\n","protected":false},"featured_media":71800,"comment_status":"open","ping_status":"closed","template":"","meta":{"_acf_changed":false,"_monsterinsights_skip_tracking":false,"_monsterinsights_sitenote_active":false,"_monsterinsights_sitenote_note":"","_monsterinsights_sitenote_category":0},"product_brand":[],"product_cat":[6786,3964,1367],"product_tag":[],"class_list":{"0":"post-72105","1":"product","2":"type-product","3":"status-publish","4":"has-post-thumbnail","6":"product_cat-cloud-de","7":"product_cat-duschablagen-de-7","8":"product_cat-zubehoer-fuer-den-duschbereich","9":"pa_brand-gedy-de-2","10":"pa_fissaggio-con-viti-de","11":"pa_materiale-eloxiertes-aluminium","12":"pa_materiale-sekuritglas","14":"first","15":"instock","16":"shipping-taxable","17":"product-type-simple"},"acf":{"brand":"Gedy","fissaggio_2":"Mit SCHARAUBEN","finitura_1_immagine":{"ID":9514,"id":9514,"title":"38","filename":"38.jpg","filesize":9263,"url":"https:\/\/www.gedy.com\/wp-content\/uploads\/2023\/03\/38.jpg","link":"https:\/\/www.gedy.com\/de\/?attachment_id=9514","alt":"","author":"1","description":"","caption":"","name":"38-2","status":"inherit","uploaded_to":72093,"date":"2023-03-23 15:11:29","modified":"2024-02-19 12:59:21","menu_order":0,"mime_type":"image\/jpeg","type":"image","subtype":"jpeg","icon":"https:\/\/www.gedy.com\/wp-includes\/images\/media\/default.png","width":300,"height":300,"sizes":{"thumbnail":"https:\/\/www.gedy.com\/wp-content\/uploads\/2023\/03\/38-150x150.jpg","thumbnail-width":150,"thumbnail-height":150,"medium":"https:\/\/www.gedy.com\/wp-content\/uploads\/2023\/03\/38-300x300.jpg","medium-width":300,"medium-height":300,"medium_large":"https:\/\/www.gedy.com\/wp-content\/uploads\/2023\/03\/38.jpg","medium_large-width":300,"medium_large-height":300,"large":"https:\/\/www.gedy.com\/wp-content\/uploads\/2023\/03\/38.jpg","large-width":300,"large-height":300,"1536x1536":"https:\/\/www.gedy.com\/wp-content\/uploads\/2023\/03\/38.jpg","1536x1536-width":300,"1536x1536-height":300,"2048x2048":"https:\/\/www.gedy.com\/wp-content\/uploads\/2023\/03\/38.jpg","2048x2048-width":300,"2048x2048-height":300,"wptl-600x450":"https:\/\/www.gedy.com\/wp-content\/uploads\/2023\/03\/38.jpg","wptl-600x450-width":300,"wptl-600x450-height":300,"wptl-320x220":"https:\/\/www.gedy.com\/wp-content\/uploads\/2023\/03\/38-300x220.jpg","wptl-320x220-width":300,"wptl-320x220-height":220,"wptl-100x100":"https:\/\/www.gedy.com\/wp-content\/uploads\/2023\/03\/38-100x100.jpg","wptl-100x100-width":100,"wptl-100x100-height":100,"woocommerce_thumbnail":"https:\/\/www.gedy.com\/wp-content\/uploads\/2023\/03\/38-300x300.jpg","woocommerce_thumbnail-width":300,"woocommerce_thumbnail-height":300,"woocommerce_single":"https:\/\/www.gedy.com\/wp-content\/uploads\/2023\/03\/38.jpg","woocommerce_single-width":300,"woocommerce_single-height":300,"woocommerce_gallery_thumbnail":"https:\/\/www.gedy.com\/wp-content\/uploads\/2023\/03\/38-100x100.jpg","woocommerce_gallery_thumbnail-width":100,"woocommerce_gallery_thumbnail-height":100}},"materiale":"ELOXIERTES ALUMINIUM, SEKURITGLAS","finitura_1_codice":"38","finitura_1_nome":"GEB\u00dcRSTET","fissaggio_3":"BEFESTIGUNG MIT KLEBER (SEPARAT ERH\u00c4LTLICH), BELASTUNG GEPR\u00dcFT 5 KG","idprodotto":"CD82","dimensione":"","finitura_2_codice":"","finitura_3_codice":"","finitura_4_codice":"","finitura_2_nome":"","finitura_3_nome":"","finitura_4_nome":"","codice_breve_prodotto":"CD82","codice_esteso_prodotto":"0000CD823800A00","design":"","misure_tecniche":"30x14,6x30","capacita":"","progetto":"","universale":"","idoneo_al_gel_igienizzante":"","accorciabilita":"","reversibile":"","doccia":"","vasca":"","numero_getti":"","prodotto_riciclato":"","novita":"","chiusura_soft_close":"","con_cornice":"","fattore_di_ingrandimento":""},"_links":{"self":[{"href":"https:\/\/www.gedy.com\/de\/wp-json\/wp\/v2\/product\/72105","targetHints":{"allow":["GET"]}}],"collection":[{"href":"https:\/\/www.gedy.com\/de\/wp-json\/wp\/v2\/product"}],"about":[{"href":"https:\/\/www.gedy.com\/de\/wp-json\/wp\/v2\/types\/product"}],"replies":[{"embeddable":true,"href":"https:\/\/www.gedy.com\/de\/wp-json\/wp\/v2\/comments?post=72105"}],"wp:featuredmedia":[{"embeddable":true,"href":"https:\/\/www.gedy.com\/de\/wp-json\/wp\/v2\/media\/71800"}],"wp:attachment":[{"href":"https:\/\/www.gedy.com\/de\/wp-json\/wp\/v2\/media?parent=72105"}],"wp:term":[{"taxonomy":"product_brand","embeddable":true,"href":"https:\/\/www.gedy.com\/de\/wp-json\/wp\/v2\/product_brand?post=72105"},{"taxonomy":"product_cat","embeddable":true,"href":"https:\/\/www.gedy.com\/de\/wp-json\/wp\/v2\/product_cat?post=72105"},{"taxonomy":"product_tag","embeddable":true,"href":"https:\/\/www.gedy.com\/de\/wp-json\/wp\/v2\/product_tag?post=72105"}],"curies":[{"name":"wp","href":"https:\/\/api.w.org\/{rel}","templated":true}]}}