{"id":70511,"date":"2024-01-04T17:05:58","date_gmt":"2024-01-04T17:05:58","guid":{"rendered":"https:\/\/www.gedy.com\/product\/trilly-staender-mit-papierrollenhalter-und-wc-buestengarnitur-natuerliches-mattes-schwarz\/"},"modified":"2024-01-04T17:22:54","modified_gmt":"2024-01-04T17:22:54","slug":"trilly-staender-mit-papierrollenhalter-und-wc-buestengarnitur-natuerliches-mattes-schwarz","status":"publish","type":"product","link":"https:\/\/www.gedy.com\/de\/prodotto\/trilly-staender-mit-papierrollenhalter-und-wc-buestengarnitur-natuerliches-mattes-schwarz\/","title":{"rendered":"Trilly st\u00e4nder mit papierrollenhalter und wc-b\u00fcstengarnitur nat\u00fcrliches\/mattes schwarz"},"content":{"rendered":"","protected":false},"excerpt":{"rendered":"<p>St\u00e4nder mit papierrollenhalter und wc-b\u00fcstengarnitur. b\u00fcrste mit schwarzem borstenb\u00fcschel und abnehmbarem innenbecher geeignet f\u00fcr einfache reinigung<\/p>\n","protected":false},"featured_media":98661,"comment_status":"open","ping_status":"closed","template":"","meta":{"_acf_changed":false,"_monsterinsights_skip_tracking":false,"_monsterinsights_sitenote_active":false,"_monsterinsights_sitenote_note":"","_monsterinsights_sitenote_category":0},"product_brand":[],"product_cat":[712,6492,6514],"product_tag":[],"class_list":{"0":"post-70511","1":"product","2":"type-product","3":"status-publish","4":"has-post-thumbnail","6":"product_cat-bamboom-de","7":"product_cat-handtuchstaender-aus-bambus","8":"product_cat-handtuchstaender-trilly","9":"pa_brand-gedy-de-2","10":"pa_materiale-bambu-de","11":"pa_materiale-rostfreier-stahl","13":"first","14":"instock","15":"shipping-taxable","16":"product-type-simple"},"acf":{"universale":"","idoneo_al_gel_igienizzante":"","accorciabilita":"","reversibile":"","doccia":"","vasca":"","numero_getti":"","prodotto_riciclato":"","novita":"","chiusura_soft_close":"","con_cornice":"","fattore_di_ingrandimento":"","finitura_1_immagine":{"ID":62896,"id":62896,"title":"41","filename":"41.jpg","filesize":22292,"url":"https:\/\/www.gedy.com\/wp-content\/uploads\/2023\/08\/41.jpg","link":"https:\/\/www.gedy.com\/de\/?attachment_id=62896","alt":"","author":"1","description":"","caption":"","name":"41-2","status":"inherit","uploaded_to":41668,"date":"2023-11-02 10:28:02","modified":"2023-11-02 10:28:02","menu_order":0,"mime_type":"image\/jpeg","type":"image","subtype":"jpeg","icon":"https:\/\/www.gedy.com\/wp-includes\/images\/media\/default.png","width":300,"height":297,"sizes":{"thumbnail":"https:\/\/www.gedy.com\/wp-content\/uploads\/2023\/08\/41-150x150.jpg","thumbnail-width":150,"thumbnail-height":150,"medium":"https:\/\/www.gedy.com\/wp-content\/uploads\/2023\/08\/41.jpg","medium-width":300,"medium-height":297,"medium_large":"https:\/\/www.gedy.com\/wp-content\/uploads\/2023\/08\/41.jpg","medium_large-width":300,"medium_large-height":297,"large":"https:\/\/www.gedy.com\/wp-content\/uploads\/2023\/08\/41.jpg","large-width":300,"large-height":297,"1536x1536":"https:\/\/www.gedy.com\/wp-content\/uploads\/2023\/08\/41.jpg","1536x1536-width":300,"1536x1536-height":297,"2048x2048":"https:\/\/www.gedy.com\/wp-content\/uploads\/2023\/08\/41.jpg","2048x2048-width":300,"2048x2048-height":297,"wptl-600x450":"https:\/\/www.gedy.com\/wp-content\/uploads\/2023\/08\/41.jpg","wptl-600x450-width":300,"wptl-600x450-height":297,"wptl-320x220":"https:\/\/www.gedy.com\/wp-content\/uploads\/2023\/08\/41-300x220.jpg","wptl-320x220-width":300,"wptl-320x220-height":220,"wptl-100x100":"https:\/\/www.gedy.com\/wp-content\/uploads\/2023\/08\/41-100x100.jpg","wptl-100x100-width":100,"wptl-100x100-height":100,"woocommerce_thumbnail":"https:\/\/www.gedy.com\/wp-content\/uploads\/2023\/08\/41.jpg","woocommerce_thumbnail-width":300,"woocommerce_thumbnail-height":297,"woocommerce_single":"https:\/\/www.gedy.com\/wp-content\/uploads\/2023\/08\/41.jpg","woocommerce_single-width":300,"woocommerce_single-height":297,"woocommerce_gallery_thumbnail":"https:\/\/www.gedy.com\/wp-content\/uploads\/2023\/08\/41-100x100.jpg","woocommerce_gallery_thumbnail-width":100,"woocommerce_gallery_thumbnail-height":100}},"codice_breve_prodotto":"TR32","codice_esteso_prodotto":"0000TR324100000","progetto":"LINEA BAMBOOM","brand":"Gedy","misure_tecniche":"14X14X63","idprodotto":"TR32","materiale":"EDELSTAHL, BAMBUS'","finitura_1_codice":"41","finitura_1_nome":"NAT\u00dcRLICHES\/SCHWARZ MATT","fissaggio_3":""},"_links":{"self":[{"href":"https:\/\/www.gedy.com\/de\/wp-json\/wp\/v2\/product\/70511","targetHints":{"allow":["GET"]}}],"collection":[{"href":"https:\/\/www.gedy.com\/de\/wp-json\/wp\/v2\/product"}],"about":[{"href":"https:\/\/www.gedy.com\/de\/wp-json\/wp\/v2\/types\/product"}],"replies":[{"embeddable":true,"href":"https:\/\/www.gedy.com\/de\/wp-json\/wp\/v2\/comments?post=70511"}],"wp:featuredmedia":[{"embeddable":true,"href":"https:\/\/www.gedy.com\/de\/wp-json\/wp\/v2\/media\/98661"}],"wp:attachment":[{"href":"https:\/\/www.gedy.com\/de\/wp-json\/wp\/v2\/media?parent=70511"}],"wp:term":[{"taxonomy":"product_brand","embeddable":true,"href":"https:\/\/www.gedy.com\/de\/wp-json\/wp\/v2\/product_brand?post=70511"},{"taxonomy":"product_cat","embeddable":true,"href":"https:\/\/www.gedy.com\/de\/wp-json\/wp\/v2\/product_cat?post=70511"},{"taxonomy":"product_tag","embeddable":true,"href":"https:\/\/www.gedy.com\/de\/wp-json\/wp\/v2\/product_tag?post=70511"}],"curies":[{"name":"wp","href":"https:\/\/api.w.org\/{rel}","templated":true}]}}