{"id":69119,"date":"2024-01-04T09:47:12","date_gmt":"2024-01-04T09:47:12","guid":{"rendered":"https:\/\/www.gedy.com\/product\/seventy-ekopla-wc-buerstengarnitur-mattes-salbeigruen\/"},"modified":"2024-01-04T10:04:04","modified_gmt":"2024-01-04T10:04:04","slug":"seventy-ekopla-wc-buerstengarnitur-mattes-salbeigruen","status":"publish","type":"product","link":"https:\/\/www.gedy.com\/de\/prodotto\/seventy-ekopla-wc-buerstengarnitur-mattes-salbeigruen\/","title":{"rendered":"Seventy ekopla&#8216; wc-b\u00fcrstengarnitur mattes salbeigr\u00fcn"},"content":{"rendered":"","protected":false},"excerpt":{"rendered":"<p>B\u00fcrste mit schwarz borstenmanschette. hergestellt aus recyceltem material aus italienischer nachhaltiger kette. 100 % recycelbares produkt<\/p>\n","protected":false},"featured_media":98199,"comment_status":"open","ping_status":"closed","template":"","meta":{"_acf_changed":false,"_monsterinsights_skip_tracking":false,"_monsterinsights_sitenote_active":false,"_monsterinsights_sitenote_note":"","_monsterinsights_sitenote_category":0},"product_brand":[],"product_cat":[3961,706,3957],"product_tag":[],"class_list":{"0":"post-69119","1":"product","2":"type-product","3":"status-publish","4":"has-post-thumbnail","6":"product_cat-seventy-ekopla-de-2","7":"product_cat-wc-bereich-zubehoer","8":"product_cat-wc-buerstengarnituren-de-11","9":"pa_brand-gedy-de-2","10":"pa_filtri-novita-de","11":"pa_filtri-prodotto-riciclato-de","12":"pa_materiale-recyceltes-kunststoffmaterial","14":"first","15":"instock","16":"shipping-taxable","17":"product-type-simple"},"acf":{"universale":"","idoneo_al_gel_igienizzante":"","accorciabilita":"","reversibile":"","doccia":"","vasca":"","numero_getti":"","chiusura_soft_close":"","con_cornice":"","fattore_di_ingrandimento":"","codice_breve_prodotto":"6333","codice_esteso_prodotto":"000063331700300","progetto":"LINEA EKOPLA'","design":"R&S GEDY","made_in_italy":"Made in italy","brand":"Gedy","misure_tecniche":"9X9X38,8","idprodotto":"6333","materiale":"RECYCELTES KUNSTSTOFFMATERIAL","finitura_1_codice":"17","finitura_1_nome":"MATTES SALBEIGR\u00dcN","fissaggio_3":"","prodotto_riciclato":"prodotto riciclato","novita":"novit\u00e0","finitura_1_immagine":{"ID":98194,"id":98194,"title":"17","filename":"17.jpg","filesize":21665,"url":"https:\/\/www.gedy.com\/wp-content\/uploads\/2024\/01\/17.jpg","link":"https:\/\/www.gedy.com\/de\/?attachment_id=98194","alt":"","author":"3","description":"","caption":"","name":"17-2","status":"inherit","uploaded_to":69119,"date":"2024-04-08 12:07:06","modified":"2024-04-08 12:07:06","menu_order":0,"mime_type":"image\/jpeg","type":"image","subtype":"jpeg","icon":"https:\/\/www.gedy.com\/wp-includes\/images\/media\/default.png","width":1500,"height":1500,"sizes":{"thumbnail":"https:\/\/www.gedy.com\/wp-content\/uploads\/2024\/01\/17-150x150.jpg","thumbnail-width":150,"thumbnail-height":150,"medium":"https:\/\/www.gedy.com\/wp-content\/uploads\/2024\/01\/17-300x300.jpg","medium-width":300,"medium-height":300,"medium_large":"https:\/\/www.gedy.com\/wp-content\/uploads\/2024\/01\/17-768x768.jpg","medium_large-width":768,"medium_large-height":768,"large":"https:\/\/www.gedy.com\/wp-content\/uploads\/2024\/01\/17-1024x1024.jpg","large-width":800,"large-height":800,"1536x1536":"https:\/\/www.gedy.com\/wp-content\/uploads\/2024\/01\/17.jpg","1536x1536-width":1500,"1536x1536-height":1500,"2048x2048":"https:\/\/www.gedy.com\/wp-content\/uploads\/2024\/01\/17.jpg","2048x2048-width":1500,"2048x2048-height":1500,"wptl-600x450":"https:\/\/www.gedy.com\/wp-content\/uploads\/2024\/01\/17-600x450.jpg","wptl-600x450-width":600,"wptl-600x450-height":450,"wptl-320x220":"https:\/\/www.gedy.com\/wp-content\/uploads\/2024\/01\/17-320x220.jpg","wptl-320x220-width":320,"wptl-320x220-height":220,"wptl-100x100":"https:\/\/www.gedy.com\/wp-content\/uploads\/2024\/01\/17-100x100.jpg","wptl-100x100-width":100,"wptl-100x100-height":100,"woocommerce_thumbnail":"https:\/\/www.gedy.com\/wp-content\/uploads\/2024\/01\/17-300x300.jpg","woocommerce_thumbnail-width":300,"woocommerce_thumbnail-height":300,"woocommerce_single":"https:\/\/www.gedy.com\/wp-content\/uploads\/2024\/01\/17-600x600.jpg","woocommerce_single-width":600,"woocommerce_single-height":600,"woocommerce_gallery_thumbnail":"https:\/\/www.gedy.com\/wp-content\/uploads\/2024\/01\/17-100x100.jpg","woocommerce_gallery_thumbnail-width":100,"woocommerce_gallery_thumbnail-height":100}}},"_links":{"self":[{"href":"https:\/\/www.gedy.com\/de\/wp-json\/wp\/v2\/product\/69119","targetHints":{"allow":["GET"]}}],"collection":[{"href":"https:\/\/www.gedy.com\/de\/wp-json\/wp\/v2\/product"}],"about":[{"href":"https:\/\/www.gedy.com\/de\/wp-json\/wp\/v2\/types\/product"}],"replies":[{"embeddable":true,"href":"https:\/\/www.gedy.com\/de\/wp-json\/wp\/v2\/comments?post=69119"}],"wp:featuredmedia":[{"embeddable":true,"href":"https:\/\/www.gedy.com\/de\/wp-json\/wp\/v2\/media\/98199"}],"wp:attachment":[{"href":"https:\/\/www.gedy.com\/de\/wp-json\/wp\/v2\/media?parent=69119"}],"wp:term":[{"taxonomy":"product_brand","embeddable":true,"href":"https:\/\/www.gedy.com\/de\/wp-json\/wp\/v2\/product_brand?post=69119"},{"taxonomy":"product_cat","embeddable":true,"href":"https:\/\/www.gedy.com\/de\/wp-json\/wp\/v2\/product_cat?post=69119"},{"taxonomy":"product_tag","embeddable":true,"href":"https:\/\/www.gedy.com\/de\/wp-json\/wp\/v2\/product_tag?post=69119"}],"curies":[{"name":"wp","href":"https:\/\/api.w.org\/{rel}","templated":true}]}}