{"id":68175,"date":"2023-08-28T13:13:58","date_gmt":"2023-08-28T13:13:58","guid":{"rendered":"https:\/\/www.gedy.com\/product\/primula-wc-buerstengarnitur-poliert-gebuerstet-2\/"},"modified":"2025-11-04T11:28:05","modified_gmt":"2025-11-04T11:28:05","slug":"primula-wc-buerstengarnitur-poliert-gebuerstet-2","status":"publish","type":"product","link":"https:\/\/www.gedy.com\/de\/prodotto\/primula-wc-buerstengarnitur-poliert-gebuerstet-2\/","title":{"rendered":"Primula wc-b\u00fcrstengarnitur poliert\/geb\u00fcrstet"},"content":{"rendered":"","protected":false},"excerpt":{"rendered":"<p>B\u00fcrste mit schwarz borstenmanschette und abnehmbarem innenbecher, der f\u00fcr einfache reinigung geeignet ist<\/p>\n","protected":false},"featured_media":52454,"comment_status":"open","ping_status":"closed","template":"","meta":{"_acf_changed":false,"_monsterinsights_skip_tracking":false,"_monsterinsights_sitenote_active":false,"_monsterinsights_sitenote_note":"","_monsterinsights_sitenote_category":0},"product_brand":[],"product_cat":[706,3957,5868],"product_tag":[],"class_list":{"0":"post-68175","1":"product","2":"type-product","3":"status-publish","4":"has-post-thumbnail","6":"product_cat-wc-bereich-zubehoer","7":"product_cat-wc-buerstengarnituren-de-11","8":"product_cat-wc-buertsengarnitur-serie-primula","9":"pa_brand-gedy-de-2","10":"pa_materiale-rostfreier-stahl","12":"first","13":"instock","14":"shipping-taxable","15":"product-type-simple"},"acf":{"universale":"","idoneo_al_gel_igienizzante":"","accorciabilita":"","reversibile":"","doccia":"","vasca":"","numero_getti":"","prodotto_riciclato":"","novita":"","chiusura_soft_close":"","con_cornice":"","fattore_di_ingrandimento":"","finitura_1_immagine":{"ID":57122,"id":57122,"title":"21","filename":"21.jpg","filesize":5481,"url":"https:\/\/www.gedy.com\/wp-content\/uploads\/2023\/08\/21.jpg","link":"https:\/\/www.gedy.com\/de\/?attachment_id=57122","alt":"","author":"1","description":"","caption":"","name":"21-2","status":"inherit","uploaded_to":52536,"date":"2023-10-03 14:49:28","modified":"2023-10-03 14:49:28","menu_order":0,"mime_type":"image\/jpeg","type":"image","subtype":"jpeg","icon":"https:\/\/www.gedy.com\/wp-includes\/images\/media\/default.png","width":300,"height":296,"sizes":{"thumbnail":"https:\/\/www.gedy.com\/wp-content\/uploads\/2023\/08\/21-150x150.jpg","thumbnail-width":150,"thumbnail-height":150,"medium":"https:\/\/www.gedy.com\/wp-content\/uploads\/2023\/08\/21.jpg","medium-width":300,"medium-height":296,"medium_large":"https:\/\/www.gedy.com\/wp-content\/uploads\/2023\/08\/21.jpg","medium_large-width":300,"medium_large-height":296,"large":"https:\/\/www.gedy.com\/wp-content\/uploads\/2023\/08\/21.jpg","large-width":300,"large-height":296,"1536x1536":"https:\/\/www.gedy.com\/wp-content\/uploads\/2023\/08\/21.jpg","1536x1536-width":300,"1536x1536-height":296,"2048x2048":"https:\/\/www.gedy.com\/wp-content\/uploads\/2023\/08\/21.jpg","2048x2048-width":300,"2048x2048-height":296,"wptl-600x450":"https:\/\/www.gedy.com\/wp-content\/uploads\/2023\/08\/21.jpg","wptl-600x450-width":300,"wptl-600x450-height":296,"wptl-320x220":"https:\/\/www.gedy.com\/wp-content\/uploads\/2023\/08\/21-300x220.jpg","wptl-320x220-width":300,"wptl-320x220-height":220,"wptl-100x100":"https:\/\/www.gedy.com\/wp-content\/uploads\/2023\/08\/21-100x100.jpg","wptl-100x100-width":100,"wptl-100x100-height":100,"woocommerce_thumbnail":"https:\/\/www.gedy.com\/wp-content\/uploads\/2023\/08\/21.jpg","woocommerce_thumbnail-width":300,"woocommerce_thumbnail-height":296,"woocommerce_single":"https:\/\/www.gedy.com\/wp-content\/uploads\/2023\/08\/21.jpg","woocommerce_single-width":300,"woocommerce_single-height":296,"woocommerce_gallery_thumbnail":"https:\/\/www.gedy.com\/wp-content\/uploads\/2023\/08\/21-100x100.jpg","woocommerce_gallery_thumbnail-width":100,"woocommerce_gallery_thumbnail-height":100}},"codice_breve_prodotto":"PR33","codice_esteso_prodotto":"0000PR332100000","brand":"Gedy","misure_tecniche":"10X10X38","idprodotto":"PR33","materiale":"EDELSTAHL","finitura_1_codice":"21","finitura_1_nome":"POLIERT\/GEB\u00dcRSTET","fissaggio_3":""},"_links":{"self":[{"href":"https:\/\/www.gedy.com\/de\/wp-json\/wp\/v2\/product\/68175","targetHints":{"allow":["GET"]}}],"collection":[{"href":"https:\/\/www.gedy.com\/de\/wp-json\/wp\/v2\/product"}],"about":[{"href":"https:\/\/www.gedy.com\/de\/wp-json\/wp\/v2\/types\/product"}],"replies":[{"embeddable":true,"href":"https:\/\/www.gedy.com\/de\/wp-json\/wp\/v2\/comments?post=68175"}],"wp:featuredmedia":[{"embeddable":true,"href":"https:\/\/www.gedy.com\/de\/wp-json\/wp\/v2\/media\/52454"}],"wp:attachment":[{"href":"https:\/\/www.gedy.com\/de\/wp-json\/wp\/v2\/media?parent=68175"}],"wp:term":[{"taxonomy":"product_brand","embeddable":true,"href":"https:\/\/www.gedy.com\/de\/wp-json\/wp\/v2\/product_brand?post=68175"},{"taxonomy":"product_cat","embeddable":true,"href":"https:\/\/www.gedy.com\/de\/wp-json\/wp\/v2\/product_cat?post=68175"},{"taxonomy":"product_tag","embeddable":true,"href":"https:\/\/www.gedy.com\/de\/wp-json\/wp\/v2\/product_tag?post=68175"}],"curies":[{"name":"wp","href":"https:\/\/api.w.org\/{rel}","templated":true}]}}