{"id":68106,"date":"2023-07-21T12:43:46","date_gmt":"2023-07-21T12:43:46","guid":{"rendered":"https:\/\/www.gedy.com\/product\/outline-wc-buerstengarnitur-chrom-3\/"},"modified":"2024-06-11T14:28:00","modified_gmt":"2024-06-11T14:28:00","slug":"outline-wc-buerstengarnitur-chrom-3","status":"publish","type":"product","link":"https:\/\/www.gedy.com\/de\/prodotto\/outline-wc-buerstengarnitur-chrom-3\/","title":{"rendered":"Outline wc-b\u00fcrstengarnitur chrom"},"content":{"rendered":"","protected":false},"excerpt":{"rendered":"<p>B\u00fcrste mit schwarz borstenmanschette und abnehmbarem innenbecher, der f\u00fcr einfache reinigung geeignet ist<\/p>\n","protected":false},"featured_media":39501,"comment_status":"open","ping_status":"closed","template":"","meta":{"_acf_changed":false,"_monsterinsights_skip_tracking":false,"_monsterinsights_sitenote_active":false,"_monsterinsights_sitenote_note":"","_monsterinsights_sitenote_category":0},"product_brand":[],"product_cat":[1207,443,1930],"product_tag":[],"class_list":{"0":"post-68106","1":"product","2":"type-product","3":"status-publish","4":"has-post-thumbnail","6":"product_cat-outline-de","7":"product_cat-wandzubehoer","8":"product_cat-wc-burtsengarnituren-outline-de","9":"pa_brand-top-design-de-2","10":"pa_fissaggio-con-viti-de","11":"pa_materiale-cromall-de","12":"pa_materiale-kunststoff","13":"pa_materiale-messing","14":"pa_materiale-rostfreier-stahl","16":"first","17":"instock","18":"shipping-taxable","19":"product-type-simple"},"acf":{"finitura_1_immagine":{"ID":9499,"id":9499,"title":"13","filename":"13.jpg","filesize":9201,"url":"https:\/\/www.gedy.com\/wp-content\/uploads\/2023\/03\/13.jpg","link":"https:\/\/www.gedy.com\/de\/?attachment_id=9499","alt":"","author":"1","description":"","caption":"","name":"13-2","status":"inherit","uploaded_to":16200,"date":"2023-03-23 15:11:28","modified":"2023-09-28 14:37:39","menu_order":0,"mime_type":"image\/jpeg","type":"image","subtype":"jpeg","icon":"https:\/\/www.gedy.com\/wp-includes\/images\/media\/default.png","width":300,"height":300,"sizes":{"thumbnail":"https:\/\/www.gedy.com\/wp-content\/uploads\/2023\/03\/13-150x150.jpg","thumbnail-width":150,"thumbnail-height":150,"medium":"https:\/\/www.gedy.com\/wp-content\/uploads\/2023\/03\/13-300x300.jpg","medium-width":300,"medium-height":300,"medium_large":"https:\/\/www.gedy.com\/wp-content\/uploads\/2023\/03\/13.jpg","medium_large-width":300,"medium_large-height":300,"large":"https:\/\/www.gedy.com\/wp-content\/uploads\/2023\/03\/13.jpg","large-width":300,"large-height":300,"1536x1536":"https:\/\/www.gedy.com\/wp-content\/uploads\/2023\/03\/13.jpg","1536x1536-width":300,"1536x1536-height":300,"2048x2048":"https:\/\/www.gedy.com\/wp-content\/uploads\/2023\/03\/13.jpg","2048x2048-width":300,"2048x2048-height":300,"wptl-600x450":"https:\/\/www.gedy.com\/wp-content\/uploads\/2023\/03\/13.jpg","wptl-600x450-width":300,"wptl-600x450-height":300,"wptl-320x220":"https:\/\/www.gedy.com\/wp-content\/uploads\/2023\/03\/13-300x220.jpg","wptl-320x220-width":300,"wptl-320x220-height":220,"wptl-100x100":"https:\/\/www.gedy.com\/wp-content\/uploads\/2023\/03\/13-100x100.jpg","wptl-100x100-width":100,"wptl-100x100-height":100,"woocommerce_thumbnail":"https:\/\/www.gedy.com\/wp-content\/uploads\/2023\/03\/13-300x300.jpg","woocommerce_thumbnail-width":300,"woocommerce_thumbnail-height":300,"woocommerce_single":"https:\/\/www.gedy.com\/wp-content\/uploads\/2023\/03\/13.jpg","woocommerce_single-width":300,"woocommerce_single-height":300,"woocommerce_gallery_thumbnail":"https:\/\/www.gedy.com\/wp-content\/uploads\/2023\/03\/13-100x100.jpg","woocommerce_gallery_thumbnail-width":100,"woocommerce_gallery_thumbnail-height":100}},"codice_breve_prodotto":"3234","codice_esteso_prodotto":"000032341300000","progetto":"","design":"SIMONE MICHELI","brand":"Top design","misure_tecniche":"8X8X38,4","idprodotto":"3234","dimensione":"","materiale":"EDELSTAHL AISI 304, MESSING, CROMALL\u00ae, KUNSTSTOFF","finitura_1_codice":"13","finitura_2_codice":"","finitura_3_codice":"","finitura_4_codice":"","finitura_1_nome":"CHROM","finitura_2_nome":"","finitura_3_nome":"","finitura_4_nome":"","fissaggio_3":"","capacita":"","universale":"","idoneo_al_gel_igienizzante":"","accorciabilita":"","reversibile":"","doccia":"","vasca":"","numero_getti":"","prodotto_riciclato":"","novita":"","chiusura_soft_close":"","con_cornice":"","fattore_di_ingrandimento":""},"_links":{"self":[{"href":"https:\/\/www.gedy.com\/de\/wp-json\/wp\/v2\/product\/68106","targetHints":{"allow":["GET"]}}],"collection":[{"href":"https:\/\/www.gedy.com\/de\/wp-json\/wp\/v2\/product"}],"about":[{"href":"https:\/\/www.gedy.com\/de\/wp-json\/wp\/v2\/types\/product"}],"replies":[{"embeddable":true,"href":"https:\/\/www.gedy.com\/de\/wp-json\/wp\/v2\/comments?post=68106"}],"wp:featuredmedia":[{"embeddable":true,"href":"https:\/\/www.gedy.com\/de\/wp-json\/wp\/v2\/media\/39501"}],"wp:attachment":[{"href":"https:\/\/www.gedy.com\/de\/wp-json\/wp\/v2\/media?parent=68106"}],"wp:term":[{"taxonomy":"product_brand","embeddable":true,"href":"https:\/\/www.gedy.com\/de\/wp-json\/wp\/v2\/product_brand?post=68106"},{"taxonomy":"product_cat","embeddable":true,"href":"https:\/\/www.gedy.com\/de\/wp-json\/wp\/v2\/product_cat?post=68106"},{"taxonomy":"product_tag","embeddable":true,"href":"https:\/\/www.gedy.com\/de\/wp-json\/wp\/v2\/product_tag?post=68106"}],"curies":[{"name":"wp","href":"https:\/\/api.w.org\/{rel}","templated":true}]}}