{"id":67288,"date":"2023-12-22T12:13:17","date_gmt":"2023-12-22T12:13:17","guid":{"rendered":"https:\/\/www.gedy.com\/product\/biagio-wand-wc-buerstengarnitur-zum-aufstellen-oder-aufhangen-gebuerstet\/"},"modified":"2024-02-28T17:03:38","modified_gmt":"2024-02-28T17:03:38","slug":"biagio-wand-wc-buerstengarnitur-zum-aufstellen-oder-aufhangen-gebuerstet","status":"publish","type":"product","link":"https:\/\/www.gedy.com\/de\/prodotto\/biagio-wand-wc-buerstengarnitur-zum-aufstellen-oder-aufhangen-gebuerstet\/","title":{"rendered":"Biagio wand-wc-b\u00fcrstengarnitur zum aufstellen oder aufhangen geb\u00fcrstet"},"content":{"rendered":"","protected":false},"excerpt":{"rendered":"<p>Wc-b\u00fcrstengarnitur mit doppelter einbaum\u00f6glichkeit: standfuss oder mit doppelseitigem klebeband an der wand befestigt. der borstenmanschette ist ein schwarzer silikon-spachtel, der f\u00fcr die reinigung der ecken geeignet ist am schwierigsten zu erreichen in der toilettensch\u00fcssel. herausnehmbare innenschale f\u00fcr eine einfache reinigung<\/p>\n","protected":false},"featured_media":100042,"comment_status":"open","ping_status":"closed","template":"","meta":{"_acf_changed":false,"_monsterinsights_skip_tracking":false,"_monsterinsights_sitenote_active":false,"_monsterinsights_sitenote_note":"","_monsterinsights_sitenote_category":0},"product_brand":[],"product_cat":[6256,3952,706],"product_tag":[],"class_list":{"0":"post-67288","1":"product","2":"type-product","3":"status-publish","4":"has-post-thumbnail","6":"product_cat-biagio-de","7":"product_cat-wand-wc-buerstengarnituren-de-6","8":"product_cat-wc-bereich-zubehoer","9":"pa_brand-gedy-de-2","10":"pa_filtri-novita-de","11":"pa_fissaggio-befestigung-mit-doppelseitigem-kleber","12":"pa_materiale-kunststoff","13":"pa_materiale-rostfreier-stahl","15":"first","16":"instock","17":"shipping-taxable","18":"product-type-simple"},"acf":{"novita":"novit\u00e0","codice_breve_prodotto":"6833","codice_esteso_prodotto":"000068333800000","brand":"Gedy","misure_tecniche":"11,4X7,7X42,3","idprodotto":"6833","materiale":"EDELSTAHL, KUNSTSTOFF","finitura_1_codice":"38","finitura_1_nome":"GEB\u00dcRSTET","fissaggio_3":"BEFESTIGUNG MIT DOPPELSEITIGEM KLEBER","dimensione":"","finitura_2_codice":"","finitura_3_codice":"","finitura_4_codice":"","finitura_2_nome":"","finitura_3_nome":"","finitura_4_nome":"","capacita":"","universale":"","idoneo_al_gel_igienizzante":"","accorciabilita":"","reversibile":"","doccia":"","vasca":"","numero_getti":"","prodotto_riciclato":"","chiusura_soft_close":"","con_cornice":"","fattore_di_ingrandimento":"","finitura_1_immagine":{"ID":9514,"id":9514,"title":"38","filename":"38.jpg","filesize":9263,"url":"https:\/\/www.gedy.com\/wp-content\/uploads\/2023\/03\/38.jpg","link":"https:\/\/www.gedy.com\/de\/?attachment_id=9514","alt":"","author":"1","description":"","caption":"","name":"38-2","status":"inherit","uploaded_to":72093,"date":"2023-03-23 15:11:29","modified":"2024-02-19 12:59:21","menu_order":0,"mime_type":"image\/jpeg","type":"image","subtype":"jpeg","icon":"https:\/\/www.gedy.com\/wp-includes\/images\/media\/default.png","width":300,"height":300,"sizes":{"thumbnail":"https:\/\/www.gedy.com\/wp-content\/uploads\/2023\/03\/38-150x150.jpg","thumbnail-width":150,"thumbnail-height":150,"medium":"https:\/\/www.gedy.com\/wp-content\/uploads\/2023\/03\/38-300x300.jpg","medium-width":300,"medium-height":300,"medium_large":"https:\/\/www.gedy.com\/wp-content\/uploads\/2023\/03\/38.jpg","medium_large-width":300,"medium_large-height":300,"large":"https:\/\/www.gedy.com\/wp-content\/uploads\/2023\/03\/38.jpg","large-width":300,"large-height":300,"1536x1536":"https:\/\/www.gedy.com\/wp-content\/uploads\/2023\/03\/38.jpg","1536x1536-width":300,"1536x1536-height":300,"2048x2048":"https:\/\/www.gedy.com\/wp-content\/uploads\/2023\/03\/38.jpg","2048x2048-width":300,"2048x2048-height":300,"wptl-600x450":"https:\/\/www.gedy.com\/wp-content\/uploads\/2023\/03\/38.jpg","wptl-600x450-width":300,"wptl-600x450-height":300,"wptl-320x220":"https:\/\/www.gedy.com\/wp-content\/uploads\/2023\/03\/38-300x220.jpg","wptl-320x220-width":300,"wptl-320x220-height":220,"wptl-100x100":"https:\/\/www.gedy.com\/wp-content\/uploads\/2023\/03\/38-100x100.jpg","wptl-100x100-width":100,"wptl-100x100-height":100,"woocommerce_thumbnail":"https:\/\/www.gedy.com\/wp-content\/uploads\/2023\/03\/38-300x300.jpg","woocommerce_thumbnail-width":300,"woocommerce_thumbnail-height":300,"woocommerce_single":"https:\/\/www.gedy.com\/wp-content\/uploads\/2023\/03\/38.jpg","woocommerce_single-width":300,"woocommerce_single-height":300,"woocommerce_gallery_thumbnail":"https:\/\/www.gedy.com\/wp-content\/uploads\/2023\/03\/38-100x100.jpg","woocommerce_gallery_thumbnail-width":100,"woocommerce_gallery_thumbnail-height":100}}},"_links":{"self":[{"href":"https:\/\/www.gedy.com\/de\/wp-json\/wp\/v2\/product\/67288","targetHints":{"allow":["GET"]}}],"collection":[{"href":"https:\/\/www.gedy.com\/de\/wp-json\/wp\/v2\/product"}],"about":[{"href":"https:\/\/www.gedy.com\/de\/wp-json\/wp\/v2\/types\/product"}],"replies":[{"embeddable":true,"href":"https:\/\/www.gedy.com\/de\/wp-json\/wp\/v2\/comments?post=67288"}],"wp:featuredmedia":[{"embeddable":true,"href":"https:\/\/www.gedy.com\/de\/wp-json\/wp\/v2\/media\/100042"}],"wp:attachment":[{"href":"https:\/\/www.gedy.com\/de\/wp-json\/wp\/v2\/media?parent=67288"}],"wp:term":[{"taxonomy":"product_brand","embeddable":true,"href":"https:\/\/www.gedy.com\/de\/wp-json\/wp\/v2\/product_brand?post=67288"},{"taxonomy":"product_cat","embeddable":true,"href":"https:\/\/www.gedy.com\/de\/wp-json\/wp\/v2\/product_cat?post=67288"},{"taxonomy":"product_tag","embeddable":true,"href":"https:\/\/www.gedy.com\/de\/wp-json\/wp\/v2\/product_tag?post=67288"}],"curies":[{"name":"wp","href":"https:\/\/api.w.org\/{rel}","templated":true}]}}