{"id":53933,"date":"2023-08-29T07:36:50","date_gmt":"2023-08-29T07:36:50","guid":{"rendered":"https:\/\/www.gedy.com\/product\/seventy-halter-fuer-aufsteckbuersten-von-elektrischen-zahnbuersten-12lt-petroleumblau-3\/"},"modified":"2023-08-31T09:19:54","modified_gmt":"2023-08-31T09:19:54","slug":"seventy-halter-fuer-aufsteckbuersten-von-elektrischen-zahnbuersten-12lt-petroleumblau-3","status":"publish","type":"product","link":"https:\/\/www.gedy.com\/de\/prodotto\/seventy-halter-fuer-aufsteckbuersten-von-elektrischen-zahnbuersten-12lt-petroleumblau-3\/","title":{"rendered":"Seventy halter f\u00fcr aufsteckb\u00fcrsten von elektrischen zahnb\u00fcrsten 1,2lt petroleumblau"},"content":{"rendered":"","protected":false},"excerpt":{"rendered":"<p>Halter f\u00fcr aufsteckb\u00fcrsten von elektrischen zahnb\u00fcrsten<\/p>\n","protected":false},"featured_media":52982,"comment_status":"open","ping_status":"closed","template":"","meta":{"_acf_changed":false,"_monsterinsights_skip_tracking":false,"_monsterinsights_sitenote_active":false,"_monsterinsights_sitenote_note":"","_monsterinsights_sitenote_category":0},"product_brand":[],"product_cat":[5852,709,5844],"product_tag":[],"class_list":{"0":"post-53933","1":"product","2":"type-product","3":"status-publish","4":"has-post-thumbnail","6":"product_cat-halter-fuer-aufsteckbuersten-von-elektrischen-zahnbuersten-serie-seventy","7":"product_cat-moeblierungen","8":"product_cat-organizer-de","9":"pa_brand-gedy-de-2","10":"pa_materiale-kunststoff","12":"first","13":"instock","14":"shipping-taxable","15":"product-type-simple"},"acf":{"codice_breve_prodotto":"6305","codice_esteso_prodotto":"000063056500300","universale":"","idoneo_al_gel_igienizzante":"","accorciabilita":"","reversibile":"","doccia":"","vasca":"","numero_getti":"","prodotto_riciclato":"","novita":"","design":"","made_in_italy":"Made in italy","brand":"Gedy","chiusura_soft_close":"","con_cornice":"","fattore_di_ingrandimento":"","misure_tecniche":"5,5X5,5X29","idprodotto":"6305","materiale":"KUNSTSTOFF","finitura_1_codice":"65","finitura_1_nome":"PETROLEUMBLAU","fissaggio_3":"","finitura_1_immagine":{"ID":57075,"id":57075,"title":"65","filename":"65.jpg","filesize":1999,"url":"https:\/\/www.gedy.com\/wp-content\/uploads\/2023\/08\/65.jpg","link":"https:\/\/www.gedy.com\/de\/?attachment_id=57075","alt":"","author":"1","description":"","caption":"","name":"65-2","status":"inherit","uploaded_to":0,"date":"2023-10-03 14:28:20","modified":"2023-10-03 14:28:20","menu_order":0,"mime_type":"image\/jpeg","type":"image","subtype":"jpeg","icon":"https:\/\/www.gedy.com\/wp-includes\/images\/media\/default.png","width":300,"height":284,"sizes":{"thumbnail":"https:\/\/www.gedy.com\/wp-content\/uploads\/2023\/08\/65-150x150.jpg","thumbnail-width":150,"thumbnail-height":150,"medium":"https:\/\/www.gedy.com\/wp-content\/uploads\/2023\/08\/65.jpg","medium-width":300,"medium-height":284,"medium_large":"https:\/\/www.gedy.com\/wp-content\/uploads\/2023\/08\/65.jpg","medium_large-width":300,"medium_large-height":284,"large":"https:\/\/www.gedy.com\/wp-content\/uploads\/2023\/08\/65.jpg","large-width":300,"large-height":284,"1536x1536":"https:\/\/www.gedy.com\/wp-content\/uploads\/2023\/08\/65.jpg","1536x1536-width":300,"1536x1536-height":284,"2048x2048":"https:\/\/www.gedy.com\/wp-content\/uploads\/2023\/08\/65.jpg","2048x2048-width":300,"2048x2048-height":284,"wptl-600x450":"https:\/\/www.gedy.com\/wp-content\/uploads\/2023\/08\/65.jpg","wptl-600x450-width":300,"wptl-600x450-height":284,"wptl-320x220":"https:\/\/www.gedy.com\/wp-content\/uploads\/2023\/08\/65-300x220.jpg","wptl-320x220-width":300,"wptl-320x220-height":220,"wptl-100x100":"https:\/\/www.gedy.com\/wp-content\/uploads\/2023\/08\/65-100x100.jpg","wptl-100x100-width":100,"wptl-100x100-height":100,"woocommerce_thumbnail":"https:\/\/www.gedy.com\/wp-content\/uploads\/2023\/08\/65.jpg","woocommerce_thumbnail-width":300,"woocommerce_thumbnail-height":284,"woocommerce_single":"https:\/\/www.gedy.com\/wp-content\/uploads\/2023\/08\/65.jpg","woocommerce_single-width":300,"woocommerce_single-height":284,"woocommerce_gallery_thumbnail":"https:\/\/www.gedy.com\/wp-content\/uploads\/2023\/08\/65-100x100.jpg","woocommerce_gallery_thumbnail-width":100,"woocommerce_gallery_thumbnail-height":100}}},"_links":{"self":[{"href":"https:\/\/www.gedy.com\/de\/wp-json\/wp\/v2\/product\/53933","targetHints":{"allow":["GET"]}}],"collection":[{"href":"https:\/\/www.gedy.com\/de\/wp-json\/wp\/v2\/product"}],"about":[{"href":"https:\/\/www.gedy.com\/de\/wp-json\/wp\/v2\/types\/product"}],"replies":[{"embeddable":true,"href":"https:\/\/www.gedy.com\/de\/wp-json\/wp\/v2\/comments?post=53933"}],"wp:featuredmedia":[{"embeddable":true,"href":"https:\/\/www.gedy.com\/de\/wp-json\/wp\/v2\/media\/52982"}],"wp:attachment":[{"href":"https:\/\/www.gedy.com\/de\/wp-json\/wp\/v2\/media?parent=53933"}],"wp:term":[{"taxonomy":"product_brand","embeddable":true,"href":"https:\/\/www.gedy.com\/de\/wp-json\/wp\/v2\/product_brand?post=53933"},{"taxonomy":"product_cat","embeddable":true,"href":"https:\/\/www.gedy.com\/de\/wp-json\/wp\/v2\/product_cat?post=53933"},{"taxonomy":"product_tag","embeddable":true,"href":"https:\/\/www.gedy.com\/de\/wp-json\/wp\/v2\/product_tag?post=53933"}],"curies":[{"name":"wp","href":"https:\/\/api.w.org\/{rel}","templated":true}]}}