{"id":53693,"date":"2023-08-29T11:06:05","date_gmt":"2023-08-29T11:06:05","guid":{"rendered":"https:\/\/www.gedy.com\/product\/bonnie-zahnbuertsenhalter-natuerlich-2\/"},"modified":"2024-01-31T13:36:49","modified_gmt":"2024-01-31T13:36:49","slug":"bonnie-zahnbuertsenhalter-natuerliches","status":"publish","type":"product","link":"https:\/\/www.gedy.com\/de\/prodotto\/bonnie-zahnbuertsenhalter-natuerliches\/","title":{"rendered":"Bonnie zahnb\u00fcrtsenhalter nat\u00fcrliches"},"content":{"rendered":"","protected":false},"excerpt":{"rendered":"<p>Zahnb\u00fcrsten-halter<\/p>\n","protected":false},"featured_media":54389,"comment_status":"open","ping_status":"closed","template":"","meta":{"_acf_changed":false,"_monsterinsights_skip_tracking":false,"_monsterinsights_sitenote_active":false,"_monsterinsights_sitenote_note":"","_monsterinsights_sitenote_category":0},"product_brand":[],"product_cat":[712,5808,5820],"product_tag":[],"class_list":{"0":"post-53693","1":"product","2":"type-product","3":"status-publish","4":"has-post-thumbnail","6":"product_cat-bamboom-de","7":"product_cat-bambus-stutzserie","8":"product_cat-serie-bonnie-de","9":"pa_brand-gedy-de-2","10":"pa_materiale-bambu-de","11":"pa_materiale-zement","13":"first","14":"instock","15":"shipping-taxable","16":"product-type-simple"},"acf":{"codice_breve_prodotto":"BN98","codice_esteso_prodotto":"0000BN983500000","progetto":"LINEA BAMBOOM","design":"","brand":"Gedy","misure_tecniche":"7,4X7,4X11","idprodotto":"BN98","materiale":"BAMBUS","finitura_1_codice":"35","finitura_1_nome":"NAT\u00dcRLICHES","fissaggio_3":"","finitura_1_immagine":{"ID":57056,"id":57056,"title":"35","filename":"35.jpg","filesize":35208,"url":"https:\/\/www.gedy.com\/wp-content\/uploads\/2023\/08\/35.jpg","link":"https:\/\/www.gedy.com\/de\/?attachment_id=57056","alt":"","author":"1","description":"","caption":"","name":"35-2","status":"inherit","uploaded_to":53761,"date":"2023-10-03 14:13:07","modified":"2023-10-03 14:13:07","menu_order":0,"mime_type":"image\/jpeg","type":"image","subtype":"jpeg","icon":"https:\/\/www.gedy.com\/wp-includes\/images\/media\/default.png","width":300,"height":272,"sizes":{"thumbnail":"https:\/\/www.gedy.com\/wp-content\/uploads\/2023\/08\/35-150x150.jpg","thumbnail-width":150,"thumbnail-height":150,"medium":"https:\/\/www.gedy.com\/wp-content\/uploads\/2023\/08\/35.jpg","medium-width":300,"medium-height":272,"medium_large":"https:\/\/www.gedy.com\/wp-content\/uploads\/2023\/08\/35.jpg","medium_large-width":300,"medium_large-height":272,"large":"https:\/\/www.gedy.com\/wp-content\/uploads\/2023\/08\/35.jpg","large-width":300,"large-height":272,"1536x1536":"https:\/\/www.gedy.com\/wp-content\/uploads\/2023\/08\/35.jpg","1536x1536-width":300,"1536x1536-height":272,"2048x2048":"https:\/\/www.gedy.com\/wp-content\/uploads\/2023\/08\/35.jpg","2048x2048-width":300,"2048x2048-height":272,"wptl-600x450":"https:\/\/www.gedy.com\/wp-content\/uploads\/2023\/08\/35.jpg","wptl-600x450-width":300,"wptl-600x450-height":272,"wptl-320x220":"https:\/\/www.gedy.com\/wp-content\/uploads\/2023\/08\/35-300x220.jpg","wptl-320x220-width":300,"wptl-320x220-height":220,"wptl-100x100":"https:\/\/www.gedy.com\/wp-content\/uploads\/2023\/08\/35-100x100.jpg","wptl-100x100-width":100,"wptl-100x100-height":100,"woocommerce_thumbnail":"https:\/\/www.gedy.com\/wp-content\/uploads\/2023\/08\/35.jpg","woocommerce_thumbnail-width":300,"woocommerce_thumbnail-height":272,"woocommerce_single":"https:\/\/www.gedy.com\/wp-content\/uploads\/2023\/08\/35.jpg","woocommerce_single-width":300,"woocommerce_single-height":272,"woocommerce_gallery_thumbnail":"https:\/\/www.gedy.com\/wp-content\/uploads\/2023\/08\/35-100x100.jpg","woocommerce_gallery_thumbnail-width":100,"woocommerce_gallery_thumbnail-height":100}},"novita":"novit\u00e0","dimensione":"","finitura_2_codice":"","finitura_3_codice":"","finitura_4_codice":"","finitura_2_nome":"","finitura_3_nome":"","finitura_4_nome":"","capacita":"","universale":"","idoneo_al_gel_igienizzante":"","accorciabilita":"","reversibile":"","doccia":"","vasca":"","numero_getti":"","prodotto_riciclato":"","chiusura_soft_close":"","con_cornice":"","fattore_di_ingrandimento":""},"_links":{"self":[{"href":"https:\/\/www.gedy.com\/de\/wp-json\/wp\/v2\/product\/53693","targetHints":{"allow":["GET"]}}],"collection":[{"href":"https:\/\/www.gedy.com\/de\/wp-json\/wp\/v2\/product"}],"about":[{"href":"https:\/\/www.gedy.com\/de\/wp-json\/wp\/v2\/types\/product"}],"replies":[{"embeddable":true,"href":"https:\/\/www.gedy.com\/de\/wp-json\/wp\/v2\/comments?post=53693"}],"wp:featuredmedia":[{"embeddable":true,"href":"https:\/\/www.gedy.com\/de\/wp-json\/wp\/v2\/media\/54389"}],"wp:attachment":[{"href":"https:\/\/www.gedy.com\/de\/wp-json\/wp\/v2\/media?parent=53693"}],"wp:term":[{"taxonomy":"product_brand","embeddable":true,"href":"https:\/\/www.gedy.com\/de\/wp-json\/wp\/v2\/product_brand?post=53693"},{"taxonomy":"product_cat","embeddable":true,"href":"https:\/\/www.gedy.com\/de\/wp-json\/wp\/v2\/product_cat?post=53693"},{"taxonomy":"product_tag","embeddable":true,"href":"https:\/\/www.gedy.com\/de\/wp-json\/wp\/v2\/product_tag?post=53693"}],"curies":[{"name":"wp","href":"https:\/\/api.w.org\/{rel}","templated":true}]}}