{"id":46093,"date":"2023-08-23T15:50:41","date_gmt":"2023-08-23T15:50:41","guid":{"rendered":"https:\/\/www.gedy.com\/product\/iside-zahnbuertsenhalter-glaenzend-weiss\/"},"modified":"2023-08-23T16:06:05","modified_gmt":"2023-08-23T16:06:05","slug":"iside-zahnbuertsenhalter-glaenzend-weiss","status":"publish","type":"product","link":"https:\/\/www.gedy.com\/de\/prodotto\/iside-zahnbuertsenhalter-glaenzend-weiss\/","title":{"rendered":"Iside zahnb\u00fcrtsenhalter gl\u00e4nzend weiss"},"content":{"rendered":"","protected":false},"excerpt":{"rendered":"<p>Zahnb\u00fcrsten-halter<\/p>\n","protected":false},"featured_media":45760,"comment_status":"open","ping_status":"closed","template":"","meta":{"_acf_changed":false,"_monsterinsights_skip_tracking":false,"_monsterinsights_sitenote_active":false,"_monsterinsights_sitenote_note":"","_monsterinsights_sitenote_category":0},"product_brand":[],"product_cat":[853,703,4894],"product_tag":[],"class_list":{"0":"post-46093","1":"product","2":"type-product","3":"status-publish","4":"has-post-thumbnail","6":"product_cat-iside-de","7":"product_cat-unterstuetzendes-zubehoer","8":"product_cat-zahnbuerstenhaltern-de-27","9":"pa_brand-gedy-de-2","10":"pa_materiale-resina-de","12":"first","13":"instock","14":"shipping-taxable","15":"product-type-simple"},"acf":{"codice_breve_prodotto":"1898","codice_esteso_prodotto":"000018980200000","universale":"","idoneo_al_gel_igienizzante":"","accorciabilita":"","reversibile":"","doccia":"","vasca":"","numero_getti":"","prodotto_riciclato":"","novita":"","design":"STUDIO ORIGINAL NETWORK DESIGNERS59","brand":"Gedy","chiusura_soft_close":"","con_cornice":"","fattore_di_ingrandimento":"","misure_tecniche":"8X8,2X13","finitura_1_immagine":{"ID":9469,"id":9469,"title":"02","filename":"02.jpg","filesize":9198,"url":"https:\/\/www.gedy.com\/wp-content\/uploads\/2023\/03\/02.jpg","link":"https:\/\/www.gedy.com\/de\/?attachment_id=9469","alt":"","author":"1","description":"","caption":"","name":"02-2","status":"inherit","uploaded_to":25111,"date":"2023-03-23 15:11:26","modified":"2023-09-28 14:37:39","menu_order":0,"mime_type":"image\/jpeg","type":"image","subtype":"jpeg","icon":"https:\/\/www.gedy.com\/wp-includes\/images\/media\/default.png","width":300,"height":300,"sizes":{"thumbnail":"https:\/\/www.gedy.com\/wp-content\/uploads\/2023\/03\/02-150x150.jpg","thumbnail-width":150,"thumbnail-height":150,"medium":"https:\/\/www.gedy.com\/wp-content\/uploads\/2023\/03\/02-300x300.jpg","medium-width":300,"medium-height":300,"medium_large":"https:\/\/www.gedy.com\/wp-content\/uploads\/2023\/03\/02.jpg","medium_large-width":300,"medium_large-height":300,"large":"https:\/\/www.gedy.com\/wp-content\/uploads\/2023\/03\/02.jpg","large-width":300,"large-height":300,"1536x1536":"https:\/\/www.gedy.com\/wp-content\/uploads\/2023\/03\/02.jpg","1536x1536-width":300,"1536x1536-height":300,"2048x2048":"https:\/\/www.gedy.com\/wp-content\/uploads\/2023\/03\/02.jpg","2048x2048-width":300,"2048x2048-height":300,"wptl-600x450":"https:\/\/www.gedy.com\/wp-content\/uploads\/2023\/03\/02.jpg","wptl-600x450-width":300,"wptl-600x450-height":300,"wptl-320x220":"https:\/\/www.gedy.com\/wp-content\/uploads\/2023\/03\/02-300x220.jpg","wptl-320x220-width":300,"wptl-320x220-height":220,"wptl-100x100":"https:\/\/www.gedy.com\/wp-content\/uploads\/2023\/03\/02-100x100.jpg","wptl-100x100-width":100,"wptl-100x100-height":100,"woocommerce_thumbnail":"https:\/\/www.gedy.com\/wp-content\/uploads\/2023\/03\/02-300x300.jpg","woocommerce_thumbnail-width":300,"woocommerce_thumbnail-height":300,"woocommerce_single":"https:\/\/www.gedy.com\/wp-content\/uploads\/2023\/03\/02.jpg","woocommerce_single-width":300,"woocommerce_single-height":300,"woocommerce_gallery_thumbnail":"https:\/\/www.gedy.com\/wp-content\/uploads\/2023\/03\/02-100x100.jpg","woocommerce_gallery_thumbnail-width":100,"woocommerce_gallery_thumbnail-height":100}},"idprodotto":"1898","materiale":"HARZ","finitura_1_codice":"02","finitura_1_nome":"GL\u00c4NZEND WEISS","fissaggio_3":""},"_links":{"self":[{"href":"https:\/\/www.gedy.com\/de\/wp-json\/wp\/v2\/product\/46093","targetHints":{"allow":["GET"]}}],"collection":[{"href":"https:\/\/www.gedy.com\/de\/wp-json\/wp\/v2\/product"}],"about":[{"href":"https:\/\/www.gedy.com\/de\/wp-json\/wp\/v2\/types\/product"}],"replies":[{"embeddable":true,"href":"https:\/\/www.gedy.com\/de\/wp-json\/wp\/v2\/comments?post=46093"}],"wp:featuredmedia":[{"embeddable":true,"href":"https:\/\/www.gedy.com\/de\/wp-json\/wp\/v2\/media\/45760"}],"wp:attachment":[{"href":"https:\/\/www.gedy.com\/de\/wp-json\/wp\/v2\/media?parent=46093"}],"wp:term":[{"taxonomy":"product_brand","embeddable":true,"href":"https:\/\/www.gedy.com\/de\/wp-json\/wp\/v2\/product_brand?post=46093"},{"taxonomy":"product_cat","embeddable":true,"href":"https:\/\/www.gedy.com\/de\/wp-json\/wp\/v2\/product_cat?post=46093"},{"taxonomy":"product_tag","embeddable":true,"href":"https:\/\/www.gedy.com\/de\/wp-json\/wp\/v2\/product_tag?post=46093"}],"curies":[{"name":"wp","href":"https:\/\/api.w.org\/{rel}","templated":true}]}}