{"id":28967,"date":"2023-07-25T08:44:33","date_gmt":"2023-07-25T08:44:33","guid":{"rendered":"https:\/\/www.gedy.com\/product\/stelvio-wand-wc-buertsengarnitur-mattes-schwarz\/"},"modified":"2025-02-28T09:57:54","modified_gmt":"2025-02-28T09:57:54","slug":"stelvio-wand-wc-buertsengarnitur-mattes-schwarz","status":"publish","type":"product","link":"https:\/\/www.gedy.com\/de\/prodotto\/stelvio-wand-wc-buertsengarnitur-mattes-schwarz\/","title":{"rendered":"Stelvio wand-wc-b\u00fcrtsengarnitur mattes schwarz"},"content":{"rendered":"","protected":false},"excerpt":{"rendered":"<p>Wandb\u00fcrste mit schwarzem borstenmanschette und abnehmbarem innenbecher f\u00fcr einfache reinigung<\/p>\n","protected":false},"featured_media":28909,"comment_status":"open","ping_status":"closed","template":"","meta":{"_acf_changed":false,"_monsterinsights_skip_tracking":false,"_monsterinsights_sitenote_active":false,"_monsterinsights_sitenote_note":"","_monsterinsights_sitenote_category":0},"product_brand":[],"product_cat":[1231,443,3220],"product_tag":[],"class_list":{"0":"post-28967","1":"product","2":"type-product","3":"status-publish","4":"has-post-thumbnail","6":"product_cat-stelvio-de","7":"product_cat-wandzubehoer","8":"product_cat-wc-buerstengarnituren-der-wandserien-de-15","9":"pa_brand-gedy-de-2","10":"pa_fissaggio-con-colla-de","11":"pa_fissaggio-con-viti-de","12":"pa_materiale-cromall-de","13":"pa_materiale-rostfreier-stahl","15":"first","16":"instock","17":"shipping-taxable","18":"product-type-simple"},"acf":{"codice_breve_prodotto":"ST33-03","codice_esteso_prodotto":"0000ST331400103","capacita":"","progetto":"","design":"","materiale":"EDELSTAHL, CROMALL\u00ae MIT BEH\u00c4LTERN AUS SATINIERTEM GLAS","brand":"Gedy","fissaggio_2":"Mit SCHARAUBEN","fissaggio_3":"BEFESTIGUNG MIT KLEBER (SEPARAT ERH\u00c4LTLICH), BELASTUNG GEPR\u00dcFT 7 KG","misure_tecniche":"9,5x11,6x36,5","finitura_1_nome":" MATTES SCHWARZ","finitura_1_codice":"14","idprodotto":"ST33-03","dimensione":"","finitura_2_codice":"","finitura_2_nome":"","finitura_3_nome":"","finitura_4_nome":"","finitura_1_immagine":{"ID":9504,"id":9504,"title":"14","filename":"14.jpg","filesize":9198,"url":"https:\/\/www.gedy.com\/wp-content\/uploads\/2023\/03\/14.jpg","link":"https:\/\/www.gedy.com\/de\/?attachment_id=9504","alt":"","author":"1","description":"","caption":"","name":"14-2","status":"inherit","uploaded_to":16388,"date":"2023-03-23 15:11:29","modified":"2023-09-28 14:37:40","menu_order":0,"mime_type":"image\/jpeg","type":"image","subtype":"jpeg","icon":"https:\/\/www.gedy.com\/wp-includes\/images\/media\/default.png","width":300,"height":300,"sizes":{"thumbnail":"https:\/\/www.gedy.com\/wp-content\/uploads\/2023\/03\/14-150x150.jpg","thumbnail-width":150,"thumbnail-height":150,"medium":"https:\/\/www.gedy.com\/wp-content\/uploads\/2023\/03\/14-300x300.jpg","medium-width":300,"medium-height":300,"medium_large":"https:\/\/www.gedy.com\/wp-content\/uploads\/2023\/03\/14.jpg","medium_large-width":300,"medium_large-height":300,"large":"https:\/\/www.gedy.com\/wp-content\/uploads\/2023\/03\/14.jpg","large-width":300,"large-height":300,"1536x1536":"https:\/\/www.gedy.com\/wp-content\/uploads\/2023\/03\/14.jpg","1536x1536-width":300,"1536x1536-height":300,"2048x2048":"https:\/\/www.gedy.com\/wp-content\/uploads\/2023\/03\/14.jpg","2048x2048-width":300,"2048x2048-height":300,"wptl-600x450":"https:\/\/www.gedy.com\/wp-content\/uploads\/2023\/03\/14.jpg","wptl-600x450-width":300,"wptl-600x450-height":300,"wptl-320x220":"https:\/\/www.gedy.com\/wp-content\/uploads\/2023\/03\/14-300x220.jpg","wptl-320x220-width":300,"wptl-320x220-height":220,"wptl-100x100":"https:\/\/www.gedy.com\/wp-content\/uploads\/2023\/03\/14-100x100.jpg","wptl-100x100-width":100,"wptl-100x100-height":100,"woocommerce_thumbnail":"https:\/\/www.gedy.com\/wp-content\/uploads\/2023\/03\/14-300x300.jpg","woocommerce_thumbnail-width":300,"woocommerce_thumbnail-height":300,"woocommerce_single":"https:\/\/www.gedy.com\/wp-content\/uploads\/2023\/03\/14.jpg","woocommerce_single-width":300,"woocommerce_single-height":300,"woocommerce_gallery_thumbnail":"https:\/\/www.gedy.com\/wp-content\/uploads\/2023\/03\/14-100x100.jpg","woocommerce_gallery_thumbnail-width":100,"woocommerce_gallery_thumbnail-height":100}},"finitura_3_codice":"","finitura_4_codice":""},"_links":{"self":[{"href":"https:\/\/www.gedy.com\/de\/wp-json\/wp\/v2\/product\/28967","targetHints":{"allow":["GET"]}}],"collection":[{"href":"https:\/\/www.gedy.com\/de\/wp-json\/wp\/v2\/product"}],"about":[{"href":"https:\/\/www.gedy.com\/de\/wp-json\/wp\/v2\/types\/product"}],"replies":[{"embeddable":true,"href":"https:\/\/www.gedy.com\/de\/wp-json\/wp\/v2\/comments?post=28967"}],"wp:featuredmedia":[{"embeddable":true,"href":"https:\/\/www.gedy.com\/de\/wp-json\/wp\/v2\/media\/28909"}],"wp:attachment":[{"href":"https:\/\/www.gedy.com\/de\/wp-json\/wp\/v2\/media?parent=28967"}],"wp:term":[{"taxonomy":"product_brand","embeddable":true,"href":"https:\/\/www.gedy.com\/de\/wp-json\/wp\/v2\/product_brand?post=28967"},{"taxonomy":"product_cat","embeddable":true,"href":"https:\/\/www.gedy.com\/de\/wp-json\/wp\/v2\/product_cat?post=28967"},{"taxonomy":"product_tag","embeddable":true,"href":"https:\/\/www.gedy.com\/de\/wp-json\/wp\/v2\/product_tag?post=28967"}],"curies":[{"name":"wp","href":"https:\/\/api.w.org\/{rel}","templated":true}]}}