{"id":28394,"date":"2023-07-25T07:38:38","date_gmt":"2023-07-25T07:38:38","guid":{"rendered":"https:\/\/www.gedy.com\/product\/fuji-handtuchhalter-45-cm-gebuerstet\/"},"modified":"2025-01-27T15:25:58","modified_gmt":"2025-01-27T15:25:58","slug":"fuji-handtuchhalter-45-cm-gebuerstet","status":"publish","type":"product","link":"https:\/\/www.gedy.com\/de\/prodotto\/fuji-handtuchhalter-45-cm-gebuerstet\/","title":{"rendered":"Fuji handtuchhalter 45 cm geb\u00fcrstet"},"content":{"rendered":"","protected":false},"excerpt":{"rendered":"<p>Handtuchhalter in der gr\u00f6sse von 45 cm, einstellbare L\u00e4nge 10\/45<\/p>\n","protected":false},"featured_media":114634,"comment_status":"open","ping_status":"closed","template":"","meta":{"_acf_changed":false,"_monsterinsights_skip_tracking":false,"_monsterinsights_sitenote_active":false,"_monsterinsights_sitenote_note":"","_monsterinsights_sitenote_category":0},"product_brand":[],"product_cat":[1131,3246,443],"product_tag":[],"class_list":{"0":"post-28394","1":"product","2":"type-product","3":"status-publish","4":"has-post-thumbnail","6":"product_cat-fuji-de","7":"product_cat-handtuchhalter-de-8","8":"product_cat-wandzubehoer","9":"pa_brand-gedy-de-2","10":"pa_filtri-novita-de","11":"pa_filtri-accorciabilita-de","12":"pa_fissaggio-befestigung-mit-doppelseitigem-kleber","13":"pa_fissaggio-con-viti-de","14":"pa_materiale-cromall-de","15":"pa_materiale-edelstahl-aisi-304","17":"first","18":"instock","19":"shipping-taxable","20":"product-type-simple"},"acf":{"codice_breve_prodotto":"FJ21-45","codice_esteso_prodotto":"0000FJ213845100","capacita":"","progetto":"","design":"","materiale":"EDELSTAHL AISI 304, CROMALL\u00ae","brand":"Gedy","fissaggio_2":"Mit SCHARAUBEN","fissaggio_3":"BEFESTIGUNG MIT DOPPELSEITIGEM KLEBER, BELASTUNG GEPR\u00dcFT 2 KG","misure_tecniche":"49,1X6,9X4,7","misure_commerciali":"45 CM","finitura_1_nome":"GEB\u00dcRSTET","finitura_1_codice":"38","idprodotto":"FJ21-45","dimensione":"","finitura_2_codice":"","finitura_2_nome":"","finitura_3_nome":"","finitura_4_nome":"","accorciabilita":"accorciabilit\u00e0","finitura_1_immagine":{"ID":9514,"id":9514,"title":"38","filename":"38.jpg","filesize":9263,"url":"https:\/\/www.gedy.com\/wp-content\/uploads\/2023\/03\/38.jpg","link":"https:\/\/www.gedy.com\/de\/?attachment_id=9514","alt":"","author":"1","description":"","caption":"","name":"38-2","status":"inherit","uploaded_to":72093,"date":"2023-03-23 15:11:29","modified":"2024-02-19 12:59:21","menu_order":0,"mime_type":"image\/jpeg","type":"image","subtype":"jpeg","icon":"https:\/\/www.gedy.com\/wp-includes\/images\/media\/default.png","width":300,"height":300,"sizes":{"thumbnail":"https:\/\/www.gedy.com\/wp-content\/uploads\/2023\/03\/38-150x150.jpg","thumbnail-width":150,"thumbnail-height":150,"medium":"https:\/\/www.gedy.com\/wp-content\/uploads\/2023\/03\/38-300x300.jpg","medium-width":300,"medium-height":300,"medium_large":"https:\/\/www.gedy.com\/wp-content\/uploads\/2023\/03\/38.jpg","medium_large-width":300,"medium_large-height":300,"large":"https:\/\/www.gedy.com\/wp-content\/uploads\/2023\/03\/38.jpg","large-width":300,"large-height":300,"1536x1536":"https:\/\/www.gedy.com\/wp-content\/uploads\/2023\/03\/38.jpg","1536x1536-width":300,"1536x1536-height":300,"2048x2048":"https:\/\/www.gedy.com\/wp-content\/uploads\/2023\/03\/38.jpg","2048x2048-width":300,"2048x2048-height":300,"wptl-600x450":"https:\/\/www.gedy.com\/wp-content\/uploads\/2023\/03\/38.jpg","wptl-600x450-width":300,"wptl-600x450-height":300,"wptl-320x220":"https:\/\/www.gedy.com\/wp-content\/uploads\/2023\/03\/38-300x220.jpg","wptl-320x220-width":300,"wptl-320x220-height":220,"wptl-100x100":"https:\/\/www.gedy.com\/wp-content\/uploads\/2023\/03\/38-100x100.jpg","wptl-100x100-width":100,"wptl-100x100-height":100,"woocommerce_thumbnail":"https:\/\/www.gedy.com\/wp-content\/uploads\/2023\/03\/38-300x300.jpg","woocommerce_thumbnail-width":300,"woocommerce_thumbnail-height":300,"woocommerce_single":"https:\/\/www.gedy.com\/wp-content\/uploads\/2023\/03\/38.jpg","woocommerce_single-width":300,"woocommerce_single-height":300,"woocommerce_gallery_thumbnail":"https:\/\/www.gedy.com\/wp-content\/uploads\/2023\/03\/38-100x100.jpg","woocommerce_gallery_thumbnail-width":100,"woocommerce_gallery_thumbnail-height":100}},"novita":"novit\u00e0","finitura_3_codice":"","finitura_4_codice":""},"_links":{"self":[{"href":"https:\/\/www.gedy.com\/de\/wp-json\/wp\/v2\/product\/28394","targetHints":{"allow":["GET"]}}],"collection":[{"href":"https:\/\/www.gedy.com\/de\/wp-json\/wp\/v2\/product"}],"about":[{"href":"https:\/\/www.gedy.com\/de\/wp-json\/wp\/v2\/types\/product"}],"replies":[{"embeddable":true,"href":"https:\/\/www.gedy.com\/de\/wp-json\/wp\/v2\/comments?post=28394"}],"wp:featuredmedia":[{"embeddable":true,"href":"https:\/\/www.gedy.com\/de\/wp-json\/wp\/v2\/media\/114634"}],"wp:attachment":[{"href":"https:\/\/www.gedy.com\/de\/wp-json\/wp\/v2\/media?parent=28394"}],"wp:term":[{"taxonomy":"product_brand","embeddable":true,"href":"https:\/\/www.gedy.com\/de\/wp-json\/wp\/v2\/product_brand?post=28394"},{"taxonomy":"product_cat","embeddable":true,"href":"https:\/\/www.gedy.com\/de\/wp-json\/wp\/v2\/product_cat?post=28394"},{"taxonomy":"product_tag","embeddable":true,"href":"https:\/\/www.gedy.com\/de\/wp-json\/wp\/v2\/product_tag?post=28394"}],"curies":[{"name":"wp","href":"https:\/\/api.w.org\/{rel}","templated":true}]}}