{"id":27977,"date":"2023-07-24T15:40:57","date_gmt":"2023-07-24T15:40:57","guid":{"rendered":"https:\/\/www.gedy.com\/product\/tonga-zahnbuerstenhalter-mattes-weiss\/"},"modified":"2023-07-28T16:06:05","modified_gmt":"2023-07-28T16:06:05","slug":"tonga-zahnbuerstenhalter-mattes-weiss","status":"publish","type":"product","link":"https:\/\/www.gedy.com\/de\/prodotto\/tonga-zahnbuerstenhalter-mattes-weiss\/","title":{"rendered":"Tonga zahnb\u00fcrstenhalter mattes weiss"},"content":{"rendered":"","protected":false},"excerpt":{"rendered":"<p>Zahnb\u00fcrstenhalter mit beh\u00e4ltern aus satiniertem glas<\/p>\n","protected":false},"featured_media":38621,"comment_status":"open","ping_status":"closed","template":"","meta":{"_acf_changed":false,"_monsterinsights_skip_tracking":false,"_monsterinsights_sitenote_active":false,"_monsterinsights_sitenote_note":"","_monsterinsights_sitenote_category":0},"product_brand":[],"product_cat":[1243,3186,443],"product_tag":[],"class_list":{"0":"post-27977","1":"product","2":"type-product","3":"status-publish","4":"has-post-thumbnail","6":"product_cat-tonga-de","7":"product_cat-wand-zahnbuertsenhaltern-de-17","8":"product_cat-wandzubehoer","9":"pa_brand-gedy-de-2","10":"pa_filtri-novita-de","11":"pa_fissaggio-befestigung-mit-doppelseitigem-kleber","12":"pa_fissaggio-con-viti-de","13":"pa_materiale-cromall-de","14":"pa_materiale-rostfreier-stahl","16":"first","17":"instock","18":"shipping-taxable","19":"product-type-simple"},"acf":{"codice_breve_prodotto":"TO10","codice_esteso_prodotto":"0000TO100200100","capacita":"","materiale":"EDELSTAHL, CROMALL\u00ae","brand":"Gedy","fissaggio_2":"Mit SCHARAUBEN","fissaggio_3":"BEFESTIGUNG MIT DOPPELSEITIGEM KLEBER","misure_tecniche":"6,4X9,7X10,5","finitura_1_nome":"CHROM","finitura_1_codice":"14","idprodotto":"TO10","dimensione":"","finitura_2_codice":"","finitura_2_nome":"","finitura_3_nome":"","finitura_4_nome":"","universale":"","idoneo_al_gel_igienizzante":"","accorciabilita":"","reversibile":"","doccia":"","vasca":"","numero_getti":"","prodotto_riciclato":"","chiusura_soft_close":"","con_cornice":"","fattore_di_ingrandimento":"","novita":"novit\u00e0","finitura_1_immagine":false},"_links":{"self":[{"href":"https:\/\/www.gedy.com\/de\/wp-json\/wp\/v2\/product\/27977","targetHints":{"allow":["GET"]}}],"collection":[{"href":"https:\/\/www.gedy.com\/de\/wp-json\/wp\/v2\/product"}],"about":[{"href":"https:\/\/www.gedy.com\/de\/wp-json\/wp\/v2\/types\/product"}],"replies":[{"embeddable":true,"href":"https:\/\/www.gedy.com\/de\/wp-json\/wp\/v2\/comments?post=27977"}],"wp:featuredmedia":[{"embeddable":true,"href":"https:\/\/www.gedy.com\/de\/wp-json\/wp\/v2\/media\/38621"}],"wp:attachment":[{"href":"https:\/\/www.gedy.com\/de\/wp-json\/wp\/v2\/media?parent=27977"}],"wp:term":[{"taxonomy":"product_brand","embeddable":true,"href":"https:\/\/www.gedy.com\/de\/wp-json\/wp\/v2\/product_brand?post=27977"},{"taxonomy":"product_cat","embeddable":true,"href":"https:\/\/www.gedy.com\/de\/wp-json\/wp\/v2\/product_cat?post=27977"},{"taxonomy":"product_tag","embeddable":true,"href":"https:\/\/www.gedy.com\/de\/wp-json\/wp\/v2\/product_tag?post=27977"}],"curies":[{"name":"wp","href":"https:\/\/api.w.org\/{rel}","templated":true}]}}